{"id":63869,"date":"2025-02-14T10:28:46","date_gmt":"2025-02-14T09:28:46","guid":{"rendered":"https:\/\/elemente-clemente.de\/?post_type=product&#038;p=63869"},"modified":"2026-04-19T21:10:45","modified_gmt":"2026-04-19T19:10:45","slug":"shirt-diva-fs25-c15d605-123","status":"publish","type":"product","link":"https:\/\/elemente-clemente.de\/en\/shop\/fruehjahr-sommer-2025\/shirt-top\/shirt-diva-fs25-c15d605-123\/","title":{"rendered":"Shirt Diva aus 100% Leinen"},"content":{"rendered":"<p class=\"p1\">Kastig geschnittenes Shirt mit \u00fcberschnittenen Schultern<\/p>\n<p>Weiter Stehkragen<br \/>Kurze \u00c4rmel<br \/>Verk\u00fcrzte L\u00e4nge<br \/>Unser Modell ist 176 cm gro\u00df und tr\u00e4gt Gr\u00f6\u00dfe I<\/p>\n","protected":false},"excerpt":{"rendered":"<p>Kastig geschnittenes Shirt mit \u00fcberschnittenen Schultern Weiter StehkragenKurze \u00c4rmelVerk\u00fcrzte L\u00e4ngeUnser Modell ist 176 cm gro\u00df und tr\u00e4gt Gr\u00f6\u00dfe I<\/p>\n","protected":false},"featured_media":122438,"comment_status":"open","ping_status":"closed","template":"","meta":{"_acf_changed":false},"product_cat":[1083,1086],"product_tag":[],"class_list":{"0":"post-63869","1":"product","2":"type-product","3":"status-publish","4":"has-post-thumbnail","6":"product_cat-fruehjahr-sommer-2025","7":"product_cat-shirt-top","9":"first","10":"instock","11":"sale","12":"taxable","13":"shipping-taxable","14":"purchasable","15":"product-type-variable","16":"wvs-archive-product-wrapper"},"acf":[],"_links":{"self":[{"href":"https:\/\/elemente-clemente.de\/en\/wp-json\/wp\/v2\/product\/63869","targetHints":{"allow":["GET"]}}],"collection":[{"href":"https:\/\/elemente-clemente.de\/en\/wp-json\/wp\/v2\/product"}],"about":[{"href":"https:\/\/elemente-clemente.de\/en\/wp-json\/wp\/v2\/types\/product"}],"replies":[{"embeddable":true,"href":"https:\/\/elemente-clemente.de\/en\/wp-json\/wp\/v2\/comments?post=63869"}],"wp:featuredmedia":[{"embeddable":true,"href":"https:\/\/elemente-clemente.de\/en\/wp-json\/wp\/v2\/media\/122438"}],"wp:attachment":[{"href":"https:\/\/elemente-clemente.de\/en\/wp-json\/wp\/v2\/media?parent=63869"}],"wp:term":[{"taxonomy":"product_cat","embeddable":true,"href":"https:\/\/elemente-clemente.de\/en\/wp-json\/wp\/v2\/product_cat?post=63869"},{"taxonomy":"product_tag","embeddable":true,"href":"https:\/\/elemente-clemente.de\/en\/wp-json\/wp\/v2\/product_tag?post=63869"}],"curies":[{"name":"wp","href":"https:\/\/api.w.org\/{rel}","templated":true}]}}