{"id":63803,"date":"2025-02-14T09:32:36","date_gmt":"2025-02-14T08:32:36","guid":{"rendered":"https:\/\/elemente-clemente.de\/?post_type=product&#038;p=63803"},"modified":"2026-04-29T20:32:31","modified_gmt":"2026-04-29T18:32:31","slug":"pants-maki-fs25-c15d296-055","status":"publish","type":"product","link":"https:\/\/elemente-clemente.de\/en\/shop\/fruehjahr-sommer-2025\/hose-fruehjahr-sommer-2025\/pants-maki-fs25-c15d296-055\/","title":{"rendered":"Hose Maki aus 100% Leinen"},"content":{"rendered":"<p class=\"p1\">Lange, weite Hose an der H\u00fcfte anliegend<\/p>\n<p>Weites Bein<br \/>Vorne flacher, fester Taillenbund<br \/>Elastischer Gummizug im hinteren Bund<br \/>Seitliche Eingriffstaschen<br \/>Hohe Taille<\/p>\n<p>Unser Modell ist 170 cm gr0\u00df und tr\u00e4gt Gr\u00f6\u00dfe 1<\/p>\n","protected":false},"excerpt":{"rendered":"<p>Lange, weite Hose an der H\u00fcfte anliegend Weites BeinVorne flacher, fester TaillenbundElastischer Gummizug im hinteren BundSeitliche EingriffstaschenHohe Taille Unser Modell ist 170 cm gr0\u00df und tr\u00e4gt Gr\u00f6\u00dfe 1<\/p>\n","protected":false},"featured_media":122114,"comment_status":"open","ping_status":"closed","template":"","meta":{"_acf_changed":false},"product_cat":[1083,1084],"product_tag":[],"class_list":{"0":"post-63803","1":"product","2":"type-product","3":"status-publish","4":"has-post-thumbnail","6":"product_cat-fruehjahr-sommer-2025","7":"product_cat-hose-fruehjahr-sommer-2025","9":"first","10":"instock","11":"sale","12":"taxable","13":"shipping-taxable","14":"purchasable","15":"product-type-variable","16":"wvs-archive-product-wrapper"},"acf":[],"_links":{"self":[{"href":"https:\/\/elemente-clemente.de\/en\/wp-json\/wp\/v2\/product\/63803","targetHints":{"allow":["GET"]}}],"collection":[{"href":"https:\/\/elemente-clemente.de\/en\/wp-json\/wp\/v2\/product"}],"about":[{"href":"https:\/\/elemente-clemente.de\/en\/wp-json\/wp\/v2\/types\/product"}],"replies":[{"embeddable":true,"href":"https:\/\/elemente-clemente.de\/en\/wp-json\/wp\/v2\/comments?post=63803"}],"wp:featuredmedia":[{"embeddable":true,"href":"https:\/\/elemente-clemente.de\/en\/wp-json\/wp\/v2\/media\/122114"}],"wp:attachment":[{"href":"https:\/\/elemente-clemente.de\/en\/wp-json\/wp\/v2\/media?parent=63803"}],"wp:term":[{"taxonomy":"product_cat","embeddable":true,"href":"https:\/\/elemente-clemente.de\/en\/wp-json\/wp\/v2\/product_cat?post=63803"},{"taxonomy":"product_tag","embeddable":true,"href":"https:\/\/elemente-clemente.de\/en\/wp-json\/wp\/v2\/product_tag?post=63803"}],"curies":[{"name":"wp","href":"https:\/\/api.w.org\/{rel}","templated":true}]}}