{"id":63602,"date":"2025-02-11T23:04:58","date_gmt":"2025-02-11T22:04:58","guid":{"rendered":"https:\/\/elemente-clemente.de\/?post_type=product&#038;p=63602"},"modified":"2026-04-14T19:44:09","modified_gmt":"2026-04-14T17:44:09","slug":"blouse-tege-fs25-c15d134-1133","status":"publish","type":"product","link":"https:\/\/elemente-clemente.de\/en\/shop\/fruehjahr-sommer-2025\/bluse-fruehjahr-sommer-2025\/blouse-tege-fs25-c15d134-1133\/","title":{"rendered":"Bluse Tege aus 100% Leinen dip-dye"},"content":{"rendered":"<p>Kastig geschnittene Bluse<\/p>\n<ul>\n<li>Kleiner Kragen<\/li>\n<li>Fledermaus\u00e4rmel mit \u00c4rmellaschen<\/li>\n<li>Durchgehende Knopfleiste<\/li>\n<li>Vorne k\u00fcrzer und seitliche kleine Schlitze<\/li>\n<li>Unser Modell ist 174 cm gro\u00df und tr\u00e4gt Gr\u00f6\u00dfe I<\/li>\n<\/ul>\n","protected":false},"excerpt":{"rendered":"<p>Kastig geschnittene Bluse Kleiner Kragen Fledermaus\u00e4rmel mit \u00c4rmellaschen Durchgehende Knopfleiste Vorne k\u00fcrzer und seitliche kleine Schlitze Unser Modell ist 174 cm gro\u00df und tr\u00e4gt Gr\u00f6\u00dfe I<\/p>\n","protected":false},"featured_media":121746,"comment_status":"open","ping_status":"closed","template":"","meta":{"_acf_changed":false},"product_cat":[1083,1085],"product_tag":[999],"class_list":{"0":"post-63602","1":"product","2":"type-product","3":"status-publish","4":"has-post-thumbnail","6":"product_cat-fruehjahr-sommer-2025","7":"product_cat-bluse-fruehjahr-sommer-2025","8":"product_tag-leinen","10":"first","11":"instock","12":"sale","13":"taxable","14":"shipping-taxable","15":"purchasable","16":"product-type-variable","17":"wvs-archive-product-wrapper"},"acf":[],"_links":{"self":[{"href":"https:\/\/elemente-clemente.de\/en\/wp-json\/wp\/v2\/product\/63602","targetHints":{"allow":["GET"]}}],"collection":[{"href":"https:\/\/elemente-clemente.de\/en\/wp-json\/wp\/v2\/product"}],"about":[{"href":"https:\/\/elemente-clemente.de\/en\/wp-json\/wp\/v2\/types\/product"}],"replies":[{"embeddable":true,"href":"https:\/\/elemente-clemente.de\/en\/wp-json\/wp\/v2\/comments?post=63602"}],"wp:featuredmedia":[{"embeddable":true,"href":"https:\/\/elemente-clemente.de\/en\/wp-json\/wp\/v2\/media\/121746"}],"wp:attachment":[{"href":"https:\/\/elemente-clemente.de\/en\/wp-json\/wp\/v2\/media?parent=63602"}],"wp:term":[{"taxonomy":"product_cat","embeddable":true,"href":"https:\/\/elemente-clemente.de\/en\/wp-json\/wp\/v2\/product_cat?post=63602"},{"taxonomy":"product_tag","embeddable":true,"href":"https:\/\/elemente-clemente.de\/en\/wp-json\/wp\/v2\/product_tag?post=63602"}],"curies":[{"name":"wp","href":"https:\/\/api.w.org\/{rel}","templated":true}]}}