{"id":63541,"date":"2025-02-11T21:51:25","date_gmt":"2025-02-11T20:51:25","guid":{"rendered":"https:\/\/elemente-clemente.de\/?post_type=product&#038;p=63541"},"modified":"2026-04-29T19:38:12","modified_gmt":"2026-04-29T17:38:12","slug":"blouse-tege-fs25-c15d134-055","status":"publish","type":"product","link":"https:\/\/elemente-clemente.de\/en\/shop\/fruehjahr-sommer-2025\/bluse-fruehjahr-sommer-2025\/blouse-tege-fs25-c15d134-055\/","title":{"rendered":"Bluse Tege aus 100% Leinen"},"content":{"rendered":"<p class=\"p1\">Kastig geschnittene Bluse<\/p>\n<p>kleiner Kragen<br \/>Fledermaus\u00e4rmel mit \u00c4rmellaschen<br \/>durchgehende Knopfleiste<br \/>vorne k\u00fcrzer und seitliche kleine Schlitze<\/p>\n","protected":false},"excerpt":{"rendered":"<p>Kastig geschnittene Bluse kleiner KragenFledermaus\u00e4rmel mit \u00c4rmellaschendurchgehende Knopfleistevorne k\u00fcrzer und seitliche kleine Schlitze<\/p>\n","protected":false},"featured_media":121736,"comment_status":"open","ping_status":"closed","template":"","meta":{"_acf_changed":false},"product_cat":[1083,1085],"product_tag":[],"class_list":{"0":"post-63541","1":"product","2":"type-product","3":"status-publish","4":"has-post-thumbnail","6":"product_cat-fruehjahr-sommer-2025","7":"product_cat-bluse-fruehjahr-sommer-2025","9":"first","10":"instock","11":"sale","12":"taxable","13":"shipping-taxable","14":"purchasable","15":"product-type-variable","16":"wvs-archive-product-wrapper"},"acf":[],"_links":{"self":[{"href":"https:\/\/elemente-clemente.de\/en\/wp-json\/wp\/v2\/product\/63541","targetHints":{"allow":["GET"]}}],"collection":[{"href":"https:\/\/elemente-clemente.de\/en\/wp-json\/wp\/v2\/product"}],"about":[{"href":"https:\/\/elemente-clemente.de\/en\/wp-json\/wp\/v2\/types\/product"}],"replies":[{"embeddable":true,"href":"https:\/\/elemente-clemente.de\/en\/wp-json\/wp\/v2\/comments?post=63541"}],"wp:featuredmedia":[{"embeddable":true,"href":"https:\/\/elemente-clemente.de\/en\/wp-json\/wp\/v2\/media\/121736"}],"wp:attachment":[{"href":"https:\/\/elemente-clemente.de\/en\/wp-json\/wp\/v2\/media?parent=63541"}],"wp:term":[{"taxonomy":"product_cat","embeddable":true,"href":"https:\/\/elemente-clemente.de\/en\/wp-json\/wp\/v2\/product_cat?post=63541"},{"taxonomy":"product_tag","embeddable":true,"href":"https:\/\/elemente-clemente.de\/en\/wp-json\/wp\/v2\/product_tag?post=63541"}],"curies":[{"name":"wp","href":"https:\/\/api.w.org\/{rel}","templated":true}]}}