{"id":63438,"date":"2025-02-11T16:41:41","date_gmt":"2025-02-11T15:41:41","guid":{"rendered":"https:\/\/elemente-clemente.de\/?post_type=product&#038;p=63438"},"modified":"2026-04-29T19:30:28","modified_gmt":"2026-04-29T17:30:28","slug":"blouse-kabo-fs25-c15d121-055","status":"publish","type":"product","link":"https:\/\/elemente-clemente.de\/en\/shop\/fruehjahr-sommer-2025\/bluse-fruehjahr-sommer-2025\/blouse-kabo-fs25-c15d121-055\/","title":{"rendered":"Bluse Kabo aus 100% Leinen"},"content":{"rendered":"<p class=\"p1\">Klassische, oversize Hemdbluse<\/p>\n<p>Lange \u00c4rmel<br \/>Klassischer Hemdblusenschnitt<br \/>Seitliche Schlitze Seitenschlitzen am Saum und quadratischen<br \/>Aufgesetzten Brusttaschen.<br \/>Hinten etwas l\u00e4nger geschnitten.<br \/>Unser Modell ist 174 cm gro\u00df und tr\u00e4gt Gr\u00f6\u00dfe I<\/p>\n","protected":false},"excerpt":{"rendered":"<p>Klassische, oversize Hemdbluse Lange \u00c4rmelKlassischer HemdblusenschnittSeitliche Schlitze Seitenschlitzen am Saum und quadratischenAufgesetzten Brusttaschen.Hinten etwas l\u00e4nger geschnitten.Unser Modell ist 174 cm gro\u00df und tr\u00e4gt Gr\u00f6\u00dfe I<\/p>\n","protected":false},"featured_media":121655,"comment_status":"open","ping_status":"closed","template":"","meta":{"_acf_changed":false},"product_cat":[1083,1085],"product_tag":[],"class_list":{"0":"post-63438","1":"product","2":"type-product","3":"status-publish","4":"has-post-thumbnail","6":"product_cat-fruehjahr-sommer-2025","7":"product_cat-bluse-fruehjahr-sommer-2025","9":"first","10":"instock","11":"sale","12":"taxable","13":"shipping-taxable","14":"purchasable","15":"product-type-variable","16":"wvs-archive-product-wrapper"},"acf":[],"_links":{"self":[{"href":"https:\/\/elemente-clemente.de\/en\/wp-json\/wp\/v2\/product\/63438","targetHints":{"allow":["GET"]}}],"collection":[{"href":"https:\/\/elemente-clemente.de\/en\/wp-json\/wp\/v2\/product"}],"about":[{"href":"https:\/\/elemente-clemente.de\/en\/wp-json\/wp\/v2\/types\/product"}],"replies":[{"embeddable":true,"href":"https:\/\/elemente-clemente.de\/en\/wp-json\/wp\/v2\/comments?post=63438"}],"wp:featuredmedia":[{"embeddable":true,"href":"https:\/\/elemente-clemente.de\/en\/wp-json\/wp\/v2\/media\/121655"}],"wp:attachment":[{"href":"https:\/\/elemente-clemente.de\/en\/wp-json\/wp\/v2\/media?parent=63438"}],"wp:term":[{"taxonomy":"product_cat","embeddable":true,"href":"https:\/\/elemente-clemente.de\/en\/wp-json\/wp\/v2\/product_cat?post=63438"},{"taxonomy":"product_tag","embeddable":true,"href":"https:\/\/elemente-clemente.de\/en\/wp-json\/wp\/v2\/product_tag?post=63438"}],"curies":[{"name":"wp","href":"https:\/\/api.w.org\/{rel}","templated":true}]}}