{"id":62548,"date":"2025-01-22T07:49:39","date_gmt":"2025-01-22T06:49:39","guid":{"rendered":"https:\/\/elemente-clemente.de\/?post_type=product&#038;p=62548"},"modified":"2026-04-28T02:09:57","modified_gmt":"2026-04-28T00:09:57","slug":"shirt-neele-hw0-u2d651-1142","status":"publish","type":"product","link":"https:\/\/elemente-clemente.de\/en\/shop\/frauuuhlig\/shirt-neele-hw0-u2d651-1142\/","title":{"rendered":"Sweatshirt Neele mit Denim Digitaldruck"},"content":{"rendered":"<p>L\u00e4ssig weites Shirt aus Bio-Baumwolle mit Denim Digitaldruck.<br \/>\nOversized geschnitten mit Rundhalsausschnitt<br \/>\nDie zwei seitlichen Dreieckselemente vorne und hinten am Saum kreieren wie gewohnt eine Passform, die der Figur schmeichelt.<\/p>\n<p>Elena tr\u00e4gt die Gr\u00f6\u00dfe &#8220;sch\u00f6n weiblich&#8221; (3) mit folgenden Schnittma\u00dfen:<\/p>\n<p>1\/2 Oberweite und 1\/2 Saumweite: 64cm<br \/>\nR\u00fcckenl\u00e4nge:71cm<\/p>\n<p>&nbsp;<\/p>\n","protected":false},"excerpt":{"rendered":"<p>L\u00e4ssig weit geschnittenes Shirt aus 100% Bio-Baumwolle<\/p>\n","protected":false},"featured_media":62561,"comment_status":"open","ping_status":"closed","template":"","meta":{"_acf_changed":false},"product_cat":[923],"product_tag":[],"class_list":{"0":"post-62548","1":"product","2":"type-product","3":"status-publish","4":"has-post-thumbnail","6":"product_cat-frauuuhlig","8":"first","9":"outofstock","10":"sale","11":"taxable","12":"shipping-taxable","13":"purchasable","14":"product-type-variable","15":"wvs-archive-product-wrapper"},"acf":[],"_links":{"self":[{"href":"https:\/\/elemente-clemente.de\/en\/wp-json\/wp\/v2\/product\/62548","targetHints":{"allow":["GET"]}}],"collection":[{"href":"https:\/\/elemente-clemente.de\/en\/wp-json\/wp\/v2\/product"}],"about":[{"href":"https:\/\/elemente-clemente.de\/en\/wp-json\/wp\/v2\/types\/product"}],"replies":[{"embeddable":true,"href":"https:\/\/elemente-clemente.de\/en\/wp-json\/wp\/v2\/comments?post=62548"}],"wp:featuredmedia":[{"embeddable":true,"href":"https:\/\/elemente-clemente.de\/en\/wp-json\/wp\/v2\/media\/62561"}],"wp:attachment":[{"href":"https:\/\/elemente-clemente.de\/en\/wp-json\/wp\/v2\/media?parent=62548"}],"wp:term":[{"taxonomy":"product_cat","embeddable":true,"href":"https:\/\/elemente-clemente.de\/en\/wp-json\/wp\/v2\/product_cat?post=62548"},{"taxonomy":"product_tag","embeddable":true,"href":"https:\/\/elemente-clemente.de\/en\/wp-json\/wp\/v2\/product_tag?post=62548"}],"curies":[{"name":"wp","href":"https:\/\/api.w.org\/{rel}","templated":true}]}}