{"id":59791,"date":"2024-07-25T16:36:43","date_gmt":"2024-07-25T14:36:43","guid":{"rendered":"https:\/\/elemente-clemente.de\/?post_type=product&#038;p=59791"},"modified":"2026-04-24T02:34:48","modified_gmt":"2026-04-24T00:34:48","slug":"hose-kidava-mit-denim-digitaldruck","status":"publish","type":"product","link":"https:\/\/elemente-clemente.de\/en\/shop\/herbst-winter-2024\/hose-herbst-winter-2024\/hose-kidava-mit-denim-digitaldruck\/","title":{"rendered":"HOSE KIDAVA MIT DENIM DIGITALDRUCK"},"content":{"rendered":"<ul>\n<li>L\u00e4ssige, weite Hose mit seitlich aufgesetzten Blasebalg Taschen<\/li>\n<li>Fester Bund vorne mit Knopf und Rei\u00dfverschluss<\/li>\n<li>Gummizug im hinteren Bund<\/li>\n<li>Digitaldruck im Denim-Look mit nachhaltigen Farben auf Wasserbasis<\/li>\n<li>Unser Modell ist 176 cm gro\u00df und tr\u00e4gt Gr\u00f6\u00dfe 1<\/li>\n<\/ul>\n","protected":false},"excerpt":{"rendered":"<p>L\u00e4ssige, weite Hose mit seitlich aufgesetzten Blasebalg Taschen Fester Bund vorne mit Knopf und Rei\u00dfverschluss Gummizug im hinteren Bund Digitaldruck im Denim-Look mit nachhaltigen Farben auf Wasserbasis Unser Modell ist 176 cm gro\u00df und tr\u00e4gt Gr\u00f6\u00dfe 1<\/p>\n","protected":false},"featured_media":59806,"comment_status":"closed","ping_status":"closed","template":"","meta":{"_acf_changed":false},"product_cat":[1045,1046],"product_tag":[1079],"class_list":{"0":"post-59791","1":"product","2":"type-product","3":"status-publish","4":"has-post-thumbnail","6":"product_cat-herbst-winter-2024","7":"product_cat-hose-herbst-winter-2024","8":"product_tag-recycelter-twill","10":"first","11":"outofstock","12":"sale","13":"taxable","14":"shipping-taxable","15":"purchasable","16":"product-type-variable","17":"wvs-archive-product-wrapper"},"acf":[],"_links":{"self":[{"href":"https:\/\/elemente-clemente.de\/en\/wp-json\/wp\/v2\/product\/59791","targetHints":{"allow":["GET"]}}],"collection":[{"href":"https:\/\/elemente-clemente.de\/en\/wp-json\/wp\/v2\/product"}],"about":[{"href":"https:\/\/elemente-clemente.de\/en\/wp-json\/wp\/v2\/types\/product"}],"replies":[{"embeddable":true,"href":"https:\/\/elemente-clemente.de\/en\/wp-json\/wp\/v2\/comments?post=59791"}],"wp:featuredmedia":[{"embeddable":true,"href":"https:\/\/elemente-clemente.de\/en\/wp-json\/wp\/v2\/media\/59806"}],"wp:attachment":[{"href":"https:\/\/elemente-clemente.de\/en\/wp-json\/wp\/v2\/media?parent=59791"}],"wp:term":[{"taxonomy":"product_cat","embeddable":true,"href":"https:\/\/elemente-clemente.de\/en\/wp-json\/wp\/v2\/product_cat?post=59791"},{"taxonomy":"product_tag","embeddable":true,"href":"https:\/\/elemente-clemente.de\/en\/wp-json\/wp\/v2\/product_tag?post=59791"}],"curies":[{"name":"wp","href":"https:\/\/api.w.org\/{rel}","templated":true}]}}