{"id":59663,"date":"2024-07-25T12:14:14","date_gmt":"2024-07-25T10:14:14","guid":{"rendered":"https:\/\/elemente-clemente.de\/?post_type=product&#038;p=59663"},"modified":"2026-04-24T03:39:47","modified_gmt":"2026-04-24T01:39:47","slug":"shirt-vari-aus-strukturware-mit-nadelstreifen","status":"publish","type":"product","link":"https:\/\/elemente-clemente.de\/en\/shop\/herbst-winter-2024\/shirt-top-herbst-winter-2024\/shirt-vari-aus-strukturware-mit-nadelstreifen\/","title":{"rendered":"SHIRT VARI AUS STRUKTURWARE MIT NADELSTREIFEN"},"content":{"rendered":"<ul>\n<li>Unser Modell ist 170 cm gro\u00df und tr\u00e4gt Gr\u00f6\u00dfe I<\/li>\n<\/ul>\n","protected":false},"excerpt":{"rendered":"<p>Unser Modell ist 170 cm gro\u00df und tr\u00e4gt Gr\u00f6\u00dfe I<\/p>\n","protected":false},"featured_media":59701,"comment_status":"closed","ping_status":"closed","template":"","meta":{"_acf_changed":false},"product_cat":[1045,1048],"product_tag":[971],"class_list":{"0":"post-59663","1":"product","2":"type-product","3":"status-publish","4":"has-post-thumbnail","6":"product_cat-herbst-winter-2024","7":"product_cat-shirt-top-herbst-winter-2024","8":"product_tag-baumwolle","10":"first","11":"instock","12":"sale","13":"taxable","14":"shipping-taxable","15":"purchasable","16":"product-type-variable","17":"wvs-archive-product-wrapper"},"acf":[],"_links":{"self":[{"href":"https:\/\/elemente-clemente.de\/en\/wp-json\/wp\/v2\/product\/59663","targetHints":{"allow":["GET"]}}],"collection":[{"href":"https:\/\/elemente-clemente.de\/en\/wp-json\/wp\/v2\/product"}],"about":[{"href":"https:\/\/elemente-clemente.de\/en\/wp-json\/wp\/v2\/types\/product"}],"replies":[{"embeddable":true,"href":"https:\/\/elemente-clemente.de\/en\/wp-json\/wp\/v2\/comments?post=59663"}],"wp:featuredmedia":[{"embeddable":true,"href":"https:\/\/elemente-clemente.de\/en\/wp-json\/wp\/v2\/media\/59701"}],"wp:attachment":[{"href":"https:\/\/elemente-clemente.de\/en\/wp-json\/wp\/v2\/media?parent=59663"}],"wp:term":[{"taxonomy":"product_cat","embeddable":true,"href":"https:\/\/elemente-clemente.de\/en\/wp-json\/wp\/v2\/product_cat?post=59663"},{"taxonomy":"product_tag","embeddable":true,"href":"https:\/\/elemente-clemente.de\/en\/wp-json\/wp\/v2\/product_tag?post=59663"}],"curies":[{"name":"wp","href":"https:\/\/api.w.org\/{rel}","templated":true}]}}