{"id":59638,"date":"2024-07-25T11:07:16","date_gmt":"2024-07-25T09:07:16","guid":{"rendered":"https:\/\/elemente-clemente.de\/?post_type=product&#038;p=59638"},"modified":"2026-04-30T03:28:03","modified_gmt":"2026-04-30T01:28:03","slug":"rock-helke-aus-strukturware-mit-nadelstreifen","status":"publish","type":"product","link":"https:\/\/elemente-clemente.de\/en\/shop\/herbst-winter-2024\/kleid-rock-herbst-winter-2024\/rock-helke-aus-strukturware-mit-nadelstreifen\/","title":{"rendered":"ROCK HELKE AUS STRUKTURWARE MIT NADELSTREIFEN"},"content":{"rendered":"<p>O-f\u00f6rmiger, bequemer Rock in Midi-L\u00e4nge<\/p>\n<ul>\n<li>Breiter, elastischer Bund<\/li>\n<li>Dekorative Stoffeins\u00e4tze<\/li>\n<li>Optional zum Hochkrempeln<\/li>\n<li>Unser Modell ist 170 cm gro\u00df und tr\u00e4gt Gr\u00f6\u00dfe 1<\/li>\n<\/ul>\n","protected":false},"excerpt":{"rendered":"<p>O-f\u00f6rmiger, bequemer Rock in Midi-L\u00e4nge Breiter, elastischer Bund Dekorative Stoffeins\u00e4tze Optional zum Hochkrempeln Unser Modell ist 170 cm gro\u00df und tr\u00e4gt Gr\u00f6\u00dfe 1<\/p>\n","protected":false},"featured_media":59658,"comment_status":"closed","ping_status":"closed","template":"","meta":{"_acf_changed":false},"product_cat":[1045,1049],"product_tag":[],"class_list":{"0":"post-59638","1":"product","2":"type-product","3":"status-publish","4":"has-post-thumbnail","6":"product_cat-herbst-winter-2024","7":"product_cat-kleid-rock-herbst-winter-2024","9":"first","10":"outofstock","11":"sale","12":"taxable","13":"shipping-taxable","14":"purchasable","15":"product-type-variable","16":"wvs-archive-product-wrapper"},"acf":[],"_links":{"self":[{"href":"https:\/\/elemente-clemente.de\/en\/wp-json\/wp\/v2\/product\/59638","targetHints":{"allow":["GET"]}}],"collection":[{"href":"https:\/\/elemente-clemente.de\/en\/wp-json\/wp\/v2\/product"}],"about":[{"href":"https:\/\/elemente-clemente.de\/en\/wp-json\/wp\/v2\/types\/product"}],"replies":[{"embeddable":true,"href":"https:\/\/elemente-clemente.de\/en\/wp-json\/wp\/v2\/comments?post=59638"}],"wp:featuredmedia":[{"embeddable":true,"href":"https:\/\/elemente-clemente.de\/en\/wp-json\/wp\/v2\/media\/59658"}],"wp:attachment":[{"href":"https:\/\/elemente-clemente.de\/en\/wp-json\/wp\/v2\/media?parent=59638"}],"wp:term":[{"taxonomy":"product_cat","embeddable":true,"href":"https:\/\/elemente-clemente.de\/en\/wp-json\/wp\/v2\/product_cat?post=59638"},{"taxonomy":"product_tag","embeddable":true,"href":"https:\/\/elemente-clemente.de\/en\/wp-json\/wp\/v2\/product_tag?post=59638"}],"curies":[{"name":"wp","href":"https:\/\/api.w.org\/{rel}","templated":true}]}}