{"id":59613,"date":"2024-07-25T10:38:43","date_gmt":"2024-07-25T08:38:43","guid":{"rendered":"https:\/\/elemente-clemente.de\/?post_type=product&#038;p=59613"},"modified":"2026-04-24T02:28:35","modified_gmt":"2026-04-24T00:28:35","slug":"hose-maki-aus-strukturware-mit-nadelstreifen","status":"publish","type":"product","link":"https:\/\/elemente-clemente.de\/en\/shop\/herbst-winter-2024\/hose-herbst-winter-2024\/hose-maki-aus-strukturware-mit-nadelstreifen\/","title":{"rendered":"Hose MAKI AUS STRUKTURWARE MIT NADELSTREIFEN"},"content":{"rendered":"<p>Lange, weite Hose an der H\u00fcfte anliegend<\/p>\n<ul>\n<li>\u00a0Weites Bein<\/li>\n<li>Vorne flacher, fester Taillenbund<\/li>\n<li>Elastischer Gummizug im hinteren Bund<\/li>\n<li>Seitliche Eingriffstaschen<\/li>\n<li>Hohe Taille<\/li>\n<li>Unser Modell ist 170 cm gro\u00df und tr\u00e4gt Gr\u00f6\u00dfe 1<\/li>\n<\/ul>\n","protected":false},"excerpt":{"rendered":"<p>Lange, weite Hose an der H\u00fcfte anliegend \u00a0Weites Bein Vorne flacher, fester Taillenbund Elastischer Gummizug im hinteren Bund Seitliche Eingriffstaschen Hohe Taille Unser Modell ist 170 cm gro\u00df und tr\u00e4gt Gr\u00f6\u00dfe 1<\/p>\n","protected":false},"featured_media":59636,"comment_status":"closed","ping_status":"closed","template":"","meta":{"_acf_changed":false},"product_cat":[1045,1046],"product_tag":[971],"class_list":{"0":"post-59613","1":"product","2":"type-product","3":"status-publish","4":"has-post-thumbnail","6":"product_cat-herbst-winter-2024","7":"product_cat-hose-herbst-winter-2024","8":"product_tag-baumwolle","10":"first","11":"outofstock","12":"sale","13":"taxable","14":"shipping-taxable","15":"purchasable","16":"product-type-variable","17":"wvs-archive-product-wrapper"},"acf":[],"_links":{"self":[{"href":"https:\/\/elemente-clemente.de\/en\/wp-json\/wp\/v2\/product\/59613","targetHints":{"allow":["GET"]}}],"collection":[{"href":"https:\/\/elemente-clemente.de\/en\/wp-json\/wp\/v2\/product"}],"about":[{"href":"https:\/\/elemente-clemente.de\/en\/wp-json\/wp\/v2\/types\/product"}],"replies":[{"embeddable":true,"href":"https:\/\/elemente-clemente.de\/en\/wp-json\/wp\/v2\/comments?post=59613"}],"wp:featuredmedia":[{"embeddable":true,"href":"https:\/\/elemente-clemente.de\/en\/wp-json\/wp\/v2\/media\/59636"}],"wp:attachment":[{"href":"https:\/\/elemente-clemente.de\/en\/wp-json\/wp\/v2\/media?parent=59613"}],"wp:term":[{"taxonomy":"product_cat","embeddable":true,"href":"https:\/\/elemente-clemente.de\/en\/wp-json\/wp\/v2\/product_cat?post=59613"},{"taxonomy":"product_tag","embeddable":true,"href":"https:\/\/elemente-clemente.de\/en\/wp-json\/wp\/v2\/product_tag?post=59613"}],"curies":[{"name":"wp","href":"https:\/\/api.w.org\/{rel}","templated":true}]}}