{"id":59546,"date":"2024-07-23T15:11:24","date_gmt":"2024-07-23T13:11:24","guid":{"rendered":"https:\/\/elemente-clemente.de\/?post_type=product&#038;p=59546"},"modified":"2026-04-30T02:55:51","modified_gmt":"2026-04-30T00:55:51","slug":"kleid-maleha-aus-strukturware-mit-nadelstreifen","status":"publish","type":"product","link":"https:\/\/elemente-clemente.de\/en\/shop\/herbst-winter-2024\/kleid-rock-herbst-winter-2024\/kleid-maleha-aus-strukturware-mit-nadelstreifen\/","title":{"rendered":"KLEID MALEHA AUS STRUKTURWARE MIT NADELSTREIFEN"},"content":{"rendered":"<ul>\n<li>Rundhalsausschnitt<\/li>\n<li>Seitliche Taschen<\/li>\n<li>Verdeckte, durchgehende Knopfleiste<\/li>\n<li>Leichte R\u00fcsche ab der Taillennaht<\/li>\n<li>Unser Modell ist 176 cm gro\u00df und tr\u00e4gt Gr\u00f6\u00dfe 1<\/li>\n<\/ul>\n","protected":false},"excerpt":{"rendered":"<p>Rundhalsausschnitt Seitliche Taschen Verdeckte, durchgehende Knopfleiste Leichte R\u00fcsche ab der Taillennaht Unser Modell ist 176 cm gro\u00df und tr\u00e4gt Gr\u00f6\u00dfe 1<\/p>\n","protected":false},"featured_media":59569,"comment_status":"closed","ping_status":"closed","template":"","meta":{"_acf_changed":false},"product_cat":[1045,1049],"product_tag":[971],"class_list":{"0":"post-59546","1":"product","2":"type-product","3":"status-publish","4":"has-post-thumbnail","6":"product_cat-herbst-winter-2024","7":"product_cat-kleid-rock-herbst-winter-2024","8":"product_tag-baumwolle","10":"first","11":"outofstock","12":"sale","13":"taxable","14":"shipping-taxable","15":"purchasable","16":"product-type-variable","17":"wvs-archive-product-wrapper"},"acf":[],"_links":{"self":[{"href":"https:\/\/elemente-clemente.de\/en\/wp-json\/wp\/v2\/product\/59546","targetHints":{"allow":["GET"]}}],"collection":[{"href":"https:\/\/elemente-clemente.de\/en\/wp-json\/wp\/v2\/product"}],"about":[{"href":"https:\/\/elemente-clemente.de\/en\/wp-json\/wp\/v2\/types\/product"}],"replies":[{"embeddable":true,"href":"https:\/\/elemente-clemente.de\/en\/wp-json\/wp\/v2\/comments?post=59546"}],"wp:featuredmedia":[{"embeddable":true,"href":"https:\/\/elemente-clemente.de\/en\/wp-json\/wp\/v2\/media\/59569"}],"wp:attachment":[{"href":"https:\/\/elemente-clemente.de\/en\/wp-json\/wp\/v2\/media?parent=59546"}],"wp:term":[{"taxonomy":"product_cat","embeddable":true,"href":"https:\/\/elemente-clemente.de\/en\/wp-json\/wp\/v2\/product_cat?post=59546"},{"taxonomy":"product_tag","embeddable":true,"href":"https:\/\/elemente-clemente.de\/en\/wp-json\/wp\/v2\/product_tag?post=59546"}],"curies":[{"name":"wp","href":"https:\/\/api.w.org\/{rel}","templated":true}]}}