{"id":59414,"date":"2024-07-19T20:11:28","date_gmt":"2024-07-19T18:11:28","guid":{"rendered":"https:\/\/elemente-clemente.de\/?post_type=product&#038;p=59414"},"modified":"2026-04-06T03:10:34","modified_gmt":"2026-04-06T01:10:34","slug":"shirt-fune-mit-digitaldruck","status":"publish","type":"product","link":"https:\/\/elemente-clemente.de\/en\/shop\/herbst-winter-2024\/shirt-top-herbst-winter-2024\/shirt-fune-mit-digitaldruck\/","title":{"rendered":"SHIRT FUNE MIT DIGITALDRUCK"},"content":{"rendered":"<ul>\n<li>Schmales, kurzes Sweatshirt mit Digitaldruck<\/li>\n<li>norwegische Strickmuster auf Sweatware gedruckt<\/li>\n<li>schmaler Stehkragen<\/li>\n<\/ul>\n<ul>\n<li>Unser Modell ist 170 cm gro\u00df und tr\u00e4gt Gr\u00f6\u00dfe 1<\/li>\n<\/ul>\n","protected":false},"excerpt":{"rendered":"<p>Schmales, kurzes Sweatshirt mit Digitaldruck norwegische Strickmuster auf Sweatware gedruckt schmaler Stehkragen Unser Modell ist 170 cm gro\u00df und tr\u00e4gt Gr\u00f6\u00dfe 1<\/p>\n","protected":false},"featured_media":59441,"comment_status":"closed","ping_status":"closed","template":"","meta":{"_acf_changed":false},"product_cat":[1045,1048],"product_tag":[971],"class_list":{"0":"post-59414","1":"product","2":"type-product","3":"status-publish","4":"has-post-thumbnail","6":"product_cat-herbst-winter-2024","7":"product_cat-shirt-top-herbst-winter-2024","8":"product_tag-baumwolle","10":"first","11":"outofstock","12":"sale","13":"taxable","14":"shipping-taxable","15":"purchasable","16":"product-type-variable","17":"wvs-archive-product-wrapper"},"acf":[],"_links":{"self":[{"href":"https:\/\/elemente-clemente.de\/en\/wp-json\/wp\/v2\/product\/59414","targetHints":{"allow":["GET"]}}],"collection":[{"href":"https:\/\/elemente-clemente.de\/en\/wp-json\/wp\/v2\/product"}],"about":[{"href":"https:\/\/elemente-clemente.de\/en\/wp-json\/wp\/v2\/types\/product"}],"replies":[{"embeddable":true,"href":"https:\/\/elemente-clemente.de\/en\/wp-json\/wp\/v2\/comments?post=59414"}],"wp:featuredmedia":[{"embeddable":true,"href":"https:\/\/elemente-clemente.de\/en\/wp-json\/wp\/v2\/media\/59441"}],"wp:attachment":[{"href":"https:\/\/elemente-clemente.de\/en\/wp-json\/wp\/v2\/media?parent=59414"}],"wp:term":[{"taxonomy":"product_cat","embeddable":true,"href":"https:\/\/elemente-clemente.de\/en\/wp-json\/wp\/v2\/product_cat?post=59414"},{"taxonomy":"product_tag","embeddable":true,"href":"https:\/\/elemente-clemente.de\/en\/wp-json\/wp\/v2\/product_tag?post=59414"}],"curies":[{"name":"wp","href":"https:\/\/api.w.org\/{rel}","templated":true}]}}