{"id":59121,"date":"2024-07-15T09:40:48","date_gmt":"2024-07-15T07:40:48","guid":{"rendered":"https:\/\/elemente-clemente.de\/?post_type=product&#038;p=59121"},"modified":"2026-04-21T03:08:29","modified_gmt":"2026-04-21T01:08:29","slug":"jacke-beloha-aus-sardischer-wolle","status":"publish","type":"product","link":"https:\/\/elemente-clemente.de\/en\/shop\/herbst-winter-2024\/jacke-mantel-herbst-winter-2024\/jacke-beloha-aus-sardischer-wolle\/","title":{"rendered":"JACKE BELOHA AUS SARDISCHER WOLLE"},"content":{"rendered":"<ul>\n<li>Blouson Jacke mit schmalem Stehkragen<\/li>\n<li>Innenfutter aus gestreiftem Popeline 97% Bio &#8211; Baumwolle 3% Elasthan<\/li>\n<li>2-Wege-Rei\u00dfverschlu\u00df<\/li>\n<li>Hinten etwas l\u00e4nger mit abgerundetem Saum<\/li>\n<li>R\u00fcckteil mit Quetschfalte<\/li>\n<li>Unser Modell ist 170 cm gro\u00df und tr\u00e4gt Gr\u00f6\u00dfe 1<\/li>\n<\/ul>\n","protected":false},"excerpt":{"rendered":"<p>Blouson Jacke mit schmalem Stehkragen Innenfutter aus gestreiftem Popeline 97% Bio &#8211; Baumwolle 3% Elasthan 2-Wege-Rei\u00dfverschlu\u00df Hinten etwas l\u00e4nger mit abgerundetem Saum R\u00fcckteil mit Quetschfalte Unser Modell ist 170 cm gro\u00df und tr\u00e4gt Gr\u00f6\u00dfe 1<\/p>\n","protected":false},"featured_media":59153,"comment_status":"closed","ping_status":"closed","template":"","meta":{"_acf_changed":false},"product_cat":[1045,1050],"product_tag":[1078],"class_list":{"0":"post-59121","1":"product","2":"type-product","3":"status-publish","4":"has-post-thumbnail","6":"product_cat-herbst-winter-2024","7":"product_cat-jacke-mantel-herbst-winter-2024","8":"product_tag-sardische-wolle","10":"first","11":"outofstock","12":"sale","13":"taxable","14":"shipping-taxable","15":"purchasable","16":"product-type-variable","17":"wvs-archive-product-wrapper"},"acf":[],"_links":{"self":[{"href":"https:\/\/elemente-clemente.de\/en\/wp-json\/wp\/v2\/product\/59121","targetHints":{"allow":["GET"]}}],"collection":[{"href":"https:\/\/elemente-clemente.de\/en\/wp-json\/wp\/v2\/product"}],"about":[{"href":"https:\/\/elemente-clemente.de\/en\/wp-json\/wp\/v2\/types\/product"}],"replies":[{"embeddable":true,"href":"https:\/\/elemente-clemente.de\/en\/wp-json\/wp\/v2\/comments?post=59121"}],"wp:featuredmedia":[{"embeddable":true,"href":"https:\/\/elemente-clemente.de\/en\/wp-json\/wp\/v2\/media\/59153"}],"wp:attachment":[{"href":"https:\/\/elemente-clemente.de\/en\/wp-json\/wp\/v2\/media?parent=59121"}],"wp:term":[{"taxonomy":"product_cat","embeddable":true,"href":"https:\/\/elemente-clemente.de\/en\/wp-json\/wp\/v2\/product_cat?post=59121"},{"taxonomy":"product_tag","embeddable":true,"href":"https:\/\/elemente-clemente.de\/en\/wp-json\/wp\/v2\/product_tag?post=59121"}],"curies":[{"name":"wp","href":"https:\/\/api.w.org\/{rel}","templated":true}]}}