{"id":58761,"date":"2024-07-11T11:51:58","date_gmt":"2024-07-11T09:51:58","guid":{"rendered":"https:\/\/elemente-clemente.de\/?post_type=product&#038;p=58761"},"modified":"2026-04-24T03:30:57","modified_gmt":"2026-04-24T01:30:57","slug":"shirt-subala-mit-digitaldruck","status":"publish","type":"product","link":"https:\/\/elemente-clemente.de\/en\/shop\/herbst-winter-2024\/shirt-top-herbst-winter-2024\/shirt-subala-mit-digitaldruck\/","title":{"rendered":"SHIRT SUBALA MIT DIGITALDRUCK"},"content":{"rendered":"<ul>\n<li>Weites, kastiges Sweatshirt mit Digitaldruck<\/li>\n<li>norwegische Strickmuster auf Sweatware gedruckt<\/li>\n<li>Rundhals<\/li>\n<li>Hinten l\u00e4nger<\/li>\n<li>Unser Modell ist 176 cm gro\u00df und tr\u00e4gt Gr\u00f6\u00dfe I<\/li>\n<\/ul>\n","protected":false},"excerpt":{"rendered":"<p>Weites, kastiges Sweatshirt mit Digitaldruck norwegische Strickmuster auf Sweatware gedruckt Rundhals Hinten l\u00e4nger Unser Modell ist 176 cm gro\u00df und tr\u00e4gt Gr\u00f6\u00dfe I<\/p>\n","protected":false},"featured_media":59295,"comment_status":"closed","ping_status":"closed","template":"","meta":{"_acf_changed":false},"product_cat":[1045,1048],"product_tag":[971],"class_list":{"0":"post-58761","1":"product","2":"type-product","3":"status-publish","4":"has-post-thumbnail","6":"product_cat-herbst-winter-2024","7":"product_cat-shirt-top-herbst-winter-2024","8":"product_tag-baumwolle","10":"first","11":"outofstock","12":"sale","13":"taxable","14":"shipping-taxable","15":"purchasable","16":"product-type-variable","17":"wvs-archive-product-wrapper"},"acf":[],"_links":{"self":[{"href":"https:\/\/elemente-clemente.de\/en\/wp-json\/wp\/v2\/product\/58761","targetHints":{"allow":["GET"]}}],"collection":[{"href":"https:\/\/elemente-clemente.de\/en\/wp-json\/wp\/v2\/product"}],"about":[{"href":"https:\/\/elemente-clemente.de\/en\/wp-json\/wp\/v2\/types\/product"}],"replies":[{"embeddable":true,"href":"https:\/\/elemente-clemente.de\/en\/wp-json\/wp\/v2\/comments?post=58761"}],"wp:featuredmedia":[{"embeddable":true,"href":"https:\/\/elemente-clemente.de\/en\/wp-json\/wp\/v2\/media\/59295"}],"wp:attachment":[{"href":"https:\/\/elemente-clemente.de\/en\/wp-json\/wp\/v2\/media?parent=58761"}],"wp:term":[{"taxonomy":"product_cat","embeddable":true,"href":"https:\/\/elemente-clemente.de\/en\/wp-json\/wp\/v2\/product_cat?post=58761"},{"taxonomy":"product_tag","embeddable":true,"href":"https:\/\/elemente-clemente.de\/en\/wp-json\/wp\/v2\/product_tag?post=58761"}],"curies":[{"name":"wp","href":"https:\/\/api.w.org\/{rel}","templated":true}]}}