{"id":58646,"date":"2024-07-11T09:45:09","date_gmt":"2024-07-11T07:45:09","guid":{"rendered":"https:\/\/elemente-clemente.de\/?post_type=product&#038;p=58646"},"modified":"2026-04-08T02:44:57","modified_gmt":"2026-04-08T00:44:57","slug":"kleid-linett-aus-bio-baumwolle","status":"publish","type":"product","link":"https:\/\/elemente-clemente.de\/en\/shop\/herbst-winter-2024\/kleid-rock-herbst-winter-2024\/kleid-linett-aus-bio-baumwolle\/","title":{"rendered":"KLEID LINETT AUS BIO-BAUMWOLLE"},"content":{"rendered":"<p>O-f\u00f6rmiges Kleid mit langen \u00c4rmeln<\/p>\n<ul>\n<li>Rundhalsausschnitt<\/li>\n<li>Midi-L\u00e4nge<\/li>\n<li>Vertikale Eingriffstaschen vorn<\/li>\n<li>Unser Modell ist 174 cm gro\u00df und tr\u00e4gt Gr\u00f6\u00dfe 1<\/li>\n<\/ul>\n","protected":false},"excerpt":{"rendered":"<p>O-f\u00f6rmiges Kleid mit langen \u00c4rmeln Rundhalsausschnitt Midi-L\u00e4nge Vertikale Eingriffstaschen vorn Unser Modell ist 174 cm gro\u00df und tr\u00e4gt Gr\u00f6\u00dfe 1<\/p>\n","protected":false},"featured_media":58744,"comment_status":"closed","ping_status":"closed","template":"","meta":{"_acf_changed":false},"product_cat":[1045,1049],"product_tag":[971],"class_list":{"0":"post-58646","1":"product","2":"type-product","3":"status-publish","4":"has-post-thumbnail","6":"product_cat-herbst-winter-2024","7":"product_cat-kleid-rock-herbst-winter-2024","8":"product_tag-baumwolle","10":"first","11":"outofstock","12":"sale","13":"taxable","14":"shipping-taxable","15":"purchasable","16":"product-type-variable","17":"wvs-archive-product-wrapper"},"acf":[],"_links":{"self":[{"href":"https:\/\/elemente-clemente.de\/en\/wp-json\/wp\/v2\/product\/58646","targetHints":{"allow":["GET"]}}],"collection":[{"href":"https:\/\/elemente-clemente.de\/en\/wp-json\/wp\/v2\/product"}],"about":[{"href":"https:\/\/elemente-clemente.de\/en\/wp-json\/wp\/v2\/types\/product"}],"replies":[{"embeddable":true,"href":"https:\/\/elemente-clemente.de\/en\/wp-json\/wp\/v2\/comments?post=58646"}],"wp:featuredmedia":[{"embeddable":true,"href":"https:\/\/elemente-clemente.de\/en\/wp-json\/wp\/v2\/media\/58744"}],"wp:attachment":[{"href":"https:\/\/elemente-clemente.de\/en\/wp-json\/wp\/v2\/media?parent=58646"}],"wp:term":[{"taxonomy":"product_cat","embeddable":true,"href":"https:\/\/elemente-clemente.de\/en\/wp-json\/wp\/v2\/product_cat?post=58646"},{"taxonomy":"product_tag","embeddable":true,"href":"https:\/\/elemente-clemente.de\/en\/wp-json\/wp\/v2\/product_tag?post=58646"}],"curies":[{"name":"wp","href":"https:\/\/api.w.org\/{rel}","templated":true}]}}