{"id":52533,"date":"2024-06-21T14:45:45","date_gmt":"2024-06-21T12:45:45","guid":{"rendered":"https:\/\/elemente-clemente.de\/?post_type=product&#038;p=52533"},"modified":"2026-04-16T02:35:19","modified_gmt":"2026-04-16T00:35:19","slug":"hose-ido-aus-bio-baumwolle","status":"publish","type":"product","link":"https:\/\/elemente-clemente.de\/en\/shop\/herbst-winter-2024\/hose-herbst-winter-2024\/hose-ido-aus-bio-baumwolle\/","title":{"rendered":"HOSE IDO AUS BIO-BAUMWOLLE"},"content":{"rendered":"<p>Hose mit verk\u00fcrzter L\u00e4nge<\/p>\n<ul>\n<li>\u00a0Gerades Bein<\/li>\n<li>Vorne flacher, fester Taillenbund<\/li>\n<li>Elastischer Gummizug im hinteren Bund<\/li>\n<li>Seitliche Eingriffstaschen<\/li>\n<li>Seitliche Schlitze im Saum<\/li>\n<li>Unser Modell ist 170 cm gr0\u00df und tr\u00e4gt Gr\u00f6\u00dfe 1<\/li>\n<\/ul>\n","protected":false},"excerpt":{"rendered":"<p>Hose mit verk\u00fcrzter L\u00e4nge \u00a0Gerades Bein Vorne flacher, fester Taillenbund Elastischer Gummizug im hinteren Bund Seitliche Eingriffstaschen Seitliche Schlitze im Saum Unser Modell ist 170 cm gr0\u00df und tr\u00e4gt Gr\u00f6\u00dfe 1<\/p>\n","protected":false},"featured_media":58386,"comment_status":"closed","ping_status":"closed","template":"","meta":{"_acf_changed":false},"product_cat":[1045,1046],"product_tag":[971],"class_list":{"0":"post-52533","1":"product","2":"type-product","3":"status-publish","4":"has-post-thumbnail","6":"product_cat-herbst-winter-2024","7":"product_cat-hose-herbst-winter-2024","8":"product_tag-baumwolle","10":"first","11":"outofstock","12":"taxable","13":"shipping-taxable","14":"purchasable","15":"product-type-variable","16":"wvs-archive-product-wrapper"},"acf":[],"_links":{"self":[{"href":"https:\/\/elemente-clemente.de\/en\/wp-json\/wp\/v2\/product\/52533","targetHints":{"allow":["GET"]}}],"collection":[{"href":"https:\/\/elemente-clemente.de\/en\/wp-json\/wp\/v2\/product"}],"about":[{"href":"https:\/\/elemente-clemente.de\/en\/wp-json\/wp\/v2\/types\/product"}],"replies":[{"embeddable":true,"href":"https:\/\/elemente-clemente.de\/en\/wp-json\/wp\/v2\/comments?post=52533"}],"wp:featuredmedia":[{"embeddable":true,"href":"https:\/\/elemente-clemente.de\/en\/wp-json\/wp\/v2\/media\/58386"}],"wp:attachment":[{"href":"https:\/\/elemente-clemente.de\/en\/wp-json\/wp\/v2\/media?parent=52533"}],"wp:term":[{"taxonomy":"product_cat","embeddable":true,"href":"https:\/\/elemente-clemente.de\/en\/wp-json\/wp\/v2\/product_cat?post=52533"},{"taxonomy":"product_tag","embeddable":true,"href":"https:\/\/elemente-clemente.de\/en\/wp-json\/wp\/v2\/product_tag?post=52533"}],"curies":[{"name":"wp","href":"https:\/\/api.w.org\/{rel}","templated":true}]}}