{"id":52433,"date":"2024-06-21T13:03:25","date_gmt":"2024-06-21T11:03:25","guid":{"rendered":"https:\/\/elemente-clemente.de\/?post_type=product&#038;p=52433"},"modified":"2026-04-09T02:23:18","modified_gmt":"2026-04-09T00:23:18","slug":"hose-koniso-aus-bio-baumwolle","status":"publish","type":"product","link":"https:\/\/elemente-clemente.de\/en\/shop\/herbst-winter-2024\/hose-herbst-winter-2024\/hose-koniso-aus-bio-baumwolle\/","title":{"rendered":"HOSE KONISO AUS BIO-BAUMWOLLE"},"content":{"rendered":"<ul>\n<li>Hose mit festem Bund vorne, hinten Gummizug<\/li>\n<li>Rei\u00dfverschluss vorne<\/li>\n<li>Bundfalten<\/li>\n<li>Gerades Bein<\/li>\n<li>Unser Modell ist 174 cm gro\u00df und tr\u00e4gt Gr\u00f6\u00dfe 1<\/li>\n<\/ul>\n","protected":false},"excerpt":{"rendered":"<p>Hose mit festem Bund vorne, hinten Gummizug Rei\u00dfverschluss vorne Bundfalten Gerades Bein Unser Modell ist 174 cm gro\u00df und tr\u00e4gt Gr\u00f6\u00dfe 1<\/p>\n","protected":false},"featured_media":58374,"comment_status":"closed","ping_status":"closed","template":"","meta":{"_acf_changed":false},"product_cat":[1045,1046],"product_tag":[971],"class_list":{"0":"post-52433","1":"product","2":"type-product","3":"status-publish","4":"has-post-thumbnail","6":"product_cat-herbst-winter-2024","7":"product_cat-hose-herbst-winter-2024","8":"product_tag-baumwolle","10":"first","11":"outofstock","12":"sale","13":"taxable","14":"shipping-taxable","15":"purchasable","16":"product-type-variable","17":"wvs-archive-product-wrapper"},"acf":[],"_links":{"self":[{"href":"https:\/\/elemente-clemente.de\/en\/wp-json\/wp\/v2\/product\/52433","targetHints":{"allow":["GET"]}}],"collection":[{"href":"https:\/\/elemente-clemente.de\/en\/wp-json\/wp\/v2\/product"}],"about":[{"href":"https:\/\/elemente-clemente.de\/en\/wp-json\/wp\/v2\/types\/product"}],"replies":[{"embeddable":true,"href":"https:\/\/elemente-clemente.de\/en\/wp-json\/wp\/v2\/comments?post=52433"}],"wp:featuredmedia":[{"embeddable":true,"href":"https:\/\/elemente-clemente.de\/en\/wp-json\/wp\/v2\/media\/58374"}],"wp:attachment":[{"href":"https:\/\/elemente-clemente.de\/en\/wp-json\/wp\/v2\/media?parent=52433"}],"wp:term":[{"taxonomy":"product_cat","embeddable":true,"href":"https:\/\/elemente-clemente.de\/en\/wp-json\/wp\/v2\/product_cat?post=52433"},{"taxonomy":"product_tag","embeddable":true,"href":"https:\/\/elemente-clemente.de\/en\/wp-json\/wp\/v2\/product_tag?post=52433"}],"curies":[{"name":"wp","href":"https:\/\/api.w.org\/{rel}","templated":true}]}}