{"id":51628,"date":"2024-06-18T14:43:12","date_gmt":"2024-06-18T12:43:12","guid":{"rendered":"https:\/\/elemente-clemente.de\/?post_type=product&#038;p=51628"},"modified":"2026-04-06T02:38:12","modified_gmt":"2026-04-06T00:38:12","slug":"kleid-toya-aus-wollwalk","status":"publish","type":"product","link":"https:\/\/elemente-clemente.de\/en\/shop\/herbst-winter-2024\/kleid-rock-herbst-winter-2024\/kleid-toya-aus-wollwalk\/","title":{"rendered":"KLEID TOYA AUS Wollwalk"},"content":{"rendered":"<ul>\n<li>Schmales \u00e4rmelloses Kleid<\/li>\n<li>Asymmetrischer Kragen<\/li>\n<li>schr\u00e4ge Teilungsn\u00e4hte vorne und hinten<\/li>\n<li>Unser Modell ist 176 cm gro\u00df und tr\u00e4gt Gr\u00f6\u00dfe 1<\/li>\n<\/ul>\n","protected":false},"excerpt":{"rendered":"<p>Schmales \u00e4rmelloses Kleid Asymmetrischer Kragen schr\u00e4ge Teilungsn\u00e4hte vorne und hinten Unser Modell ist 176 cm gro\u00df und tr\u00e4gt Gr\u00f6\u00dfe 1<\/p>\n","protected":false},"featured_media":58264,"comment_status":"closed","ping_status":"closed","template":"","meta":{"_acf_changed":false},"product_cat":[1045,1049],"product_tag":[998],"class_list":{"0":"post-51628","1":"product","2":"type-product","3":"status-publish","4":"has-post-thumbnail","6":"product_cat-herbst-winter-2024","7":"product_cat-kleid-rock-herbst-winter-2024","8":"product_tag-wolle-walk","10":"first","11":"outofstock","12":"sale","13":"taxable","14":"shipping-taxable","15":"purchasable","16":"product-type-variable","17":"wvs-archive-product-wrapper"},"acf":[],"_links":{"self":[{"href":"https:\/\/elemente-clemente.de\/en\/wp-json\/wp\/v2\/product\/51628","targetHints":{"allow":["GET"]}}],"collection":[{"href":"https:\/\/elemente-clemente.de\/en\/wp-json\/wp\/v2\/product"}],"about":[{"href":"https:\/\/elemente-clemente.de\/en\/wp-json\/wp\/v2\/types\/product"}],"replies":[{"embeddable":true,"href":"https:\/\/elemente-clemente.de\/en\/wp-json\/wp\/v2\/comments?post=51628"}],"wp:featuredmedia":[{"embeddable":true,"href":"https:\/\/elemente-clemente.de\/en\/wp-json\/wp\/v2\/media\/58264"}],"wp:attachment":[{"href":"https:\/\/elemente-clemente.de\/en\/wp-json\/wp\/v2\/media?parent=51628"}],"wp:term":[{"taxonomy":"product_cat","embeddable":true,"href":"https:\/\/elemente-clemente.de\/en\/wp-json\/wp\/v2\/product_cat?post=51628"},{"taxonomy":"product_tag","embeddable":true,"href":"https:\/\/elemente-clemente.de\/en\/wp-json\/wp\/v2\/product_tag?post=51628"}],"curies":[{"name":"wp","href":"https:\/\/api.w.org\/{rel}","templated":true}]}}