{"id":51436,"date":"2024-06-18T10:18:17","date_gmt":"2024-06-18T08:18:17","guid":{"rendered":"https:\/\/elemente-clemente.de\/?post_type=product&#038;p=51436"},"modified":"2026-04-14T02:37:53","modified_gmt":"2026-04-14T00:37:53","slug":"hose-sagar-aus-wollwalk","status":"publish","type":"product","link":"https:\/\/elemente-clemente.de\/en\/shop\/herbst-winter-2024\/hose-herbst-winter-2024\/hose-sagar-aus-wollwalk\/","title":{"rendered":"HOSE SAGAR AUS Wollwalk"},"content":{"rendered":"<p>Hose mit weitem Bein und schmaler Taille<\/p>\n<ul>\n<li>Ziern\u00e4hte vorne und hinten<\/li>\n<li>Seitentaschen<\/li>\n<li>Elastischer Gummibund hinten<\/li>\n<li>Unser Modell ist 170 cm und tr\u00e4gt Gr\u00f6\u00dfe 1<\/li>\n<\/ul>\n","protected":false},"excerpt":{"rendered":"<p>Hose mit weitem Bein und schmaler Taille Ziern\u00e4hte vorne und hinten Seitentaschen Elastischer Gummibund hinten Unser Modell ist 170 cm und tr\u00e4gt Gr\u00f6\u00dfe 1<\/p>\n","protected":false},"featured_media":58250,"comment_status":"closed","ping_status":"closed","template":"","meta":{"_acf_changed":false},"product_cat":[1045,1046],"product_tag":[998],"class_list":{"0":"post-51436","1":"product","2":"type-product","3":"status-publish","4":"has-post-thumbnail","6":"product_cat-herbst-winter-2024","7":"product_cat-hose-herbst-winter-2024","8":"product_tag-wolle-walk","10":"first","11":"outofstock","12":"sale","13":"taxable","14":"shipping-taxable","15":"purchasable","16":"product-type-variable","17":"wvs-archive-product-wrapper"},"acf":[],"_links":{"self":[{"href":"https:\/\/elemente-clemente.de\/en\/wp-json\/wp\/v2\/product\/51436","targetHints":{"allow":["GET"]}}],"collection":[{"href":"https:\/\/elemente-clemente.de\/en\/wp-json\/wp\/v2\/product"}],"about":[{"href":"https:\/\/elemente-clemente.de\/en\/wp-json\/wp\/v2\/types\/product"}],"replies":[{"embeddable":true,"href":"https:\/\/elemente-clemente.de\/en\/wp-json\/wp\/v2\/comments?post=51436"}],"wp:featuredmedia":[{"embeddable":true,"href":"https:\/\/elemente-clemente.de\/en\/wp-json\/wp\/v2\/media\/58250"}],"wp:attachment":[{"href":"https:\/\/elemente-clemente.de\/en\/wp-json\/wp\/v2\/media?parent=51436"}],"wp:term":[{"taxonomy":"product_cat","embeddable":true,"href":"https:\/\/elemente-clemente.de\/en\/wp-json\/wp\/v2\/product_cat?post=51436"},{"taxonomy":"product_tag","embeddable":true,"href":"https:\/\/elemente-clemente.de\/en\/wp-json\/wp\/v2\/product_tag?post=51436"}],"curies":[{"name":"wp","href":"https:\/\/api.w.org\/{rel}","templated":true}]}}