{"id":51390,"date":"2024-06-18T09:33:37","date_gmt":"2024-06-18T07:33:37","guid":{"rendered":"https:\/\/elemente-clemente.de\/?post_type=product&#038;p=51390"},"modified":"2026-04-08T01:47:37","modified_gmt":"2026-04-07T23:47:37","slug":"hose-sipa-aus-wollwalk","status":"publish","type":"product","link":"https:\/\/elemente-clemente.de\/en\/shop\/herbst-winter-2024\/hose-herbst-winter-2024\/hose-sipa-aus-wollwalk\/","title":{"rendered":"HOSE SIPA AUS Wollwalk"},"content":{"rendered":"<p>Locker geschnittene Hose in O-Shape<\/p>\n<ul>\n<li>Elastischer Gummibund hinten<\/li>\n<li>Gro\u00dfe Eingriffstaschen<\/li>\n<li>7\/8-L\u00e4nge<\/li>\n<li>Unser Modell ist 170 cm und tr\u00e4gt Gr\u00f6\u00dfe 1<\/li>\n<\/ul>\n","protected":false},"excerpt":{"rendered":"<p>Locker geschnittene Hose in O-Shape Elastischer Gummibund hinten Gro\u00dfe Eingriffstaschen 7\/8-L\u00e4nge Unser Modell ist 170 cm und tr\u00e4gt Gr\u00f6\u00dfe 1<\/p>\n","protected":false},"featured_media":58241,"comment_status":"closed","ping_status":"closed","template":"","meta":{"_acf_changed":false},"product_cat":[1045,1046],"product_tag":[998],"class_list":{"0":"post-51390","1":"product","2":"type-product","3":"status-publish","4":"has-post-thumbnail","6":"product_cat-herbst-winter-2024","7":"product_cat-hose-herbst-winter-2024","8":"product_tag-wolle-walk","10":"first","11":"outofstock","12":"sale","13":"taxable","14":"shipping-taxable","15":"purchasable","16":"product-type-variable","17":"wvs-archive-product-wrapper"},"acf":[],"_links":{"self":[{"href":"https:\/\/elemente-clemente.de\/en\/wp-json\/wp\/v2\/product\/51390","targetHints":{"allow":["GET"]}}],"collection":[{"href":"https:\/\/elemente-clemente.de\/en\/wp-json\/wp\/v2\/product"}],"about":[{"href":"https:\/\/elemente-clemente.de\/en\/wp-json\/wp\/v2\/types\/product"}],"replies":[{"embeddable":true,"href":"https:\/\/elemente-clemente.de\/en\/wp-json\/wp\/v2\/comments?post=51390"}],"wp:featuredmedia":[{"embeddable":true,"href":"https:\/\/elemente-clemente.de\/en\/wp-json\/wp\/v2\/media\/58241"}],"wp:attachment":[{"href":"https:\/\/elemente-clemente.de\/en\/wp-json\/wp\/v2\/media?parent=51390"}],"wp:term":[{"taxonomy":"product_cat","embeddable":true,"href":"https:\/\/elemente-clemente.de\/en\/wp-json\/wp\/v2\/product_cat?post=51390"},{"taxonomy":"product_tag","embeddable":true,"href":"https:\/\/elemente-clemente.de\/en\/wp-json\/wp\/v2\/product_tag?post=51390"}],"curies":[{"name":"wp","href":"https:\/\/api.w.org\/{rel}","templated":true}]}}