{"id":51338,"date":"2024-06-18T08:09:12","date_gmt":"2024-06-18T06:09:12","guid":{"rendered":"https:\/\/elemente-clemente.de\/?post_type=product&#038;p=51338"},"modified":"2026-04-03T01:30:28","modified_gmt":"2026-04-02T23:30:28","slug":"bucket-hat-kiloli-aus-wollwalk","status":"publish","type":"product","link":"https:\/\/elemente-clemente.de\/en\/shop\/herbst-winter-2024\/accessories-herbst-winter-2024\/bucket-hat-kiloli-aus-wollwalk\/","title":{"rendered":"Bucket Hat Kiloli AUS Wollwalk"},"content":{"rendered":"<p>Klassischer Bucket Hat<\/p>\n<ul>\n<li>Breite, nach unten abfallende Krempe<\/li>\n<li>Aus Wollwalk aus kontrolliert, biologischer Tierhaltung (kbT)<\/li>\n<li>Erh\u00e4ltlich in 3 Gr\u00f6\u00dfen: 1=54cm, 2=57cm, 3=60cm Kopfumfang<\/li>\n<li>Unser Modell tr\u00e4gt Gr\u00f6\u00dfe 1<\/li>\n<\/ul>\n<p>&nbsp;<\/p>\n","protected":false},"excerpt":{"rendered":"<p>Bucket Hat aus Wollwalk aus kontrolliert, biologischer Tierhaltung (kbT)<\/p>\n","protected":false},"featured_media":58233,"comment_status":"closed","ping_status":"closed","template":"","meta":{"_acf_changed":false},"product_cat":[1045,1058],"product_tag":[998],"class_list":{"0":"post-51338","1":"product","2":"type-product","3":"status-publish","4":"has-post-thumbnail","6":"product_cat-herbst-winter-2024","7":"product_cat-accessories-herbst-winter-2024","8":"product_tag-wolle-walk","10":"first","11":"outofstock","12":"taxable","13":"shipping-taxable","14":"purchasable","15":"product-type-variable","16":"wvs-archive-product-wrapper"},"acf":[],"_links":{"self":[{"href":"https:\/\/elemente-clemente.de\/en\/wp-json\/wp\/v2\/product\/51338","targetHints":{"allow":["GET"]}}],"collection":[{"href":"https:\/\/elemente-clemente.de\/en\/wp-json\/wp\/v2\/product"}],"about":[{"href":"https:\/\/elemente-clemente.de\/en\/wp-json\/wp\/v2\/types\/product"}],"replies":[{"embeddable":true,"href":"https:\/\/elemente-clemente.de\/en\/wp-json\/wp\/v2\/comments?post=51338"}],"wp:featuredmedia":[{"embeddable":true,"href":"https:\/\/elemente-clemente.de\/en\/wp-json\/wp\/v2\/media\/58233"}],"wp:attachment":[{"href":"https:\/\/elemente-clemente.de\/en\/wp-json\/wp\/v2\/media?parent=51338"}],"wp:term":[{"taxonomy":"product_cat","embeddable":true,"href":"https:\/\/elemente-clemente.de\/en\/wp-json\/wp\/v2\/product_cat?post=51338"},{"taxonomy":"product_tag","embeddable":true,"href":"https:\/\/elemente-clemente.de\/en\/wp-json\/wp\/v2\/product_tag?post=51338"}],"curies":[{"name":"wp","href":"https:\/\/api.w.org\/{rel}","templated":true}]}}