{"id":51275,"date":"2024-06-17T14:59:36","date_gmt":"2024-06-17T12:59:36","guid":{"rendered":"https:\/\/elemente-clemente.de\/?post_type=product&#038;p=51275"},"modified":"2026-04-24T02:11:33","modified_gmt":"2026-04-24T00:11:33","slug":"bluse-abala-mit-digitaldruck","status":"publish","type":"product","link":"https:\/\/elemente-clemente.de\/en\/shop\/herbst-winter-2024\/bluse-herbst-winter-2024\/bluse-abala-mit-digitaldruck\/","title":{"rendered":"BLUSE ABALA MIT DIGITALDRUCK"},"content":{"rendered":"<ul>\n<li>Klassische Hemdbluse<\/li>\n<li>Abgerundeter Saum<\/li>\n<li>Falte im R\u00fccken f\u00fcr mehr Weite<\/li>\n<li>Mit Digitaldruck: Landkarte Tunesien<\/li>\n<li>Unser Modell ist 175 cm gro\u00df und tr\u00e4gt Gr\u00f6\u00dfe 1<\/li>\n<\/ul>\n","protected":false},"excerpt":{"rendered":"<p>Klassische Hemdbluse Abgerundeter Saum Falte im R\u00fccken f\u00fcr mehr Weite Mit Digitaldruck: Landkarte Tunesien Unser Modell ist 175 cm gro\u00df und tr\u00e4gt Gr\u00f6\u00dfe 1<\/p>\n","protected":false},"featured_media":58225,"comment_status":"closed","ping_status":"closed","template":"","meta":{"_acf_changed":false},"product_cat":[1045,1047],"product_tag":[971],"class_list":{"0":"post-51275","1":"product","2":"type-product","3":"status-publish","4":"has-post-thumbnail","6":"product_cat-herbst-winter-2024","7":"product_cat-bluse-herbst-winter-2024","8":"product_tag-baumwolle","10":"first","11":"outofstock","12":"sale","13":"taxable","14":"shipping-taxable","15":"purchasable","16":"product-type-variable","17":"wvs-archive-product-wrapper"},"acf":[],"_links":{"self":[{"href":"https:\/\/elemente-clemente.de\/en\/wp-json\/wp\/v2\/product\/51275","targetHints":{"allow":["GET"]}}],"collection":[{"href":"https:\/\/elemente-clemente.de\/en\/wp-json\/wp\/v2\/product"}],"about":[{"href":"https:\/\/elemente-clemente.de\/en\/wp-json\/wp\/v2\/types\/product"}],"replies":[{"embeddable":true,"href":"https:\/\/elemente-clemente.de\/en\/wp-json\/wp\/v2\/comments?post=51275"}],"wp:featuredmedia":[{"embeddable":true,"href":"https:\/\/elemente-clemente.de\/en\/wp-json\/wp\/v2\/media\/58225"}],"wp:attachment":[{"href":"https:\/\/elemente-clemente.de\/en\/wp-json\/wp\/v2\/media?parent=51275"}],"wp:term":[{"taxonomy":"product_cat","embeddable":true,"href":"https:\/\/elemente-clemente.de\/en\/wp-json\/wp\/v2\/product_cat?post=51275"},{"taxonomy":"product_tag","embeddable":true,"href":"https:\/\/elemente-clemente.de\/en\/wp-json\/wp\/v2\/product_tag?post=51275"}],"curies":[{"name":"wp","href":"https:\/\/api.w.org\/{rel}","templated":true}]}}