{"id":51141,"date":"2024-06-17T11:36:58","date_gmt":"2024-06-17T09:36:58","guid":{"rendered":"https:\/\/elemente-clemente.de\/?post_type=product&#038;p=51141"},"modified":"2026-04-06T02:05:49","modified_gmt":"2026-04-06T00:05:49","slug":"hose-geisha-aus-bio-baumwoll-seersucker-3","status":"publish","type":"product","link":"https:\/\/elemente-clemente.de\/en\/shop\/herbst-winter-2024\/hose-herbst-winter-2024\/hose-geisha-aus-bio-baumwoll-seersucker-3\/","title":{"rendered":"HOSE GEISHA AUS BIO-BAUMWOLL-SEERSUCKER"},"content":{"rendered":"<p>Bequeme Hose mit elastischem Gummizug im hinteren Bund<\/p>\n<ul>\n<li>Fixierter Beinaufschlag<\/li>\n<li>Seitliche Paspeltaschen<\/li>\n<li>7\/8-L\u00e4nge<\/li>\n<li>Unser Modell ist 170 cm gro\u00df und tr\u00e4gt Gr\u00f6\u00dfe 1<\/li>\n<\/ul>\n","protected":false},"excerpt":{"rendered":"<p>Bequeme Hose mit elastischem Gummizug im hinteren Bund<\/p>\n","protected":false},"featured_media":58210,"comment_status":"closed","ping_status":"closed","template":"","meta":{"_acf_changed":false},"product_cat":[1045,1046],"product_tag":[971],"class_list":{"0":"post-51141","1":"product","2":"type-product","3":"status-publish","4":"has-post-thumbnail","6":"product_cat-herbst-winter-2024","7":"product_cat-hose-herbst-winter-2024","8":"product_tag-baumwolle","10":"first","11":"outofstock","12":"taxable","13":"shipping-taxable","14":"purchasable","15":"product-type-variable","16":"wvs-archive-product-wrapper"},"acf":[],"_links":{"self":[{"href":"https:\/\/elemente-clemente.de\/en\/wp-json\/wp\/v2\/product\/51141","targetHints":{"allow":["GET"]}}],"collection":[{"href":"https:\/\/elemente-clemente.de\/en\/wp-json\/wp\/v2\/product"}],"about":[{"href":"https:\/\/elemente-clemente.de\/en\/wp-json\/wp\/v2\/types\/product"}],"replies":[{"embeddable":true,"href":"https:\/\/elemente-clemente.de\/en\/wp-json\/wp\/v2\/comments?post=51141"}],"wp:featuredmedia":[{"embeddable":true,"href":"https:\/\/elemente-clemente.de\/en\/wp-json\/wp\/v2\/media\/58210"}],"wp:attachment":[{"href":"https:\/\/elemente-clemente.de\/en\/wp-json\/wp\/v2\/media?parent=51141"}],"wp:term":[{"taxonomy":"product_cat","embeddable":true,"href":"https:\/\/elemente-clemente.de\/en\/wp-json\/wp\/v2\/product_cat?post=51141"},{"taxonomy":"product_tag","embeddable":true,"href":"https:\/\/elemente-clemente.de\/en\/wp-json\/wp\/v2\/product_tag?post=51141"}],"curies":[{"name":"wp","href":"https:\/\/api.w.org\/{rel}","templated":true}]}}