{"id":51094,"date":"2024-06-17T10:21:56","date_gmt":"2024-06-17T08:21:56","guid":{"rendered":"https:\/\/elemente-clemente.de\/?post_type=product&#038;p=51094"},"modified":"2026-04-24T02:07:16","modified_gmt":"2026-04-24T00:07:16","slug":"bluse-belas-aus-schurwolle-upcycling","status":"publish","type":"product","link":"https:\/\/elemente-clemente.de\/en\/shop\/herbst-winter-2024\/bluse-herbst-winter-2024\/bluse-belas-aus-schurwolle-upcycling\/","title":{"rendered":"Bluse Belas aus Schurwolle Upcycling"},"content":{"rendered":"<ul>\n<li>Klassische Hemdbluse<\/li>\n<li>Aufgesetzte Brusttasche<\/li>\n<li>Falte im R\u00fccken f\u00fcr mehr Weite<\/li>\n<li>Unser Modell ist 175 cm gro\u00df und tr\u00e4gt Gr\u00f6\u00dfe I<\/li>\n<\/ul>\n","protected":false},"excerpt":{"rendered":"<p>Klassische Hemdbluse Aufgesetzte Brusttasche Falte im R\u00fccken f\u00fcr mehr Weite Unser Modell ist 175 cm gro\u00df und tr\u00e4gt Gr\u00f6\u00dfe I<\/p>\n","protected":false},"featured_media":61775,"comment_status":"closed","ping_status":"closed","template":"","meta":{"_acf_changed":false},"product_cat":[1045,1047],"product_tag":[],"class_list":{"0":"post-51094","1":"product","2":"type-product","3":"status-publish","4":"has-post-thumbnail","6":"product_cat-herbst-winter-2024","7":"product_cat-bluse-herbst-winter-2024","9":"first","10":"outofstock","11":"sale","12":"taxable","13":"shipping-taxable","14":"purchasable","15":"product-type-variable","16":"wvs-archive-product-wrapper"},"acf":[],"_links":{"self":[{"href":"https:\/\/elemente-clemente.de\/en\/wp-json\/wp\/v2\/product\/51094","targetHints":{"allow":["GET"]}}],"collection":[{"href":"https:\/\/elemente-clemente.de\/en\/wp-json\/wp\/v2\/product"}],"about":[{"href":"https:\/\/elemente-clemente.de\/en\/wp-json\/wp\/v2\/types\/product"}],"replies":[{"embeddable":true,"href":"https:\/\/elemente-clemente.de\/en\/wp-json\/wp\/v2\/comments?post=51094"}],"wp:featuredmedia":[{"embeddable":true,"href":"https:\/\/elemente-clemente.de\/en\/wp-json\/wp\/v2\/media\/61775"}],"wp:attachment":[{"href":"https:\/\/elemente-clemente.de\/en\/wp-json\/wp\/v2\/media?parent=51094"}],"wp:term":[{"taxonomy":"product_cat","embeddable":true,"href":"https:\/\/elemente-clemente.de\/en\/wp-json\/wp\/v2\/product_cat?post=51094"},{"taxonomy":"product_tag","embeddable":true,"href":"https:\/\/elemente-clemente.de\/en\/wp-json\/wp\/v2\/product_tag?post=51094"}],"curies":[{"name":"wp","href":"https:\/\/api.w.org\/{rel}","templated":true}]}}