{"id":51046,"date":"2024-08-08T13:16:20","date_gmt":"2024-08-08T11:16:20","guid":{"rendered":"https:\/\/elemente-clemente.de\/?post_type=product&#038;p=51046"},"modified":"2026-04-24T03:39:11","modified_gmt":"2026-04-24T01:39:11","slug":"shirt-vari-aus-schurwolle-upcycling","status":"publish","type":"product","link":"https:\/\/elemente-clemente.de\/en\/shop\/herbst-winter-2024\/shirt-top-herbst-winter-2024\/shirt-vari-aus-schurwolle-upcycling\/","title":{"rendered":"Shirt Vari aus Schurwolle Upcycling"},"content":{"rendered":"<p>Kastiges, Shirt mit Rundhalsausschnitt<\/p>\n<ul>\n<li>Leicht ausgestellte Form<\/li>\n<li>Kurze Schlitze am seitlichen Saum<\/li>\n<li>R\u00fcckteil minimal l\u00e4nger als Vorderteil<\/li>\n<li>7\/8-\u00c4rmel<\/li>\n<li>\u00dcberschnittene Schulter<\/li>\n<li>Weite, legere Passform<\/li>\n<li>Unser Modell ist cm 174 gro\u00df und tr\u00e4gt Gr\u00f6\u00dfe I<\/li>\n<\/ul>\n","protected":false},"excerpt":{"rendered":"<p>Kastiges, Shirt mit Rundhalsausschnitt Leicht ausgestellte Form Kurze Schlitze am seitlichen Saum R\u00fcckteil minimal l\u00e4nger als Vorderteil 7\/8-\u00c4rmel \u00dcberschnittene Schulter Weite, legere Passform Unser Modell ist cm 174 gro\u00df und tr\u00e4gt Gr\u00f6\u00dfe I<\/p>\n","protected":false},"featured_media":58198,"comment_status":"closed","ping_status":"closed","template":"","meta":{"_acf_changed":false},"product_cat":[1045,1048],"product_tag":[],"class_list":{"0":"post-51046","1":"product","2":"type-product","3":"status-publish","4":"has-post-thumbnail","6":"product_cat-herbst-winter-2024","7":"product_cat-shirt-top-herbst-winter-2024","9":"first","10":"outofstock","11":"sale","12":"taxable","13":"shipping-taxable","14":"purchasable","15":"product-type-variable","16":"wvs-archive-product-wrapper"},"acf":[],"_links":{"self":[{"href":"https:\/\/elemente-clemente.de\/en\/wp-json\/wp\/v2\/product\/51046","targetHints":{"allow":["GET"]}}],"collection":[{"href":"https:\/\/elemente-clemente.de\/en\/wp-json\/wp\/v2\/product"}],"about":[{"href":"https:\/\/elemente-clemente.de\/en\/wp-json\/wp\/v2\/types\/product"}],"replies":[{"embeddable":true,"href":"https:\/\/elemente-clemente.de\/en\/wp-json\/wp\/v2\/comments?post=51046"}],"wp:featuredmedia":[{"embeddable":true,"href":"https:\/\/elemente-clemente.de\/en\/wp-json\/wp\/v2\/media\/58198"}],"wp:attachment":[{"href":"https:\/\/elemente-clemente.de\/en\/wp-json\/wp\/v2\/media?parent=51046"}],"wp:term":[{"taxonomy":"product_cat","embeddable":true,"href":"https:\/\/elemente-clemente.de\/en\/wp-json\/wp\/v2\/product_cat?post=51046"},{"taxonomy":"product_tag","embeddable":true,"href":"https:\/\/elemente-clemente.de\/en\/wp-json\/wp\/v2\/product_tag?post=51046"}],"curies":[{"name":"wp","href":"https:\/\/api.w.org\/{rel}","templated":true}]}}