{"id":50526,"date":"2024-06-11T09:03:06","date_gmt":"2024-06-11T07:03:06","guid":{"rendered":"https:\/\/elemente-clemente.de\/?post_type=product&#038;p=50526"},"modified":"2026-04-24T02:06:52","modified_gmt":"2026-04-24T00:06:52","slug":"bluse-timia-aus-bio-popeline-2","status":"publish","type":"product","link":"https:\/\/elemente-clemente.de\/en\/shop\/herbst-winter-2024\/bluse-herbst-winter-2024\/bluse-timia-aus-bio-popeline-2\/","title":{"rendered":"BLUSE TIMIA AUS BIO-POPELINE"},"content":{"rendered":"<p>A-f\u00f6rmige Bluse mit klassischem Kragen<\/p>\n<ul>\n<li>Verdeckte Knopfleiste<\/li>\n<li>Flie\u00dfendes R\u00fcckteil<\/li>\n<li>Seitennahttaschen<\/li>\n<li>Kurze Schlitze seitlich am Saum<\/li>\n<li>Unser Modell ist 178 cm gro\u00df und tr\u00e4gt Gr\u00f6\u00dfe I<\/li>\n<\/ul>\n","protected":false},"excerpt":{"rendered":"<p>A-f\u00f6rmige Bluse mit klassischem Kragen<\/p>\n","protected":false},"featured_media":55960,"comment_status":"closed","ping_status":"closed","template":"","meta":{"_acf_changed":false},"product_cat":[1045,1047],"product_tag":[971],"class_list":{"0":"post-50526","1":"product","2":"type-product","3":"status-publish","4":"has-post-thumbnail","6":"product_cat-herbst-winter-2024","7":"product_cat-bluse-herbst-winter-2024","8":"product_tag-baumwolle","10":"first","11":"outofstock","12":"sale","13":"taxable","14":"shipping-taxable","15":"purchasable","16":"product-type-variable","17":"wvs-archive-product-wrapper"},"acf":[],"_links":{"self":[{"href":"https:\/\/elemente-clemente.de\/en\/wp-json\/wp\/v2\/product\/50526","targetHints":{"allow":["GET"]}}],"collection":[{"href":"https:\/\/elemente-clemente.de\/en\/wp-json\/wp\/v2\/product"}],"about":[{"href":"https:\/\/elemente-clemente.de\/en\/wp-json\/wp\/v2\/types\/product"}],"replies":[{"embeddable":true,"href":"https:\/\/elemente-clemente.de\/en\/wp-json\/wp\/v2\/comments?post=50526"}],"wp:featuredmedia":[{"embeddable":true,"href":"https:\/\/elemente-clemente.de\/en\/wp-json\/wp\/v2\/media\/55960"}],"wp:attachment":[{"href":"https:\/\/elemente-clemente.de\/en\/wp-json\/wp\/v2\/media?parent=50526"}],"wp:term":[{"taxonomy":"product_cat","embeddable":true,"href":"https:\/\/elemente-clemente.de\/en\/wp-json\/wp\/v2\/product_cat?post=50526"},{"taxonomy":"product_tag","embeddable":true,"href":"https:\/\/elemente-clemente.de\/en\/wp-json\/wp\/v2\/product_tag?post=50526"}],"curies":[{"name":"wp","href":"https:\/\/api.w.org\/{rel}","templated":true}]}}