{"id":50498,"date":"2024-06-11T08:35:13","date_gmt":"2024-06-11T06:35:13","guid":{"rendered":"https:\/\/elemente-clemente.de\/?post_type=product&#038;p=50498"},"modified":"2026-04-24T03:42:30","modified_gmt":"2026-04-24T01:42:30","slug":"shirt-benga-aus-recycelter-mikrofaser-2","status":"publish","type":"product","link":"https:\/\/elemente-clemente.de\/en\/shop\/herbst-winter-2024\/shirt-top-herbst-winter-2024\/shirt-benga-aus-recycelter-mikrofaser-2\/","title":{"rendered":"Shirt Benga aus recycelter Mikrofaser"},"content":{"rendered":"<p>Langes Shirt mit Rundhalsausschnitt und seitlichen Schlitzen<\/p>\n<ul>\n<li>Rundhalsausschnitt, hinten gekn\u00f6pft, mit kurzem Schlitz<\/li>\n<li>Seitlich geschlitzt, hinten l\u00e4nger geschnitten<\/li>\n<li>Lange \u00c4rmel<\/li>\n<li>Unser Modell ist 170 cm gro\u00df und tr\u00e4gt Gr\u00f6\u00dfe 1<\/li>\n<\/ul>\n","protected":false},"excerpt":{"rendered":"<p>Langes Shirt mit Rundhalsausschnitt und seitlichen Schlitzen Rundhalsausschnitt, hinten gekn\u00f6pft, mit kurzem Schlitz Seitlich geschlitzt, hinten l\u00e4nger geschnitten Lange \u00c4rmel Unser Modell ist 170 cm gro\u00df und tr\u00e4gt Gr\u00f6\u00dfe 1<\/p>\n","protected":false},"featured_media":58137,"comment_status":"closed","ping_status":"closed","template":"","meta":{"_acf_changed":false},"product_cat":[1045,1048],"product_tag":[],"class_list":{"0":"post-50498","1":"product","2":"type-product","3":"status-publish","4":"has-post-thumbnail","6":"product_cat-herbst-winter-2024","7":"product_cat-shirt-top-herbst-winter-2024","9":"first","10":"outofstock","11":"taxable","12":"shipping-taxable","13":"purchasable","14":"product-type-variable","15":"wvs-archive-product-wrapper"},"acf":[],"_links":{"self":[{"href":"https:\/\/elemente-clemente.de\/en\/wp-json\/wp\/v2\/product\/50498","targetHints":{"allow":["GET"]}}],"collection":[{"href":"https:\/\/elemente-clemente.de\/en\/wp-json\/wp\/v2\/product"}],"about":[{"href":"https:\/\/elemente-clemente.de\/en\/wp-json\/wp\/v2\/types\/product"}],"replies":[{"embeddable":true,"href":"https:\/\/elemente-clemente.de\/en\/wp-json\/wp\/v2\/comments?post=50498"}],"wp:featuredmedia":[{"embeddable":true,"href":"https:\/\/elemente-clemente.de\/en\/wp-json\/wp\/v2\/media\/58137"}],"wp:attachment":[{"href":"https:\/\/elemente-clemente.de\/en\/wp-json\/wp\/v2\/media?parent=50498"}],"wp:term":[{"taxonomy":"product_cat","embeddable":true,"href":"https:\/\/elemente-clemente.de\/en\/wp-json\/wp\/v2\/product_cat?post=50498"},{"taxonomy":"product_tag","embeddable":true,"href":"https:\/\/elemente-clemente.de\/en\/wp-json\/wp\/v2\/product_tag?post=50498"}],"curies":[{"name":"wp","href":"https:\/\/api.w.org\/{rel}","templated":true}]}}