{"id":50464,"date":"2024-06-10T15:25:08","date_gmt":"2024-06-10T13:25:08","guid":{"rendered":"https:\/\/elemente-clemente.de\/?post_type=product&#038;p=50464"},"modified":"2026-04-03T02:35:08","modified_gmt":"2026-04-03T00:35:08","slug":"kleid-maleha-aus-recycelter-mikrofaser","status":"publish","type":"product","link":"https:\/\/elemente-clemente.de\/en\/shop\/herbst-winter-2024\/kleid-rock-herbst-winter-2024\/kleid-maleha-aus-recycelter-mikrofaser\/","title":{"rendered":"Kleid Maleha aus recycelter Mikrofaser"},"content":{"rendered":"<ul>\n<li>Rundhalsausschnitt<\/li>\n<li>Seitliche Taschen<\/li>\n<li>Verdeckte, durchgehende Knopfleiste<\/li>\n<li>Leichte R\u00fcsche ab der Taillennaht<\/li>\n<li>Unser Modell ist 175 cm gr0\u00df und tr\u00e4gt Gr\u00f6\u00dfe 1<\/li>\n<\/ul>\n","protected":false},"excerpt":{"rendered":"<p>Rundhalsausschnitt Seitliche Taschen Verdeckte, durchgehende Knopfleiste Leichte R\u00fcsche ab der Taillennaht Unser Modell ist 175 cm gr0\u00df und tr\u00e4gt Gr\u00f6\u00dfe 1<\/p>\n","protected":false},"featured_media":58132,"comment_status":"closed","ping_status":"closed","template":"","meta":{"_acf_changed":false},"product_cat":[1045,1049],"product_tag":[],"class_list":{"0":"post-50464","1":"product","2":"type-product","3":"status-publish","4":"has-post-thumbnail","6":"product_cat-herbst-winter-2024","7":"product_cat-kleid-rock-herbst-winter-2024","9":"first","10":"outofstock","11":"taxable","12":"shipping-taxable","13":"purchasable","14":"product-type-variable","15":"wvs-archive-product-wrapper"},"acf":[],"_links":{"self":[{"href":"https:\/\/elemente-clemente.de\/en\/wp-json\/wp\/v2\/product\/50464","targetHints":{"allow":["GET"]}}],"collection":[{"href":"https:\/\/elemente-clemente.de\/en\/wp-json\/wp\/v2\/product"}],"about":[{"href":"https:\/\/elemente-clemente.de\/en\/wp-json\/wp\/v2\/types\/product"}],"replies":[{"embeddable":true,"href":"https:\/\/elemente-clemente.de\/en\/wp-json\/wp\/v2\/comments?post=50464"}],"wp:featuredmedia":[{"embeddable":true,"href":"https:\/\/elemente-clemente.de\/en\/wp-json\/wp\/v2\/media\/58132"}],"wp:attachment":[{"href":"https:\/\/elemente-clemente.de\/en\/wp-json\/wp\/v2\/media?parent=50464"}],"wp:term":[{"taxonomy":"product_cat","embeddable":true,"href":"https:\/\/elemente-clemente.de\/en\/wp-json\/wp\/v2\/product_cat?post=50464"},{"taxonomy":"product_tag","embeddable":true,"href":"https:\/\/elemente-clemente.de\/en\/wp-json\/wp\/v2\/product_tag?post=50464"}],"curies":[{"name":"wp","href":"https:\/\/api.w.org\/{rel}","templated":true}]}}