{"id":50454,"date":"2024-06-10T14:11:05","date_gmt":"2024-06-10T12:11:05","guid":{"rendered":"https:\/\/elemente-clemente.de\/?post_type=product&#038;p=50454"},"modified":"2026-04-24T03:00:51","modified_gmt":"2026-04-24T01:00:51","slug":"hose-ido-aus-recycelter-mikrofaser","status":"publish","type":"product","link":"https:\/\/elemente-clemente.de\/en\/shop\/herbst-winter-2024\/hose-herbst-winter-2024\/hose-ido-aus-recycelter-mikrofaser\/","title":{"rendered":"Hose Ido aus recycelter Mikrofaser"},"content":{"rendered":"<p>Hose mit verk\u00fcrzter L\u00e4nge<\/p>\n<ul>\n<li>\u00a0Gerades Bein<\/li>\n<li>Vorne flacher, fester Taillenbund<\/li>\n<li>Elastischer Gummizug im hinteren Bund<\/li>\n<li>Seitliche Eingriffstaschen<\/li>\n<li>Seitliche Schlitze im Saum<\/li>\n<li>Unser Modell ist 175 cm gro\u00df und tr\u00e4gt Gr\u00f6\u00dfe 1<\/li>\n<\/ul>\n","protected":false},"excerpt":{"rendered":"<p>Hose mit verk\u00fcrzter L\u00e4nge \u00a0Gerades Bein Vorne flacher, fester Taillenbund Elastischer Gummizug im hinteren Bund Seitliche Eingriffstaschen Seitliche Schlitze im Saum Unser Modell ist 175 cm gro\u00df und tr\u00e4gt Gr\u00f6\u00dfe 1<\/p>\n","protected":false},"featured_media":58127,"comment_status":"closed","ping_status":"closed","template":"","meta":{"_acf_changed":false},"product_cat":[1045,1046],"product_tag":[],"class_list":{"0":"post-50454","1":"product","2":"type-product","3":"status-publish","4":"has-post-thumbnail","6":"product_cat-herbst-winter-2024","7":"product_cat-hose-herbst-winter-2024","9":"first","10":"outofstock","11":"taxable","12":"shipping-taxable","13":"purchasable","14":"product-type-variable","15":"wvs-archive-product-wrapper"},"acf":[],"_links":{"self":[{"href":"https:\/\/elemente-clemente.de\/en\/wp-json\/wp\/v2\/product\/50454","targetHints":{"allow":["GET"]}}],"collection":[{"href":"https:\/\/elemente-clemente.de\/en\/wp-json\/wp\/v2\/product"}],"about":[{"href":"https:\/\/elemente-clemente.de\/en\/wp-json\/wp\/v2\/types\/product"}],"replies":[{"embeddable":true,"href":"https:\/\/elemente-clemente.de\/en\/wp-json\/wp\/v2\/comments?post=50454"}],"wp:featuredmedia":[{"embeddable":true,"href":"https:\/\/elemente-clemente.de\/en\/wp-json\/wp\/v2\/media\/58127"}],"wp:attachment":[{"href":"https:\/\/elemente-clemente.de\/en\/wp-json\/wp\/v2\/media?parent=50454"}],"wp:term":[{"taxonomy":"product_cat","embeddable":true,"href":"https:\/\/elemente-clemente.de\/en\/wp-json\/wp\/v2\/product_cat?post=50454"},{"taxonomy":"product_tag","embeddable":true,"href":"https:\/\/elemente-clemente.de\/en\/wp-json\/wp\/v2\/product_tag?post=50454"}],"curies":[{"name":"wp","href":"https:\/\/api.w.org\/{rel}","templated":true}]}}