{"id":42176,"date":"2023-11-15T13:29:13","date_gmt":"2023-11-15T12:29:13","guid":{"rendered":"https:\/\/elemente-clemente.de\/?post_type=product&#038;p=42176"},"modified":"2026-04-19T03:41:37","modified_gmt":"2026-04-19T01:41:37","slug":"langarmshirt-ute-aus-bio-baumwolle","status":"publish","type":"product","link":"https:\/\/elemente-clemente.de\/en\/shop\/frauuuhlig\/langarmshirt-ute-aus-bio-baumwolle\/","title":{"rendered":"Langarmshirt Ute aus Bio- Baumwolle"},"content":{"rendered":"<p>Wir haben den Dreh raus \u2013 beim Langarmshirt \u201eUte\u201c aus Bio- Baumwolle sind zwei raffinierte Dreieckselemente am Saum eingesetzt \u2013 unser Twist l\u00e4sst weibliche Figuren unbeschreiblich aussehen! Das hochwertige Material sorgt f\u00fcr ein superweiches Tragegef\u00fchl\u2026<\/p>\n<p>&nbsp;<\/p>\n<p>&nbsp;<\/p>\n<p>&nbsp;<\/p>\n","protected":false},"excerpt":{"rendered":"<p>Mit weiblichem V-Ausschnitt und seitlich eingesetztem Dreieck<\/p>\n","protected":false},"featured_media":61251,"comment_status":"closed","ping_status":"closed","template":"","meta":{"_acf_changed":false},"product_cat":[923],"product_tag":[],"class_list":{"0":"post-42176","1":"product","2":"type-product","3":"status-publish","4":"has-post-thumbnail","6":"product_cat-frauuuhlig","8":"first","9":"outofstock","10":"taxable","11":"shipping-taxable","12":"purchasable","13":"product-type-variable","14":"wvs-archive-product-wrapper"},"acf":[],"_links":{"self":[{"href":"https:\/\/elemente-clemente.de\/en\/wp-json\/wp\/v2\/product\/42176","targetHints":{"allow":["GET"]}}],"collection":[{"href":"https:\/\/elemente-clemente.de\/en\/wp-json\/wp\/v2\/product"}],"about":[{"href":"https:\/\/elemente-clemente.de\/en\/wp-json\/wp\/v2\/types\/product"}],"replies":[{"embeddable":true,"href":"https:\/\/elemente-clemente.de\/en\/wp-json\/wp\/v2\/comments?post=42176"}],"wp:featuredmedia":[{"embeddable":true,"href":"https:\/\/elemente-clemente.de\/en\/wp-json\/wp\/v2\/media\/61251"}],"wp:attachment":[{"href":"https:\/\/elemente-clemente.de\/en\/wp-json\/wp\/v2\/media?parent=42176"}],"wp:term":[{"taxonomy":"product_cat","embeddable":true,"href":"https:\/\/elemente-clemente.de\/en\/wp-json\/wp\/v2\/product_cat?post=42176"},{"taxonomy":"product_tag","embeddable":true,"href":"https:\/\/elemente-clemente.de\/en\/wp-json\/wp\/v2\/product_tag?post=42176"}],"curies":[{"name":"wp","href":"https:\/\/api.w.org\/{rel}","templated":true}]}}