{"id":41734,"date":"2023-11-02T17:05:36","date_gmt":"2023-11-02T16:05:36","guid":{"rendered":"https:\/\/elemente-clemente.de\/?post_type=product&#038;p=41734"},"modified":"2026-04-20T19:18:13","modified_gmt":"2026-04-20T17:18:13","slug":"c14d6391092-shirt-ilara","status":"publish","type":"product","link":"https:\/\/elemente-clemente.de\/en\/shop\/sale\/shirt-sale\/c14d6391092-shirt-ilara\/","title":{"rendered":"Shirt Ilara aus Hanf mit Bio-Baumwolle"},"content":{"rendered":"<p>Gerade geschnittenes Shirt mit \u00fcberschnittener Schulter<\/p>\n<ul>\n<li>\u00a0V-Ausschnitt<\/li>\n<li>\u00dcberschnittenen \u00c4rmel<\/li>\n<li>\u00a0\u00d6kologische, nachhaltige Landwirtschaft in Europa<\/li>\n<li>Weniger D\u00fcngemittel, Pestizide und Wasser f\u00fcr den Anbau im Vergleich zu Baumwolle<\/li>\n<li>Unser Modell ist 174 cm gro\u00df und tr\u00e4gt Gr\u00f6\u00dfe 1<\/li>\n<\/ul>\n","protected":false},"excerpt":{"rendered":"<p>Shirt aus Hanf mit Bio-Baumwolle<\/p>\n","protected":false},"featured_media":57070,"comment_status":"closed","ping_status":"closed","template":"","meta":{"_acf_changed":false},"product_cat":[388,385,494],"product_tag":[1039],"class_list":{"0":"post-41734","1":"product","2":"type-product","3":"status-publish","4":"has-post-thumbnail","6":"product_cat-sale","7":"product_cat-shirt-sale","8":"product_cat-top","9":"product_tag-hanf","11":"first","12":"outofstock","13":"sale","14":"taxable","15":"shipping-taxable","16":"purchasable","17":"product-type-variable","18":"wvs-archive-product-wrapper"},"acf":[],"_links":{"self":[{"href":"https:\/\/elemente-clemente.de\/en\/wp-json\/wp\/v2\/product\/41734","targetHints":{"allow":["GET"]}}],"collection":[{"href":"https:\/\/elemente-clemente.de\/en\/wp-json\/wp\/v2\/product"}],"about":[{"href":"https:\/\/elemente-clemente.de\/en\/wp-json\/wp\/v2\/types\/product"}],"replies":[{"embeddable":true,"href":"https:\/\/elemente-clemente.de\/en\/wp-json\/wp\/v2\/comments?post=41734"}],"wp:featuredmedia":[{"embeddable":true,"href":"https:\/\/elemente-clemente.de\/en\/wp-json\/wp\/v2\/media\/57070"}],"wp:attachment":[{"href":"https:\/\/elemente-clemente.de\/en\/wp-json\/wp\/v2\/media?parent=41734"}],"wp:term":[{"taxonomy":"product_cat","embeddable":true,"href":"https:\/\/elemente-clemente.de\/en\/wp-json\/wp\/v2\/product_cat?post=41734"},{"taxonomy":"product_tag","embeddable":true,"href":"https:\/\/elemente-clemente.de\/en\/wp-json\/wp\/v2\/product_tag?post=41734"}],"curies":[{"name":"wp","href":"https:\/\/api.w.org\/{rel}","templated":true}]}}