{"id":41519,"date":"2023-11-02T15:27:55","date_gmt":"2023-11-02T14:27:55","guid":{"rendered":"https:\/\/elemente-clemente.de\/?post_type=product&#038;p=41519"},"modified":"2026-04-29T18:54:48","modified_gmt":"2026-04-29T16:54:48","slug":"c14d228682b-pants-geisha","status":"publish","type":"product","link":"https:\/\/elemente-clemente.de\/en\/shop\/sale\/hose-sale\/c14d228682b-pants-geisha\/","title":{"rendered":"Hose Geisha aus gerippter Bio-Baumwolle"},"content":{"rendered":"<p>Bequeme, anliegende Hose mit elastischem Gummizug im hinteren Bund<\/p>\n<ul>\n<li>Vorne flacher, fester Taillenbund<\/li>\n<li>Elastischer Gummizug im hinteren Bund<\/li>\n<li>Fixierter Beinaufschlag<\/li>\n<li>Seitliche Taschen<\/li>\n<li>Unser Modell ist 174 cm gro\u00df und tr\u00e4gt Gr\u00f6\u00dfe 1<\/li>\n<\/ul>\n","protected":false},"excerpt":{"rendered":"<p>Hose aus gerippter Bio-Baumwolle mit Elasthan<\/p>\n","protected":false},"featured_media":56997,"comment_status":"closed","ping_status":"closed","template":"","meta":{"_acf_changed":false},"product_cat":[388,371],"product_tag":[],"class_list":{"0":"post-41519","1":"product","2":"type-product","3":"status-publish","4":"has-post-thumbnail","6":"product_cat-sale","7":"product_cat-hose-sale","9":"first","10":"outofstock","11":"sale","12":"taxable","13":"shipping-taxable","14":"purchasable","15":"product-type-variable","16":"wvs-archive-product-wrapper"},"acf":[],"_links":{"self":[{"href":"https:\/\/elemente-clemente.de\/en\/wp-json\/wp\/v2\/product\/41519","targetHints":{"allow":["GET"]}}],"collection":[{"href":"https:\/\/elemente-clemente.de\/en\/wp-json\/wp\/v2\/product"}],"about":[{"href":"https:\/\/elemente-clemente.de\/en\/wp-json\/wp\/v2\/types\/product"}],"replies":[{"embeddable":true,"href":"https:\/\/elemente-clemente.de\/en\/wp-json\/wp\/v2\/comments?post=41519"}],"wp:featuredmedia":[{"embeddable":true,"href":"https:\/\/elemente-clemente.de\/en\/wp-json\/wp\/v2\/media\/56997"}],"wp:attachment":[{"href":"https:\/\/elemente-clemente.de\/en\/wp-json\/wp\/v2\/media?parent=41519"}],"wp:term":[{"taxonomy":"product_cat","embeddable":true,"href":"https:\/\/elemente-clemente.de\/en\/wp-json\/wp\/v2\/product_cat?post=41519"},{"taxonomy":"product_tag","embeddable":true,"href":"https:\/\/elemente-clemente.de\/en\/wp-json\/wp\/v2\/product_tag?post=41519"}],"curies":[{"name":"wp","href":"https:\/\/api.w.org\/{rel}","templated":true}]}}