{"id":41127,"date":"2023-10-26T17:35:02","date_gmt":"2023-10-26T15:35:02","guid":{"rendered":"https:\/\/elemente-clemente.de\/?post_type=product&#038;p=41127"},"modified":"2026-04-29T19:16:51","modified_gmt":"2026-04-29T17:16:51","slug":"c14d6931106-top-soyo","status":"publish","type":"product","link":"https:\/\/elemente-clemente.de\/en\/shop\/sale\/shirt-sale\/c14d6931106-top-soyo\/","title":{"rendered":"Top Soyo aus 100% Leinen mit Digitaldruck"},"content":{"rendered":"<p>Gerade geschnittenes Tr\u00e4gertop mit rundem Halsausschnitt<\/p>\n<ul>\n<li>\u00c4rmellos mit schmalen Tr\u00e4gern<\/li>\n<li>Gerade geschnitten<\/li>\n<li>Vorne mittig mit kleiner Falte<\/li>\n<li>Gerader Saum<\/li>\n<li>Unser Modell ist 175 cm gro\u00df und tr\u00e4gt Gr\u00f6\u00dfe 1<\/li>\n<\/ul>\n","protected":false},"excerpt":{"rendered":"<p>Gerade geschnittenes Tr\u00e4gertop aus Leinen<\/p>\n","protected":false},"featured_media":57220,"comment_status":"closed","ping_status":"closed","template":"","meta":{"_acf_changed":false},"product_cat":[388,385,494],"product_tag":[],"class_list":{"0":"post-41127","1":"product","2":"type-product","3":"status-publish","4":"has-post-thumbnail","6":"product_cat-sale","7":"product_cat-shirt-sale","8":"product_cat-top","10":"first","11":"outofstock","12":"sale","13":"taxable","14":"shipping-taxable","15":"purchasable","16":"product-type-variable","17":"wvs-archive-product-wrapper"},"acf":[],"_links":{"self":[{"href":"https:\/\/elemente-clemente.de\/en\/wp-json\/wp\/v2\/product\/41127","targetHints":{"allow":["GET"]}}],"collection":[{"href":"https:\/\/elemente-clemente.de\/en\/wp-json\/wp\/v2\/product"}],"about":[{"href":"https:\/\/elemente-clemente.de\/en\/wp-json\/wp\/v2\/types\/product"}],"replies":[{"embeddable":true,"href":"https:\/\/elemente-clemente.de\/en\/wp-json\/wp\/v2\/comments?post=41127"}],"wp:featuredmedia":[{"embeddable":true,"href":"https:\/\/elemente-clemente.de\/en\/wp-json\/wp\/v2\/media\/57220"}],"wp:attachment":[{"href":"https:\/\/elemente-clemente.de\/en\/wp-json\/wp\/v2\/media?parent=41127"}],"wp:term":[{"taxonomy":"product_cat","embeddable":true,"href":"https:\/\/elemente-clemente.de\/en\/wp-json\/wp\/v2\/product_cat?post=41127"},{"taxonomy":"product_tag","embeddable":true,"href":"https:\/\/elemente-clemente.de\/en\/wp-json\/wp\/v2\/product_tag?post=41127"}],"curies":[{"name":"wp","href":"https:\/\/api.w.org\/{rel}","templated":true}]}}