{"id":41064,"date":"2023-10-26T16:51:53","date_gmt":"2023-10-26T14:51:53","guid":{"rendered":"https:\/\/elemente-clemente.de\/?post_type=product&#038;p=41064"},"modified":"2026-04-29T19:05:49","modified_gmt":"2026-04-29T17:05:49","slug":"c14d4821102-dress-som","status":"publish","type":"product","link":"https:\/\/elemente-clemente.de\/en\/shop\/sale\/kleid-2\/c14d4821102-dress-som\/","title":{"rendered":"Kleid Som mit Digitaldruck"},"content":{"rendered":"<p>Minimalistisches, elegantes \u00e4rmelloses Kleid in A-Linie<\/p>\n<ul>\n<li>Rundhalsausschnitt, hinten gekn\u00f6pft, mit kurzem Schlitz<\/li>\n<li>\u00c4rmellos<\/li>\n<li>Seitliche Nahttaschen<\/li>\n<li>Im unteren Drittel seitlich geschlitzt<\/li>\n<li>Unser Modell ist 176 cm gro\u00df und tr\u00e4gt Gr\u00f6\u00dfe 1<\/li>\n<\/ul>\n","protected":false},"excerpt":{"rendered":"<p>Kleid aus 100% Leinen<\/p>\n","protected":false},"featured_media":57932,"comment_status":"closed","ping_status":"closed","template":"","meta":{"_acf_changed":false},"product_cat":[388,389],"product_tag":[],"class_list":{"0":"post-41064","1":"product","2":"type-product","3":"status-publish","4":"has-post-thumbnail","6":"product_cat-sale","7":"product_cat-kleid-2","9":"first","10":"outofstock","11":"sale","12":"taxable","13":"shipping-taxable","14":"purchasable","15":"product-type-variable","16":"wvs-archive-product-wrapper"},"acf":[],"_links":{"self":[{"href":"https:\/\/elemente-clemente.de\/en\/wp-json\/wp\/v2\/product\/41064","targetHints":{"allow":["GET"]}}],"collection":[{"href":"https:\/\/elemente-clemente.de\/en\/wp-json\/wp\/v2\/product"}],"about":[{"href":"https:\/\/elemente-clemente.de\/en\/wp-json\/wp\/v2\/types\/product"}],"replies":[{"embeddable":true,"href":"https:\/\/elemente-clemente.de\/en\/wp-json\/wp\/v2\/comments?post=41064"}],"wp:featuredmedia":[{"embeddable":true,"href":"https:\/\/elemente-clemente.de\/en\/wp-json\/wp\/v2\/media\/57932"}],"wp:attachment":[{"href":"https:\/\/elemente-clemente.de\/en\/wp-json\/wp\/v2\/media?parent=41064"}],"wp:term":[{"taxonomy":"product_cat","embeddable":true,"href":"https:\/\/elemente-clemente.de\/en\/wp-json\/wp\/v2\/product_cat?post=41064"},{"taxonomy":"product_tag","embeddable":true,"href":"https:\/\/elemente-clemente.de\/en\/wp-json\/wp\/v2\/product_tag?post=41064"}],"curies":[{"name":"wp","href":"https:\/\/api.w.org\/{rel}","templated":true}]}}