{"id":40794,"date":"2023-10-23T15:25:29","date_gmt":"2023-10-23T13:25:29","guid":{"rendered":"https:\/\/elemente-clemente.de\/?post_type=product&#038;p=40794"},"modified":"2026-04-29T18:40:34","modified_gmt":"2026-04-29T16:40:34","slug":"c14ad491063-hat-kiloli","status":"publish","type":"product","link":"https:\/\/elemente-clemente.de\/en\/shop\/sale\/accessoires-sale\/c14ad491063-hat-kiloli\/","title":{"rendered":"Bucket Hat Kiloli mit Jeans Digitaldruck"},"content":{"rendered":"<p>Klassischer Bucket Hat<\/p>\n<ul>\n<li>Breite, nach unten abfallende Krempe<\/li>\n<li>Aus Leinen mit umweltfreundlichen Jeans Digitaldruck<\/li>\n<li>Erh\u00e4ltlich in 3 Gr\u00f6\u00dfen: 1=54cm, 2=57cm, 3=60cm Kopfumfang<\/li>\n<li>Unser Modell tr\u00e4gt Gr\u00f6\u00dfe 1<\/li>\n<\/ul>\n<p>&nbsp;<\/p>\n","protected":false},"excerpt":{"rendered":"<p>Bucket Hat aus Leinen mit Digitaldruck<\/p>\n","protected":false},"featured_media":56912,"comment_status":"closed","ping_status":"closed","template":"","meta":{"_acf_changed":false},"product_cat":[388,350],"product_tag":[],"class_list":{"0":"post-40794","1":"product","2":"type-product","3":"status-publish","4":"has-post-thumbnail","6":"product_cat-sale","7":"product_cat-accessoires-sale","9":"first","10":"outofstock","11":"sale","12":"taxable","13":"shipping-taxable","14":"purchasable","15":"product-type-variable","16":"wvs-archive-product-wrapper"},"acf":[],"_links":{"self":[{"href":"https:\/\/elemente-clemente.de\/en\/wp-json\/wp\/v2\/product\/40794","targetHints":{"allow":["GET"]}}],"collection":[{"href":"https:\/\/elemente-clemente.de\/en\/wp-json\/wp\/v2\/product"}],"about":[{"href":"https:\/\/elemente-clemente.de\/en\/wp-json\/wp\/v2\/types\/product"}],"replies":[{"embeddable":true,"href":"https:\/\/elemente-clemente.de\/en\/wp-json\/wp\/v2\/comments?post=40794"}],"wp:featuredmedia":[{"embeddable":true,"href":"https:\/\/elemente-clemente.de\/en\/wp-json\/wp\/v2\/media\/56912"}],"wp:attachment":[{"href":"https:\/\/elemente-clemente.de\/en\/wp-json\/wp\/v2\/media?parent=40794"}],"wp:term":[{"taxonomy":"product_cat","embeddable":true,"href":"https:\/\/elemente-clemente.de\/en\/wp-json\/wp\/v2\/product_cat?post=40794"},{"taxonomy":"product_tag","embeddable":true,"href":"https:\/\/elemente-clemente.de\/en\/wp-json\/wp\/v2\/product_tag?post=40794"}],"curies":[{"name":"wp","href":"https:\/\/api.w.org\/{rel}","templated":true}]}}