{"id":40318,"date":"2023-10-12T14:39:44","date_gmt":"2023-10-12T12:39:44","guid":{"rendered":"https:\/\/elemente-clemente.de\/?post_type=product&#038;p=40318"},"modified":"2026-04-15T19:24:35","modified_gmt":"2026-04-15T17:24:35","slug":"c14d746123-skirt-gasita","status":"publish","type":"product","link":"https:\/\/elemente-clemente.de\/en\/shop\/sale\/rock-sale\/c14d746123-skirt-gasita\/","title":{"rendered":"Rock Gasita aus 100% Leinen"},"content":{"rendered":"<p>Modischer Rock in Midi L\u00e4nge<\/p>\n<ul>\n<li>Pattentaschen an beiden Seiten<\/li>\n<li>Elastischer Bund<\/li>\n<li>Dekorative Teilungsn\u00e4hte<\/li>\n<li>Unser Modell ist 174 cm gro\u00df und tr\u00e4gt Gr\u00f6\u00dfe 1<\/li>\n<\/ul>\n","protected":false},"excerpt":{"rendered":"<p>Modischer Rock aus europ\u00e4ischem Leinen<\/p>\n","protected":false},"featured_media":57412,"comment_status":"closed","ping_status":"closed","template":"","meta":{"_acf_changed":false},"product_cat":[388,934],"product_tag":[],"class_list":{"0":"post-40318","1":"product","2":"type-product","3":"status-publish","4":"has-post-thumbnail","6":"product_cat-sale","7":"product_cat-rock-sale","9":"first","10":"outofstock","11":"sale","12":"taxable","13":"shipping-taxable","14":"purchasable","15":"product-type-variable","16":"has-default-attributes","17":"wvs-archive-product-wrapper"},"acf":[],"_links":{"self":[{"href":"https:\/\/elemente-clemente.de\/en\/wp-json\/wp\/v2\/product\/40318","targetHints":{"allow":["GET"]}}],"collection":[{"href":"https:\/\/elemente-clemente.de\/en\/wp-json\/wp\/v2\/product"}],"about":[{"href":"https:\/\/elemente-clemente.de\/en\/wp-json\/wp\/v2\/types\/product"}],"replies":[{"embeddable":true,"href":"https:\/\/elemente-clemente.de\/en\/wp-json\/wp\/v2\/comments?post=40318"}],"wp:featuredmedia":[{"embeddable":true,"href":"https:\/\/elemente-clemente.de\/en\/wp-json\/wp\/v2\/media\/57412"}],"wp:attachment":[{"href":"https:\/\/elemente-clemente.de\/en\/wp-json\/wp\/v2\/media?parent=40318"}],"wp:term":[{"taxonomy":"product_cat","embeddable":true,"href":"https:\/\/elemente-clemente.de\/en\/wp-json\/wp\/v2\/product_cat?post=40318"},{"taxonomy":"product_tag","embeddable":true,"href":"https:\/\/elemente-clemente.de\/en\/wp-json\/wp\/v2\/product_tag?post=40318"}],"curies":[{"name":"wp","href":"https:\/\/api.w.org\/{rel}","templated":true}]}}