{"id":40277,"date":"2023-10-12T14:22:47","date_gmt":"2023-10-12T12:22:47","guid":{"rendered":"https:\/\/elemente-clemente.de\/?post_type=product&#038;p=40277"},"modified":"2026-04-15T18:59:50","modified_gmt":"2026-04-15T16:59:50","slug":"c14d292123-shorts-tamal","status":"publish","type":"product","link":"https:\/\/elemente-clemente.de\/en\/shop\/sale\/hose-sale\/c14d292123-shorts-tamal\/","title":{"rendered":"Shorts Tamal aus 100% Leinen"},"content":{"rendered":"<p>Ausgestellte, knielange Shorts mit eng anliegender Taille<\/p>\n<ul>\n<li>Seitlich kleine Schlitze am Saum<\/li>\n<li>Aufgesetzten Taschen<\/li>\n<li>Elastischer Bund<\/li>\n<li>Unser Modell ist 175 cm gro\u00df und tr\u00e4gt Gr\u00f6\u00dfe 1<\/li>\n<\/ul>\n","protected":false},"excerpt":{"rendered":"<p>Knielange Shorts aus Leinen<\/p>\n","protected":false},"featured_media":57398,"comment_status":"closed","ping_status":"closed","template":"","meta":{"_acf_changed":false},"product_cat":[388,371],"product_tag":[],"class_list":{"0":"post-40277","1":"product","2":"type-product","3":"status-publish","4":"has-post-thumbnail","6":"product_cat-sale","7":"product_cat-hose-sale","9":"first","10":"outofstock","11":"sale","12":"taxable","13":"shipping-taxable","14":"purchasable","15":"product-type-variable","16":"wvs-archive-product-wrapper"},"acf":[],"_links":{"self":[{"href":"https:\/\/elemente-clemente.de\/en\/wp-json\/wp\/v2\/product\/40277","targetHints":{"allow":["GET"]}}],"collection":[{"href":"https:\/\/elemente-clemente.de\/en\/wp-json\/wp\/v2\/product"}],"about":[{"href":"https:\/\/elemente-clemente.de\/en\/wp-json\/wp\/v2\/types\/product"}],"replies":[{"embeddable":true,"href":"https:\/\/elemente-clemente.de\/en\/wp-json\/wp\/v2\/comments?post=40277"}],"wp:featuredmedia":[{"embeddable":true,"href":"https:\/\/elemente-clemente.de\/en\/wp-json\/wp\/v2\/media\/57398"}],"wp:attachment":[{"href":"https:\/\/elemente-clemente.de\/en\/wp-json\/wp\/v2\/media?parent=40277"}],"wp:term":[{"taxonomy":"product_cat","embeddable":true,"href":"https:\/\/elemente-clemente.de\/en\/wp-json\/wp\/v2\/product_cat?post=40277"},{"taxonomy":"product_tag","embeddable":true,"href":"https:\/\/elemente-clemente.de\/en\/wp-json\/wp\/v2\/product_tag?post=40277"}],"curies":[{"name":"wp","href":"https:\/\/api.w.org\/{rel}","templated":true}]}}