{"id":39664,"date":"2023-10-02T13:49:41","date_gmt":"2023-10-02T11:49:41","guid":{"rendered":"https:\/\/elemente-clemente.de\/?post_type=product&#038;p=39664"},"modified":"2026-04-29T19:26:24","modified_gmt":"2026-04-29T17:26:24","slug":"c14g230123-pants-mali","status":"publish","type":"product","link":"https:\/\/elemente-clemente.de\/en\/shop\/sale\/hose-sale\/c14g230123-pants-mali\/","title":{"rendered":"Hose Mali aus 100% Leinen"},"content":{"rendered":"<p>Hose mit geradem Bein, gro\u00dfen aufgen\u00e4hten Eingrifftaschen<\/p>\n<ul>\n<li>Vorne flacher, fester Taillenbund<\/li>\n<li>Elastischer Gummizug im hinteren Bund<\/li>\n<li>Gerades Bein<\/li>\n<li>Gro\u00dfe aufgen\u00e4hte Taschen<\/li>\n<li>Unser Modell 174 cm gro\u00df und tr\u00e4gt Gr\u00f6\u00dfe 1<\/li>\n<\/ul>\n","protected":false},"excerpt":{"rendered":"<p>Hose mit geradem Bein aus europ\u00e4ischem Leinen<\/p>\n","protected":false},"featured_media":57448,"comment_status":"closed","ping_status":"closed","template":"","meta":{"_acf_changed":false},"product_cat":[388,371],"product_tag":[],"class_list":{"0":"post-39664","1":"product","2":"type-product","3":"status-publish","4":"has-post-thumbnail","6":"product_cat-sale","7":"product_cat-hose-sale","9":"first","10":"outofstock","11":"sale","12":"taxable","13":"shipping-taxable","14":"purchasable","15":"product-type-variable","16":"wvs-archive-product-wrapper"},"acf":[],"_links":{"self":[{"href":"https:\/\/elemente-clemente.de\/en\/wp-json\/wp\/v2\/product\/39664","targetHints":{"allow":["GET"]}}],"collection":[{"href":"https:\/\/elemente-clemente.de\/en\/wp-json\/wp\/v2\/product"}],"about":[{"href":"https:\/\/elemente-clemente.de\/en\/wp-json\/wp\/v2\/types\/product"}],"replies":[{"embeddable":true,"href":"https:\/\/elemente-clemente.de\/en\/wp-json\/wp\/v2\/comments?post=39664"}],"wp:featuredmedia":[{"embeddable":true,"href":"https:\/\/elemente-clemente.de\/en\/wp-json\/wp\/v2\/media\/57448"}],"wp:attachment":[{"href":"https:\/\/elemente-clemente.de\/en\/wp-json\/wp\/v2\/media?parent=39664"}],"wp:term":[{"taxonomy":"product_cat","embeddable":true,"href":"https:\/\/elemente-clemente.de\/en\/wp-json\/wp\/v2\/product_cat?post=39664"},{"taxonomy":"product_tag","embeddable":true,"href":"https:\/\/elemente-clemente.de\/en\/wp-json\/wp\/v2\/product_tag?post=39664"}],"curies":[{"name":"wp","href":"https:\/\/api.w.org\/{rel}","templated":true}]}}