{"id":38916,"date":"2023-09-28T14:59:12","date_gmt":"2023-09-28T12:59:12","guid":{"rendered":"https:\/\/elemente-clemente.de\/?post_type=product&#038;p=38916"},"modified":"2026-04-05T18:48:56","modified_gmt":"2026-04-05T16:48:56","slug":"hose-rayla-aus-100-leinen","status":"publish","type":"product","link":"https:\/\/elemente-clemente.de\/en\/shop\/sale\/hose-sale\/hose-rayla-aus-100-leinen\/","title":{"rendered":"Hose Rayla aus 100% Leinen"},"content":{"rendered":"<p>Bequeme Hose in leichtem O-Shape geschnitten, an der H\u00fcfte anliegend<\/p>\n<ul>\n<li>Hoher Tragekomfort durch Gummi im hinteren Bund<\/li>\n<li>Lockerer, figurbetonter Schnitt<\/li>\n<li>Seitliche Taschen<\/li>\n<li>Unser Modell ist 175 cm gro\u00df und tr\u00e4gt Gr\u00f6\u00dfe 1<\/li>\n<\/ul>\n","protected":false},"excerpt":{"rendered":"<p>Bequeme Hose in leichtem O-Shape geschnitten, an der H\u00fcfte anliegend<\/p>\n","protected":false},"featured_media":57840,"comment_status":"closed","ping_status":"closed","template":"","meta":{"_acf_changed":false},"product_cat":[388,371],"product_tag":[],"class_list":{"0":"post-38916","1":"product","2":"type-product","3":"status-publish","4":"has-post-thumbnail","6":"product_cat-sale","7":"product_cat-hose-sale","9":"first","10":"outofstock","11":"sale","12":"taxable","13":"shipping-taxable","14":"purchasable","15":"product-type-variable","16":"wvs-archive-product-wrapper"},"acf":[],"_links":{"self":[{"href":"https:\/\/elemente-clemente.de\/en\/wp-json\/wp\/v2\/product\/38916","targetHints":{"allow":["GET"]}}],"collection":[{"href":"https:\/\/elemente-clemente.de\/en\/wp-json\/wp\/v2\/product"}],"about":[{"href":"https:\/\/elemente-clemente.de\/en\/wp-json\/wp\/v2\/types\/product"}],"replies":[{"embeddable":true,"href":"https:\/\/elemente-clemente.de\/en\/wp-json\/wp\/v2\/comments?post=38916"}],"wp:featuredmedia":[{"embeddable":true,"href":"https:\/\/elemente-clemente.de\/en\/wp-json\/wp\/v2\/media\/57840"}],"wp:attachment":[{"href":"https:\/\/elemente-clemente.de\/en\/wp-json\/wp\/v2\/media?parent=38916"}],"wp:term":[{"taxonomy":"product_cat","embeddable":true,"href":"https:\/\/elemente-clemente.de\/en\/wp-json\/wp\/v2\/product_cat?post=38916"},{"taxonomy":"product_tag","embeddable":true,"href":"https:\/\/elemente-clemente.de\/en\/wp-json\/wp\/v2\/product_tag?post=38916"}],"curies":[{"name":"wp","href":"https:\/\/api.w.org\/{rel}","templated":true}]}}