{"id":38160,"date":"2023-09-26T10:22:31","date_gmt":"2023-09-26T08:22:31","guid":{"rendered":"https:\/\/elemente-clemente.de\/?post_type=product&#038;p=38160"},"modified":"2026-04-29T18:59:37","modified_gmt":"2026-04-29T16:59:37","slug":"c14d337114-jacket-madile","status":"publish","type":"product","link":"https:\/\/elemente-clemente.de\/en\/shop\/sale\/jacke-sale\/c14d337114-jacket-madile\/","title":{"rendered":"Jacket Madile aus 100% Leinen"},"content":{"rendered":"<p>Kurze, kastige Jacke<\/p>\n<ul>\n<li>Klassischer Reverskragen<\/li>\n<li>Aufgesetzten Taschen<\/li>\n<li>Schlitz an den Manschetten<\/li>\n<li>Unser Modell ist 174cm gro\u00df und tr\u00e4gt Gr\u00f6\u00dfe 1<\/li>\n<\/ul>\n","protected":false},"excerpt":{"rendered":"<p>Jacke aus 100% Leinen<\/p>\n","protected":false},"featured_media":57296,"comment_status":"closed","ping_status":"closed","template":"","meta":{"_acf_changed":false},"product_cat":[388,373],"product_tag":[],"class_list":{"0":"post-38160","1":"product","2":"type-product","3":"status-publish","4":"has-post-thumbnail","6":"product_cat-sale","7":"product_cat-jacke-sale","9":"first","10":"outofstock","11":"sale","12":"taxable","13":"shipping-taxable","14":"purchasable","15":"product-type-variable","16":"wvs-archive-product-wrapper"},"acf":[],"_links":{"self":[{"href":"https:\/\/elemente-clemente.de\/en\/wp-json\/wp\/v2\/product\/38160","targetHints":{"allow":["GET"]}}],"collection":[{"href":"https:\/\/elemente-clemente.de\/en\/wp-json\/wp\/v2\/product"}],"about":[{"href":"https:\/\/elemente-clemente.de\/en\/wp-json\/wp\/v2\/types\/product"}],"replies":[{"embeddable":true,"href":"https:\/\/elemente-clemente.de\/en\/wp-json\/wp\/v2\/comments?post=38160"}],"wp:featuredmedia":[{"embeddable":true,"href":"https:\/\/elemente-clemente.de\/en\/wp-json\/wp\/v2\/media\/57296"}],"wp:attachment":[{"href":"https:\/\/elemente-clemente.de\/en\/wp-json\/wp\/v2\/media?parent=38160"}],"wp:term":[{"taxonomy":"product_cat","embeddable":true,"href":"https:\/\/elemente-clemente.de\/en\/wp-json\/wp\/v2\/product_cat?post=38160"},{"taxonomy":"product_tag","embeddable":true,"href":"https:\/\/elemente-clemente.de\/en\/wp-json\/wp\/v2\/product_tag?post=38160"}],"curies":[{"name":"wp","href":"https:\/\/api.w.org\/{rel}","templated":true}]}}