{"id":37847,"date":"2023-09-22T16:41:57","date_gmt":"2023-09-22T14:41:57","guid":{"rendered":"https:\/\/elemente-clemente.de\/?post_type=product&#038;p=37847"},"modified":"2026-04-08T18:41:58","modified_gmt":"2026-04-08T16:41:58","slug":"c14d121055-blouse-kabo","status":"publish","type":"product","link":"https:\/\/elemente-clemente.de\/en\/shop\/sale\/bluse-sale\/c14d121055-blouse-kabo\/","title":{"rendered":"Blouse Kabo aus 100% Leinen"},"content":{"rendered":"<p>Klassische, oversize Hemdbluse<\/p>\n<ul>\n<li>Lange \u00c4rmel<\/li>\n<li>Klassischer Hemdblusenschnitt<\/li>\n<li>Seitliche Schlitze Seitenschlitzen am Saum und quadratischen<\/li>\n<li>Aufgesetzten Brusttaschen.<\/li>\n<li>Hinten etwas l\u00e4nger geschnitten.<\/li>\n<li>Unser Modell ist 174 cm gro\u00df und tr\u00e4gt Gr\u00f6\u00dfe I<\/li>\n<\/ul>\n","protected":false},"excerpt":{"rendered":"<p>Klassische Hemdbluse aus europ\u00e4ischem Leinen<\/p>\n","protected":false},"featured_media":57226,"comment_status":"closed","ping_status":"closed","template":"","meta":{"_acf_changed":false},"product_cat":[388,401],"product_tag":[999],"class_list":{"0":"post-37847","1":"product","2":"type-product","3":"status-publish","4":"has-post-thumbnail","6":"product_cat-sale","7":"product_cat-bluse-sale","8":"product_tag-leinen","10":"first","11":"outofstock","12":"sale","13":"taxable","14":"shipping-taxable","15":"purchasable","16":"product-type-variable","17":"wvs-archive-product-wrapper"},"acf":[],"_links":{"self":[{"href":"https:\/\/elemente-clemente.de\/en\/wp-json\/wp\/v2\/product\/37847","targetHints":{"allow":["GET"]}}],"collection":[{"href":"https:\/\/elemente-clemente.de\/en\/wp-json\/wp\/v2\/product"}],"about":[{"href":"https:\/\/elemente-clemente.de\/en\/wp-json\/wp\/v2\/types\/product"}],"replies":[{"embeddable":true,"href":"https:\/\/elemente-clemente.de\/en\/wp-json\/wp\/v2\/comments?post=37847"}],"wp:featuredmedia":[{"embeddable":true,"href":"https:\/\/elemente-clemente.de\/en\/wp-json\/wp\/v2\/media\/57226"}],"wp:attachment":[{"href":"https:\/\/elemente-clemente.de\/en\/wp-json\/wp\/v2\/media?parent=37847"}],"wp:term":[{"taxonomy":"product_cat","embeddable":true,"href":"https:\/\/elemente-clemente.de\/en\/wp-json\/wp\/v2\/product_cat?post=37847"},{"taxonomy":"product_tag","embeddable":true,"href":"https:\/\/elemente-clemente.de\/en\/wp-json\/wp\/v2\/product_tag?post=37847"}],"curies":[{"name":"wp","href":"https:\/\/api.w.org\/{rel}","templated":true}]}}