{"id":37711,"date":"2023-09-22T14:18:25","date_gmt":"2023-09-22T12:18:25","guid":{"rendered":"https:\/\/elemente-clemente.de\/?post_type=product&#038;p=37711"},"modified":"2026-04-08T19:12:36","modified_gmt":"2026-04-08T17:12:36","slug":"c14d632055-vest-yune","status":"publish","type":"product","link":"https:\/\/elemente-clemente.de\/en\/shop\/sale\/shirt-sale\/c14d632055-vest-yune\/","title":{"rendered":"Weste Yune aus 100% Leinen"},"content":{"rendered":"<p>Kurze, gerade geschnittene Weste mit kleinen Seitenschlitzen<\/p>\n<ul>\n<li>V-Ausschnitt<\/li>\n<li>Knopfleiste<\/li>\n<li>Abgerundeter Saum<\/li>\n<li>Seitlich kleine Schlitze<\/li>\n<li>Unser Modell ist 176 cm gro\u00df und tr\u00e4gt Gr\u00f6\u00dfe 1<\/li>\n<\/ul>\n<p>&nbsp;<\/p>\n<p>&nbsp;<\/p>\n<p>&nbsp;<\/p>\n","protected":false},"excerpt":{"rendered":"<p>Weste aus Leinen mit Knopfleiste<\/p>\n","protected":false},"featured_media":57946,"comment_status":"closed","ping_status":"closed","template":"","meta":{"_acf_changed":false},"product_cat":[388,385,494],"product_tag":[],"class_list":{"0":"post-37711","1":"product","2":"type-product","3":"status-publish","4":"has-post-thumbnail","6":"product_cat-sale","7":"product_cat-shirt-sale","8":"product_cat-top","10":"first","11":"outofstock","12":"sale","13":"taxable","14":"shipping-taxable","15":"purchasable","16":"product-type-variable","17":"wvs-archive-product-wrapper"},"acf":[],"_links":{"self":[{"href":"https:\/\/elemente-clemente.de\/en\/wp-json\/wp\/v2\/product\/37711","targetHints":{"allow":["GET"]}}],"collection":[{"href":"https:\/\/elemente-clemente.de\/en\/wp-json\/wp\/v2\/product"}],"about":[{"href":"https:\/\/elemente-clemente.de\/en\/wp-json\/wp\/v2\/types\/product"}],"replies":[{"embeddable":true,"href":"https:\/\/elemente-clemente.de\/en\/wp-json\/wp\/v2\/comments?post=37711"}],"wp:featuredmedia":[{"embeddable":true,"href":"https:\/\/elemente-clemente.de\/en\/wp-json\/wp\/v2\/media\/57946"}],"wp:attachment":[{"href":"https:\/\/elemente-clemente.de\/en\/wp-json\/wp\/v2\/media?parent=37711"}],"wp:term":[{"taxonomy":"product_cat","embeddable":true,"href":"https:\/\/elemente-clemente.de\/en\/wp-json\/wp\/v2\/product_cat?post=37711"},{"taxonomy":"product_tag","embeddable":true,"href":"https:\/\/elemente-clemente.de\/en\/wp-json\/wp\/v2\/product_tag?post=37711"}],"curies":[{"name":"wp","href":"https:\/\/api.w.org\/{rel}","templated":true}]}}