{"id":37628,"date":"2023-09-21T17:44:44","date_gmt":"2023-09-21T15:44:44","guid":{"rendered":"https:\/\/elemente-clemente.de\/?post_type=product&#038;p=37628"},"modified":"2026-04-08T19:05:10","modified_gmt":"2026-04-08T17:05:10","slug":"c14d412055-dress-ede","status":"publish","type":"product","link":"https:\/\/elemente-clemente.de\/en\/shop\/sale\/kleid-2\/c14d412055-dress-ede\/","title":{"rendered":"Dress Ede aus 100% Leinen"},"content":{"rendered":"<p>Knielanges Kleid mit abgerundetem Saum<\/p>\n<ul>\n<li>Kleiner Stehkragen<\/li>\n<li>Halbe Knopfleiste<\/li>\n<li>Lange \u00c4rmel mit schmalen Manschetten<\/li>\n<li>Unser Modell ist 174 cm gro\u00df und tr\u00e4gt Gr\u00f6\u00dfe 1<\/li>\n<\/ul>\n","protected":false},"excerpt":{"rendered":"<p>Knielanges Kleid mit seitlichen Schlitzen<\/p>\n","protected":false},"featured_media":57532,"comment_status":"closed","ping_status":"closed","template":"","meta":{"_acf_changed":false},"product_cat":[388,389],"product_tag":[],"class_list":{"0":"post-37628","1":"product","2":"type-product","3":"status-publish","4":"has-post-thumbnail","6":"product_cat-sale","7":"product_cat-kleid-2","9":"first","10":"outofstock","11":"sale","12":"taxable","13":"shipping-taxable","14":"purchasable","15":"product-type-variable","16":"wvs-archive-product-wrapper"},"acf":[],"_links":{"self":[{"href":"https:\/\/elemente-clemente.de\/en\/wp-json\/wp\/v2\/product\/37628","targetHints":{"allow":["GET"]}}],"collection":[{"href":"https:\/\/elemente-clemente.de\/en\/wp-json\/wp\/v2\/product"}],"about":[{"href":"https:\/\/elemente-clemente.de\/en\/wp-json\/wp\/v2\/types\/product"}],"replies":[{"embeddable":true,"href":"https:\/\/elemente-clemente.de\/en\/wp-json\/wp\/v2\/comments?post=37628"}],"wp:featuredmedia":[{"embeddable":true,"href":"https:\/\/elemente-clemente.de\/en\/wp-json\/wp\/v2\/media\/57532"}],"wp:attachment":[{"href":"https:\/\/elemente-clemente.de\/en\/wp-json\/wp\/v2\/media?parent=37628"}],"wp:term":[{"taxonomy":"product_cat","embeddable":true,"href":"https:\/\/elemente-clemente.de\/en\/wp-json\/wp\/v2\/product_cat?post=37628"},{"taxonomy":"product_tag","embeddable":true,"href":"https:\/\/elemente-clemente.de\/en\/wp-json\/wp\/v2\/product_tag?post=37628"}],"curies":[{"name":"wp","href":"https:\/\/api.w.org\/{rel}","templated":true}]}}