{"id":37587,"date":"2023-09-21T15:50:11","date_gmt":"2023-09-21T13:50:11","guid":{"rendered":"https:\/\/elemente-clemente.de\/?post_type=product&#038;p=37587"},"modified":"2026-04-29T19:06:54","modified_gmt":"2026-04-29T17:06:54","slug":"c14d624015-shirt-okoro","status":"publish","type":"product","link":"https:\/\/elemente-clemente.de\/en\/shop\/sale\/shirt-sale\/c14d624015-shirt-okoro\/","title":{"rendered":"Shirt Okoro aus recycelter Mikrofaser"},"content":{"rendered":"<p>Flie\u00dfendes, Shirt mit 3\/4-\u00c4rmeln<\/p>\n<ul>\n<li>\u00a0Seitliche Schlitze<\/li>\n<li>Rundhalsausschnitt<\/li>\n<li>Offene Saumkanten<\/li>\n<li>Unser Modell ist 174 cm gro\u00df und tr\u00e4gt Gr\u00f6\u00dfe 0<\/li>\n<\/ul>\n<p>&nbsp;<\/p>\n","protected":false},"excerpt":{"rendered":"<p>Flie\u00dfendes, Shirt mit 3\/4-\u00c4rmeln und Seitenschlitzen<\/p>\n","protected":false},"featured_media":57544,"comment_status":"closed","ping_status":"closed","template":"","meta":{"_acf_changed":false},"product_cat":[388,385,494],"product_tag":[1011],"class_list":{"0":"post-37587","1":"product","2":"type-product","3":"status-publish","4":"has-post-thumbnail","6":"product_cat-sale","7":"product_cat-shirt-sale","8":"product_cat-top","9":"product_tag-polyamide","11":"first","12":"outofstock","13":"taxable","14":"shipping-taxable","15":"purchasable","16":"product-type-variable","17":"wvs-archive-product-wrapper"},"acf":[],"_links":{"self":[{"href":"https:\/\/elemente-clemente.de\/en\/wp-json\/wp\/v2\/product\/37587","targetHints":{"allow":["GET"]}}],"collection":[{"href":"https:\/\/elemente-clemente.de\/en\/wp-json\/wp\/v2\/product"}],"about":[{"href":"https:\/\/elemente-clemente.de\/en\/wp-json\/wp\/v2\/types\/product"}],"replies":[{"embeddable":true,"href":"https:\/\/elemente-clemente.de\/en\/wp-json\/wp\/v2\/comments?post=37587"}],"wp:featuredmedia":[{"embeddable":true,"href":"https:\/\/elemente-clemente.de\/en\/wp-json\/wp\/v2\/media\/57544"}],"wp:attachment":[{"href":"https:\/\/elemente-clemente.de\/en\/wp-json\/wp\/v2\/media?parent=37587"}],"wp:term":[{"taxonomy":"product_cat","embeddable":true,"href":"https:\/\/elemente-clemente.de\/en\/wp-json\/wp\/v2\/product_cat?post=37587"},{"taxonomy":"product_tag","embeddable":true,"href":"https:\/\/elemente-clemente.de\/en\/wp-json\/wp\/v2\/product_tag?post=37587"}],"curies":[{"name":"wp","href":"https:\/\/api.w.org\/{rel}","templated":true}]}}