{"id":37414,"date":"2023-09-19T11:32:05","date_gmt":"2023-09-19T09:32:05","guid":{"rendered":"https:\/\/elemente-clemente.de\/?post_type=product&#038;p=37414"},"modified":"2026-04-29T18:43:36","modified_gmt":"2026-04-29T16:43:36","slug":"c14d134015-blouse-tege","status":"publish","type":"product","link":"https:\/\/elemente-clemente.de\/en\/shop\/sale\/bluse-sale\/c14d134015-blouse-tege\/","title":{"rendered":"Bluse Tege aus recycelter Mikrofaser"},"content":{"rendered":"<p>Kastig geschnittene Bluse<\/p>\n<ul>\n<li>Kleiner Kragen<\/li>\n<li>Fledermaus\u00e4rmel mit \u00c4rmellaschen<\/li>\n<li>Durchgehende Knopfleiste<\/li>\n<li>Vorne k\u00fcrzer und seitliche kleine Schlitze<\/li>\n<li>Unser Modell ist 175 cm gro\u00df und tr\u00e4gt Gr\u00f6\u00dfe I<\/li>\n<\/ul>\n","protected":false},"excerpt":{"rendered":"<p>Kastig geschnittene Bluse mit Fledermaus\u00e4rmeln und kleinem Kragen<\/p>\n","protected":false},"featured_media":57814,"comment_status":"closed","ping_status":"closed","template":"","meta":{"_acf_changed":false},"product_cat":[388,401],"product_tag":[1011],"class_list":{"0":"post-37414","1":"product","2":"type-product","3":"status-publish","4":"has-post-thumbnail","6":"product_cat-sale","7":"product_cat-bluse-sale","8":"product_tag-polyamide","10":"first","11":"outofstock","12":"taxable","13":"shipping-taxable","14":"purchasable","15":"product-type-variable","16":"wvs-archive-product-wrapper"},"acf":[],"_links":{"self":[{"href":"https:\/\/elemente-clemente.de\/en\/wp-json\/wp\/v2\/product\/37414","targetHints":{"allow":["GET"]}}],"collection":[{"href":"https:\/\/elemente-clemente.de\/en\/wp-json\/wp\/v2\/product"}],"about":[{"href":"https:\/\/elemente-clemente.de\/en\/wp-json\/wp\/v2\/types\/product"}],"replies":[{"embeddable":true,"href":"https:\/\/elemente-clemente.de\/en\/wp-json\/wp\/v2\/comments?post=37414"}],"wp:featuredmedia":[{"embeddable":true,"href":"https:\/\/elemente-clemente.de\/en\/wp-json\/wp\/v2\/media\/57814"}],"wp:attachment":[{"href":"https:\/\/elemente-clemente.de\/en\/wp-json\/wp\/v2\/media?parent=37414"}],"wp:term":[{"taxonomy":"product_cat","embeddable":true,"href":"https:\/\/elemente-clemente.de\/en\/wp-json\/wp\/v2\/product_cat?post=37414"},{"taxonomy":"product_tag","embeddable":true,"href":"https:\/\/elemente-clemente.de\/en\/wp-json\/wp\/v2\/product_tag?post=37414"}],"curies":[{"name":"wp","href":"https:\/\/api.w.org\/{rel}","templated":true}]}}