{"id":136598,"date":"2026-04-29T15:56:36","date_gmt":"2026-04-29T13:56:36","guid":{"rendered":"https:\/\/elemente-clemente.de\/?post_type=product&#038;p=136598"},"modified":"2026-04-30T00:22:11","modified_gmt":"2026-04-29T22:22:11","slug":"caftan-nura-fs0-u1d493-1176","status":"publish","type":"product","link":"https:\/\/elemente-clemente.de\/en\/shop\/frauuuhlig\/caftan-nura-fs0-u1d493-1176\/","title":{"rendered":"Kaftan Nura dip-dye aus EcoVero\u2122 Viskose mit recyceltem Polyamid"},"content":{"rendered":"<p class=\"p1\">L\u00e4ssig weit geschnittener Kaftan \u2013 perfekt f\u00fcr einen entspannten und stilvollen Look. Das besondere Highlight ist die aufwendige DipDye-F\u00e4rbung, die jedem St\u00fcck eine einzigartige, farbenfrohe Note verleiht. Die Einheitsgr\u00f6\u00dfe sorgt f\u00fcr eine bequeme Passform, Hergestellt aus feiner EcoVero\u2122 Viskose in Kombination mit recyceltem Polyamid, bietet der Kaftan ein angenehmes Tragegef\u00fchl und einen sch\u00f6nen Fall. Die Knopfleiste in der vorderen Mitte und seitliche Schlitze runden das Modell ab. Ein vielseitiges Kleidungsst\u00fcck, das Komfort und Stil perfekt vereint!<\/p>\n<p>Gemessen von der Schulter bis zur Saumkante hat der Kaftan eine L\u00e4nge von 118 cm<\/p>\n","protected":false},"excerpt":{"rendered":"<p>L\u00e4ssig weit geschnittener Kaftan \u2013 perfekt f\u00fcr einen entspannten und stilvollen Look. Das besondere Highlight ist die aufwendige DipDye-F\u00e4rbung, die jedem St\u00fcck eine einzigartige, farbenfrohe Note verleiht. Die Einheitsgr\u00f6\u00dfe sorgt f\u00fcr eine bequeme Passform, Hergestellt aus feiner EcoVero\u2122 Viskose in Kombination mit recyceltem Polyamid, bietet der Kaftan ein angenehmes Tragegef\u00fchl und einen sch\u00f6nen Fall. Die [&hellip;]<\/p>\n","protected":false},"featured_media":136586,"comment_status":"open","ping_status":"closed","template":"","meta":{"_acf_changed":false},"product_cat":[923],"product_tag":[],"class_list":{"0":"post-136598","1":"product","2":"type-product","3":"status-publish","4":"has-post-thumbnail","6":"product_cat-frauuuhlig","8":"first","9":"instock","10":"taxable","11":"shipping-taxable","12":"purchasable","13":"product-type-variable","14":"wvs-archive-product-wrapper"},"acf":[],"_links":{"self":[{"href":"https:\/\/elemente-clemente.de\/en\/wp-json\/wp\/v2\/product\/136598","targetHints":{"allow":["GET"]}}],"collection":[{"href":"https:\/\/elemente-clemente.de\/en\/wp-json\/wp\/v2\/product"}],"about":[{"href":"https:\/\/elemente-clemente.de\/en\/wp-json\/wp\/v2\/types\/product"}],"replies":[{"embeddable":true,"href":"https:\/\/elemente-clemente.de\/en\/wp-json\/wp\/v2\/comments?post=136598"}],"wp:featuredmedia":[{"embeddable":true,"href":"https:\/\/elemente-clemente.de\/en\/wp-json\/wp\/v2\/media\/136586"}],"wp:attachment":[{"href":"https:\/\/elemente-clemente.de\/en\/wp-json\/wp\/v2\/media?parent=136598"}],"wp:term":[{"taxonomy":"product_cat","embeddable":true,"href":"https:\/\/elemente-clemente.de\/en\/wp-json\/wp\/v2\/product_cat?post=136598"},{"taxonomy":"product_tag","embeddable":true,"href":"https:\/\/elemente-clemente.de\/en\/wp-json\/wp\/v2\/product_tag?post=136598"}],"curies":[{"name":"wp","href":"https:\/\/api.w.org\/{rel}","templated":true}]}}