{"id":121517,"date":"2026-03-20T15:11:35","date_gmt":"2026-03-20T14:11:35","guid":{"rendered":"https:\/\/elemente-clemente.de\/?post_type=product&#038;p=121517"},"modified":"2026-04-15T01:45:29","modified_gmt":"2026-04-14T23:45:29","slug":"shirt-rike-hw0-u2d618-1184","status":"publish","type":"product","link":"https:\/\/elemente-clemente.de\/en\/shop\/frauuuhlig\/shirt-rike-hw0-u2d618-1184\/","title":{"rendered":"The Batik Shirt schwarz"},"content":{"rendered":"<p class=\"p1\">Wir haben den Dreh raus \u2013 bei \u00bbThe Shirt\u00ab aus Bio-Baumwolle sind zwei raffinierte Dreieckselemente am Saum eingesetzt \u2013 unser Twist l\u00e4sst weibliche Figuren unbeschreiblich aussehen! Das hochwertige Material sorgt f\u00fcr ein superweiches Tragegef\u00fchl.<\/p>\n","protected":false},"excerpt":{"rendered":"<p>Wir haben den Dreh raus \u2013 bei \u00bbThe Shirt\u00ab aus Bio-Baumwolle sind zwei raffinierte Dreieckselemente am Saum eingesetzt \u2013 unser Twist l\u00e4sst weibliche Figuren unbeschreiblich aussehen! Das hochwertige Material sorgt f\u00fcr ein superweiches Tragegef\u00fchl.<\/p>\n","protected":false},"featured_media":133588,"comment_status":"open","ping_status":"closed","template":"","meta":{"_acf_changed":false},"product_cat":[923],"product_tag":[],"class_list":{"0":"post-121517","1":"product","2":"type-product","3":"status-publish","4":"has-post-thumbnail","6":"product_cat-frauuuhlig","8":"first","9":"outofstock","10":"taxable","11":"shipping-taxable","12":"purchasable","13":"product-type-variable","14":"wvs-archive-product-wrapper"},"acf":[],"_links":{"self":[{"href":"https:\/\/elemente-clemente.de\/en\/wp-json\/wp\/v2\/product\/121517","targetHints":{"allow":["GET"]}}],"collection":[{"href":"https:\/\/elemente-clemente.de\/en\/wp-json\/wp\/v2\/product"}],"about":[{"href":"https:\/\/elemente-clemente.de\/en\/wp-json\/wp\/v2\/types\/product"}],"replies":[{"embeddable":true,"href":"https:\/\/elemente-clemente.de\/en\/wp-json\/wp\/v2\/comments?post=121517"}],"wp:featuredmedia":[{"embeddable":true,"href":"https:\/\/elemente-clemente.de\/en\/wp-json\/wp\/v2\/media\/133588"}],"wp:attachment":[{"href":"https:\/\/elemente-clemente.de\/en\/wp-json\/wp\/v2\/media?parent=121517"}],"wp:term":[{"taxonomy":"product_cat","embeddable":true,"href":"https:\/\/elemente-clemente.de\/en\/wp-json\/wp\/v2\/product_cat?post=121517"},{"taxonomy":"product_tag","embeddable":true,"href":"https:\/\/elemente-clemente.de\/en\/wp-json\/wp\/v2\/product_tag?post=121517"}],"curies":[{"name":"wp","href":"https:\/\/api.w.org\/{rel}","templated":true}]}}