{"id":108137,"date":"2026-02-09T17:23:32","date_gmt":"2026-02-09T16:23:32","guid":{"rendered":"https:\/\/elemente-clemente.de\/?post_type=product&#038;p=108137"},"modified":"2026-04-29T23:46:54","modified_gmt":"2026-04-29T21:46:54","slug":"jacket-ranea-fs26-c16d370-1165","status":"publish","type":"product","link":"https:\/\/elemente-clemente.de\/en\/shop\/fruehjahr-sommer-2026\/jacke-mantel-fruehjahr-sommer-2026\/jacket-ranea-fs26-c16d370-1165\/","title":{"rendered":"Jacke Ranea"},"content":{"rendered":"<p class=\"p1\">Die perfekte Jacke f\u00fcr jede Gelegenheit<\/p>\n<p>Leicht ausgestellt in angesagtem A-Shape<br \/>\nRaglan\u00e4rmel f\u00fcr einen gef\u00e4lligen Look<br \/>\nAbgerundeter Stehkragen<br \/>\nGro\u00dfe aufgen\u00e4hte Taschen mit seitlichem Eingriff<br \/>\nDurchgehende Knopfleiste<\/p>\n","protected":false},"excerpt":{"rendered":"<p>Mischgwebe<\/p>\n","protected":false},"featured_media":123898,"comment_status":"open","ping_status":"closed","template":"","meta":{"_acf_changed":false},"product_cat":[1177,1182],"product_tag":[],"class_list":{"0":"post-108137","1":"product","2":"type-product","3":"status-publish","4":"has-post-thumbnail","6":"product_cat-fruehjahr-sommer-2026","7":"product_cat-jacke-mantel-fruehjahr-sommer-2026","9":"first","10":"instock","11":"taxable","12":"shipping-taxable","13":"purchasable","14":"product-type-variable","15":"wvs-archive-product-wrapper"},"acf":[],"_links":{"self":[{"href":"https:\/\/elemente-clemente.de\/en\/wp-json\/wp\/v2\/product\/108137","targetHints":{"allow":["GET"]}}],"collection":[{"href":"https:\/\/elemente-clemente.de\/en\/wp-json\/wp\/v2\/product"}],"about":[{"href":"https:\/\/elemente-clemente.de\/en\/wp-json\/wp\/v2\/types\/product"}],"replies":[{"embeddable":true,"href":"https:\/\/elemente-clemente.de\/en\/wp-json\/wp\/v2\/comments?post=108137"}],"wp:featuredmedia":[{"embeddable":true,"href":"https:\/\/elemente-clemente.de\/en\/wp-json\/wp\/v2\/media\/123898"}],"wp:attachment":[{"href":"https:\/\/elemente-clemente.de\/en\/wp-json\/wp\/v2\/media?parent=108137"}],"wp:term":[{"taxonomy":"product_cat","embeddable":true,"href":"https:\/\/elemente-clemente.de\/en\/wp-json\/wp\/v2\/product_cat?post=108137"},{"taxonomy":"product_tag","embeddable":true,"href":"https:\/\/elemente-clemente.de\/en\/wp-json\/wp\/v2\/product_tag?post=108137"}],"curies":[{"name":"wp","href":"https:\/\/api.w.org\/{rel}","templated":true}]}}