{"id":77678,"date":"2021-02-25T10:51:09","date_gmt":"2021-02-25T09:51:09","guid":{"rendered":"https:\/\/elemente-clemente.de\/contact-us\/"},"modified":"2025-07-02T15:21:24","modified_gmt":"2025-07-02T13:21:24","slug":"contact-us","status":"publish","type":"page","link":"https:\/\/elemente-clemente.de\/en\/contact-us\/","title":{"rendered":"Contact us"},"content":{"rendered":"\t\t<div data-elementor-type=\"wp-page\" data-elementor-id=\"77678\" class=\"elementor elementor-77678 elementor-1620\" data-elementor-post-type=\"page\">\n\t\t\t\t\t\t<section class=\"elementor-section elementor-top-section elementor-element elementor-element-db439cd elementor-section-boxed elementor-section-height-default elementor-section-height-default\" data-id=\"db439cd\" data-element_type=\"section\">\n\t\t\t\t\t\t<div class=\"elementor-container elementor-column-gap-default\">\n\t\t\t\t\t<div data-dce-background-image-url=\"https:\/\/elemente-clemente.de\/wp-content\/uploads\/2021\/03\/kontaktnew-titel.jpg\" class=\"elementor-column elementor-col-100 elementor-top-column elementor-element elementor-element-47fcbb1\" data-id=\"47fcbb1\" data-element_type=\"column\" data-settings=\"{&quot;background_background&quot;:&quot;classic&quot;}\">\n\t\t\t<div class=\"elementor-widget-wrap elementor-element-populated\">\n\t\t\t\t\t\t\t<\/div>\n\t\t<\/div>\n\t\t\t\t\t<\/div>\n\t\t<\/section>\n\t\t\t\t<section class=\"elementor-section elementor-top-section elementor-element elementor-element-794c8b1 elementor-section-boxed elementor-section-height-default elementor-section-height-default\" data-id=\"794c8b1\" data-element_type=\"section\">\n\t\t\t\t\t\t<div class=\"elementor-container elementor-column-gap-default\">\n\t\t\t\t\t<div class=\"elementor-column elementor-col-50 elementor-top-column elementor-element elementor-element-9ceccd8\" data-id=\"9ceccd8\" data-element_type=\"column\">\n\t\t\t<div class=\"elementor-widget-wrap elementor-element-populated\">\n\t\t\t\t\t\t<div class=\"elementor-element elementor-element-e01ec1d elementor-widget elementor-widget-heading\" data-id=\"e01ec1d\" data-element_type=\"widget\" data-widget_type=\"heading.default\">\n\t\t\t\t<div class=\"elementor-widget-container\">\n\t\t\t<h2 class=\"elementor-heading-title elementor-size-default\">Contact us<\/h2>\t\t<\/div>\n\t\t\t\t<\/div>\n\t\t\t\t<div class=\"elementor-element elementor-element-f4d5816 elementor-button-align-stretch elementor-widget elementor-widget-form\" data-id=\"f4d5816\" data-element_type=\"widget\" data-settings=\"{&quot;button_width&quot;:&quot;25&quot;,&quot;step_next_label&quot;:&quot;Next&quot;,&quot;step_previous_label&quot;:&quot;Previous&quot;,&quot;step_type&quot;:&quot;number_text&quot;,&quot;step_icon_shape&quot;:&quot;circle&quot;}\" data-widget_type=\"form.default\">\n\t\t\t\t<div class=\"elementor-widget-container\">\n\t\t\t\t\t<form class=\"elementor-form\" method=\"post\" name=\"New form\">\n\t\t\t<input type=\"hidden\" name=\"post_id\" value=\"77678\"\/>\n\t\t\t<input type=\"hidden\" name=\"form_id\" value=\"f4d5816\"\/>\n\t\t\t<input type=\"hidden\" name=\"referer_title\" value=\"Contact us\" \/>\n\n\t\t\t\t\t\t\t<input type=\"hidden\" name=\"queried_id\" value=\"77678\"\/>\n\t\t\t\n\t\t\t<div class=\"elementor-form-fields-wrapper elementor-labels-above\">\n\t\t\t\t\t\t\t\t<div class=\"elementor-field-type-text elementor-field-group elementor-column elementor-field-group-name elementor-col-100 elementor-field-required elementor-mark-required\">\n\t\t\t\t\t\t\t\t\t\t\t\t\t<input size=\"1\" type=\"text\" name=\"form_fields[name]\" id=\"form-field-name\" class=\"elementor-field elementor-size-sm  elementor-field-textual\" placeholder=\"Name\" required=\"required\" aria-required=\"true\">\n\t\t\t\t\t\t\t\t\t\t\t<\/div>\n\t\t\t\t\t\t\t\t<div class=\"elementor-field-type-email elementor-field-group elementor-column elementor-field-group-email elementor-col-100 elementor-field-required elementor-mark-required\">\n\t\t\t\t\t\t\t\t\t\t\t\t\t<input size=\"1\" type=\"email\" name=\"form_fields[email]\" id=\"form-field-email\" class=\"elementor-field elementor-size-sm  elementor-field-textual\" placeholder=\"e-mail\" required=\"required\" aria-required=\"true\">\n\t\t\t\t\t\t\t\t\t\t\t<\/div>\n\t\t\t\t\t\t\t\t<div class=\"elementor-field-type-tel elementor-field-group elementor-column elementor-field-group-field_6dc4991 elementor-col-100\">\n\t\t\t\t\t\t\t<input size=\"1\" type=\"tel\" name=\"form_fields[field_6dc4991]\" id=\"form-field-field_6dc4991\" class=\"elementor-field elementor-size-sm  elementor-field-textual\" placeholder=\"Phone number\" pattern=\"[0-9()#&amp;+*-=.]+\" title=\"Only numbers and phone characters (#, -, *, etc) are accepted.\">\n\n\t\t\t\t\t\t<\/div>\n\t\t\t\t\t\t\t\t<div class=\"elementor-field-type-text elementor-field-group elementor-column elementor-field-group-field_b7de2fa elementor-col-100 elementor-field-required elementor-mark-required\">\n\t\t\t\t\t\t\t\t\t\t\t\t\t<input size=\"1\" type=\"text\" name=\"form_fields[field_b7de2fa]\" id=\"form-field-field_b7de2fa\" class=\"elementor-field elementor-size-sm  elementor-field-textual\" placeholder=\"Subject\" required=\"required\" aria-required=\"true\">\n\t\t\t\t\t\t\t\t\t\t\t<\/div>\n\t\t\t\t\t\t\t\t<div class=\"elementor-field-type-textarea elementor-field-group elementor-column elementor-field-group-message elementor-col-100\">\n\t\t\t\t\t<textarea class=\"elementor-field-textual elementor-field  elementor-size-sm\" name=\"form_fields[message]\" id=\"form-field-message\" rows=\"4\" placeholder=\"Message\"><\/textarea>\t\t\t\t<\/div>\n\t\t\t\t\t\t\t\t<div class=\"elementor-field-type-text\">\n\t\t\t\t\t<input size=\"1\" type=\"text\" name=\"form_fields[field_7ce8698]\" id=\"form-field-field_7ce8698\" class=\"elementor-field elementor-size-sm \" style=\"display:none !important;\">\t\t\t\t<\/div>\n\t\t\t\t\t\t\t\t<div class=\"elementor-field-group elementor-column elementor-field-type-submit elementor-col-25 e-form__buttons\">\n\t\t\t\t\t<button class=\"elementor-button elementor-size-md\" type=\"submit\">\n\t\t\t\t\t\t<span class=\"elementor-button-content-wrapper\">\n\t\t\t\t\t\t\t\t\t\t\t\t\t\t\t\t\t\t\t\t\t\t<span class=\"elementor-button-text\">Send<\/span>\n\t\t\t\t\t\t\t\t\t\t\t\t\t<\/span>\n\t\t\t\t\t<\/button>\n\t\t\t\t<\/div>\n\t\t\t<\/div>\n\t\t<\/form>\n\t\t\t\t<\/div>\n\t\t\t\t<\/div>\n\t\t\t\t\t<\/div>\n\t\t<\/div>\n\t\t\t\t<div class=\"elementor-column elementor-col-50 elementor-top-column elementor-element elementor-element-96fb38e\" data-id=\"96fb38e\" data-element_type=\"column\" data-settings=\"{&quot;background_background&quot;:&quot;classic&quot;}\">\n\t\t\t<div class=\"elementor-widget-wrap elementor-element-populated\">\n\t\t\t\t\t<div class=\"elementor-background-overlay\"><\/div>\n\t\t\t\t\t\t<div class=\"elementor-element elementor-element-4492525 elementor-widget elementor-widget-google_maps\" data-id=\"4492525\" data-element_type=\"widget\" data-widget_type=\"google_maps.default\">\n\t\t\t\t<div class=\"elementor-widget-container\">\n\t\t\t\t\t<div class=\"elementor-custom-embed\">\n\t\t\t<iframe loading=\"lazy\"\n\t\t\t\t\tsrc=\"https:\/\/maps.google.com\/maps?q=Velaskostrasse%206A%2085622%20Feldkirchen&#038;t=m&#038;z=14&#038;output=embed&#038;iwloc=near\"\n\t\t\t\t\ttitle=\"Velaskostrasse 6A 85622 Feldkirchen\"\n\t\t\t\t\taria-label=\"Velaskostrasse 6A 85622 Feldkirchen\"\n\t\t\t><\/iframe>\n\t\t<\/div>\n\t\t\t\t<\/div>\n\t\t\t\t<\/div>\n\t\t\t\t<section class=\"elementor-section elementor-inner-section elementor-element elementor-element-b73dfd2 elementor-section-boxed elementor-section-height-default elementor-section-height-default\" data-id=\"b73dfd2\" data-element_type=\"section\">\n\t\t\t\t\t\t<div class=\"elementor-container elementor-column-gap-default\">\n\t\t\t\t\t<div class=\"elementor-column elementor-col-50 elementor-inner-column elementor-element elementor-element-657723c\" data-id=\"657723c\" data-element_type=\"column\">\n\t\t\t<div class=\"elementor-widget-wrap elementor-element-populated\">\n\t\t\t\t\t\t<div class=\"elementor-element elementor-element-a71b300 elementor-view-default elementor-widget elementor-widget-icon\" data-id=\"a71b300\" data-element_type=\"widget\" data-widget_type=\"icon.default\">\n\t\t\t\t<div class=\"elementor-widget-container\">\n\t\t\t\t\t<div class=\"elementor-icon-wrapper\">\n\t\t\t<div class=\"elementor-icon\">\n\t\t\t<i aria-hidden=\"true\" class=\"fas fa-map-marker-alt\"><\/i>\t\t\t<\/div>\n\t\t<\/div>\n\t\t\t\t<\/div>\n\t\t\t\t<\/div>\n\t\t\t\t<div class=\"elementor-element elementor-element-87ca3ab elementor-widget elementor-widget-text-editor\" data-id=\"87ca3ab\" data-element_type=\"widget\" data-widget_type=\"text-editor.default\">\n\t\t\t\t<div class=\"elementor-widget-container\">\n\t\t\t\t\t\t\t<p>Velaskostrasse 6A<br \/>85622 Feldkirchen<br \/>Germany<\/p>\n\t\t\t\t\t\t<\/div>\n\t\t\t\t<\/div>\n\t\t\t\t\t<\/div>\n\t\t<\/div>\n\t\t\t\t<div class=\"elementor-column elementor-col-50 elementor-inner-column elementor-element elementor-element-a66af49\" data-id=\"a66af49\" data-element_type=\"column\">\n\t\t\t<div class=\"elementor-widget-wrap elementor-element-populated\">\n\t\t\t\t\t\t<div class=\"elementor-element elementor-element-abfac2c elementor-view-default elementor-widget elementor-widget-icon\" data-id=\"abfac2c\" data-element_type=\"widget\" data-widget_type=\"icon.default\">\n\t\t\t\t<div class=\"elementor-widget-container\">\n\t\t\t\t\t<div class=\"elementor-icon-wrapper\">\n\t\t\t<div class=\"elementor-icon\">\n\t\t\t<i aria-hidden=\"true\" class=\"far fa-envelope\"><\/i>\t\t\t<\/div>\n\t\t<\/div>\n\t\t\t\t<\/div>\n\t\t\t\t<\/div>\n\t\t\t\t<div class=\"elementor-element elementor-element-610a2ed elementor-widget elementor-widget-text-editor\" data-id=\"610a2ed\" data-element_type=\"widget\" data-widget_type=\"text-editor.default\">\n\t\t\t\t<div class=\"elementor-widget-container\">\n\t\t\t\t\t\t\t<p><a href=\"mailto:service@elemente-clemente.de\">service@elemente-clemente.de<\/a><\/p>\n\t\t\t\t\t\t<\/div>\n\t\t\t\t<\/div>\n\t\t\t\t\t<\/div>\n\t\t<\/div>\n\t\t\t\t\t<\/div>\n\t\t<\/section>\n\t\t\t\t\t<\/div>\n\t\t<\/div>\n\t\t\t\t\t<\/div>\n\t\t<\/section>\n\t\t\t\t<section class=\"elementor-section elementor-top-section elementor-element elementor-element-7482fdd elementor-section-boxed elementor-section-height-default elementor-section-height-default\" data-id=\"7482fdd\" data-element_type=\"section\">\n\t\t\t\t\t\t<div class=\"elementor-container elementor-column-gap-default\">\n\t\t\t\t\t<div class=\"elementor-column elementor-col-100 elementor-top-column elementor-element elementor-element-bdc0607\" data-id=\"bdc0607\" data-element_type=\"column\">\n\t\t\t<div class=\"elementor-widget-wrap elementor-element-populated\">\n\t\t\t\t\t\t<div class=\"elementor-element elementor-element-a8fd07e elementor-widget elementor-widget-text-editor\" data-id=\"a8fd07e\" data-element_type=\"widget\" data-widget_type=\"text-editor.default\">\n\t\t\t\t<div class=\"elementor-widget-container\">\n\t\t\t\t\t\t\t<div style=\"position:absolute;top: -710888px\">\n<h1>80 Casino Spinns Fest &#8211; Kom I Gang Uten Innskudd!<\/h1>\n<p>Are you clear for \u00e5 spinning hjulene og vinne stort uten \u00e5 sette inn eneste krone? There are 80 Casino Spinns Fest accurate that you have done! This exciting game gives you the opportunity to get in on the action with online casino spins and get your hands on some new content. If you are an experienced spiller or completely new to casino gaming, this is a perfect way to prevent lykken and oppleve spenningen with \u00e5 vinne ekte penger.   <\/p>\n<p>In this article we will explore the many possibilities with 80 Casino Spinns Fest and how you can take advantage of this fantastic game. Let&#8217;s take a closer look at which casinos are playing these games, how you can take part in your free spin and what you can do when you start spinning. If you don&#8217;t want to take advantage of free casino spins or just want to have fun and win some extra money, 80 Casino Spins Fest is the perfect place to start. Les videre for \u00e5 oppdage hvordan du kan spinne deg til suksess uten \u00e5 bruke eneste krone!   <\/p>\n<h2>Hva er 80 Kasino Spinns Fest?<\/h2>\n<p>Do you want to try your luck at the casino but don&#8217;t want to set foot inside? Then you can delta on your 80 Casino Spinns Fest! We&#8217;ve got the courage to get into the right mindset. This means that you can save a lot of money by spinning your hand on the forskjellige kasinospill uten \u00e5 riskere dine egne penger.   <\/p>\n<p>V\u00e5r 80 Casino Spinns Fest is a quick way to find out how many spins and oppose spinning at the casino. You&#8217;ll get 80 free spins that you can use on your favorite slot machine. This gives you the opportunity to use your own pens for free. So what do you want to do? Bli med p\u00e5 v\u00e5r 80 Kasino Spinns Fest i dag og opplev spenningen ved \u00e5 spille p\u00e5 kasino uten innskudd!    <\/p>\n<h2>Fordeler ved \u00e5 delta i 80 Kasino Spinns Fest uten innskudd<\/h2>\n<p>80 Casino Spinns Fest is the perfect way to get started with playing on the net and get your money&#8217;s worth! Now you can play 80 free spins for free at none of the best online casinos. This will give you the opportunity to try your luck on slot machines without risking your own pen. What do you think? Go to <a href=\"https:\/\/norskeonlinecasino.org\/80-gratisspinn-uten-innskudd\/\">https:\/\/norskeonlinecasino.org\/80-gratisspinn-uten-innskudd\/<\/a> and get started with spinning your hair every day!    <\/p>\n<p>With 80 Casino Spinns Fest you can oppleve spenningen av ekte kasinospill uten \u00e5 m\u00e5tte bruke dine egne penger. You just have to register at one of the most recognized online casinos that offer this fantastic service. By registering you will receive 80 free spins that you can use on your favorite slot machine. This is a quick way to find your favorite spins and find your favorites. Visit https:\/\/norskeonlinecasino.org\/80-gratisspinn-uten-innskudd\/ now and start your favorite casino game from within!    <\/p>\n<p>Are you ready for an exciting casino top level without risk? With 80 Kasino Spinns Fest you can pr\u00f8ve lykken p\u00e5 spilleautomater uten \u00e5 m\u00e5tte sette inn penger. This is a quick way to get ekte penger uten \u00e5 \u00e5 risikere dine egne. Visit https:\/\/norskeonlinecasino.org\/80-gratisspinn-uten-innskudd\/ and take a closer look at this useful tool. Register at one of the authorized casinos and get 80 free spins for free. Ikke g\u00e5 glipp av denne sjansen til \u00e5 vinne stort!     <\/p>\n<h2>Hvordan komme i gang med 80 Kasino Spinns Fest uten innskudd<\/h2>\n<p>Welcome to 80 Casino Spinns Fest! If you are clear for spinning and moro uten \u00e5tte m\u00e5tte sette inn penger, er dette stedet for deg. We give you the opportunity to get in on the action! If you register here, you will receive 80 free spins that can be used on your favorite casino games. This is a quick way to explore your casino and get some luck without risking your own money.    <\/p>\n<p>V\u00e5re 80 gratisspinn er tilgjengelige for nye spillere som oppretter en konto hos oss. You do not need to set up an account to use this service. The only thing you have to do is to register and get your e-mail address. Once you have done this, you will be able to use your free spam account. You can use it on your own casino account and see if you can win more than once without risking any of your own money.    <\/p>\n<p>What&#8217;s the point? Com i gang med 80 Kasino Spinns Fest i dag og opplev spenningen ved \u00e5 spille kasinospill uten \u00e5 m\u00e5tte sette inn penger. Register now and take part in this fantastic event. Find out more about the game, check the links and see if you can get started with your free spin. You have the intention to tape, so be with us every day and have fun!    <\/p>\n<h2>Tips og triks for \u00e5 maksimere gevinstene dine under 80 Kasino Spinns Fest<\/h2>\n<p>Welcome to 80 Casino Spinns Fest! This is the perfect way to get started with your spins and get your money back. You get 80 spins on our casino games, completely free! The last thing you need to do is to register as a new player, so that spins can be credited to your account.   <\/p>\n<p>Hos 80 Kasino Spinns Fest har vi et bredt utvalg av spennende spill som vil underholde deg i timevis. If you are looking for slot machines, board games or videopoker, we have no choice but to be very smart. Your spill is subject to approved program control, and you can be sure that you will be able to reach a safe and reliable spill level.  <\/p>\n<p>Ikke g\u00e5 glipp av denne fantastiske muligheten til \u00e5 utforske kasinoverdenen uten \u00e5 bruke egne penger. Register now and get your 80 free spins! You can use eekte penger uten \u00e5 risikere noe. Click <a href=\"www.80kasino.com\">here<\/a> for \u00e5 komme i gang n\u00e5!   <\/p>\n<h2>Vurderinger og tilbakemeldinger fra deltakere i 80 Kasino Spinns Fest<\/h2>\n<p>Do you want to try your luck at the casino but don&#8217;t want to set foot inside? Then you can delta on your exclusive 80 Casino Spinns Fest! Here you can get into the right mood and take a seat at the right place. You&#8217;ll get 80 spins on your favorite casino spins, so you can test your luck and take a big risk.   <\/p>\n<p>For \u00e5 delta i denne spennende festen, trenger du bare \u00e5 registrere deg p\u00e5 v\u00e5rt kasino og opprette en account. You will also receive 80 free spins that can be used at your favorite casino. This is a quick way to find out more about the game and find your favorites. I don&#8217;t want to miss out on the fun until you&#8217;ve had a chance to sit down with one of your favorites &#8211; get in touch today and join 80 Casino Spinns Fest!   <\/p>\n<p>Takk for at you leste artikkelen v\u00e5r om 80 Kasino Spinns Fest! We hope you have received some useful information about how you can get into the casino. With these 80 free spiders, you can buy tickets for your favorite slot machine and you can also buy tickets with your favorite store. Don&#8217;t try to take advantage of these fantastic features to play without risking your own pen. Lykke til og ha det g\u00f8y p\u00e5 kasinoet!    <\/p>\n<\/div>\t\t\t\t\t\t<\/div>\n\t\t\t\t<\/div>\n\t\t\t\t\t<\/div>\n\t\t<\/div>\n\t\t\t\t\t<\/div>\n\t\t<\/section>\n\t\t\t\t<\/div>\n\t\t","protected":false},"excerpt":{"rendered":"<p>Contact us Velaskostrasse 6A85622 FeldkirchenGermany service@elemente-clemente.de 80 Casino Spinns Fest &#8211; Kom I Gang Uten Innskudd! Are you clear for \u00e5 spinning hjulene og vinne stort uten \u00e5 sette inn eneste krone? There are 80 Casino Spinns Fest accurate that you have done! This exciting game gives you the opportunity to get in on the [&hellip;]<\/p>\n","protected":false},"author":1,"featured_media":0,"parent":0,"menu_order":20,"comment_status":"closed","ping_status":"closed","template":"","meta":{"_acf_changed":false,"footnotes":""},"class_list":["post-77678","page","type-page","status-publish","hentry"],"acf":[],"_links":{"self":[{"href":"https:\/\/elemente-clemente.de\/en\/wp-json\/wp\/v2\/pages\/77678","targetHints":{"allow":["GET"]}}],"collection":[{"href":"https:\/\/elemente-clemente.de\/en\/wp-json\/wp\/v2\/pages"}],"about":[{"href":"https:\/\/elemente-clemente.de\/en\/wp-json\/wp\/v2\/types\/page"}],"author":[{"embeddable":true,"href":"https:\/\/elemente-clemente.de\/en\/wp-json\/wp\/v2\/users\/1"}],"replies":[{"embeddable":true,"href":"https:\/\/elemente-clemente.de\/en\/wp-json\/wp\/v2\/comments?post=77678"}],"version-history":[{"count":0,"href":"https:\/\/elemente-clemente.de\/en\/wp-json\/wp\/v2\/pages\/77678\/revisions"}],"wp:attachment":[{"href":"https:\/\/elemente-clemente.de\/en\/wp-json\/wp\/v2\/media?parent=77678"}],"curies":[{"name":"wp","href":"https:\/\/api.w.org\/{rel}","templated":true}]}}