{"id":77676,"date":"2021-02-24T21:04:25","date_gmt":"2021-02-24T20:04:25","guid":{"rendered":"https:\/\/elemente-clemente.de\/fairs\/"},"modified":"2025-07-02T15:19:48","modified_gmt":"2025-07-02T13:19:48","slug":"fairs","status":"publish","type":"page","link":"https:\/\/elemente-clemente.de\/en\/fairs\/","title":{"rendered":"Fairs"},"content":{"rendered":"\t\t<div data-elementor-type=\"wp-page\" data-elementor-id=\"77676\" class=\"elementor elementor-77676 elementor-1390\" data-elementor-post-type=\"page\">\n\t\t\t\t\t\t<section class=\"elementor-section elementor-top-section elementor-element elementor-element-b958387 elementor-section-full_width elementor-section-height-default elementor-section-height-default\" data-id=\"b958387\" data-element_type=\"section\">\n\t\t\t\t\t\t<div class=\"elementor-container elementor-column-gap-default\">\n\t\t\t\t\t<div data-dce-background-image-url=\"https:\/\/elemente-clemente.de\/wp-content\/uploads\/2022\/01\/bgmessen.jpg\" class=\"elementor-column elementor-col-100 elementor-top-column elementor-element elementor-element-2277840\" data-id=\"2277840\" data-element_type=\"column\" data-settings=\"{&quot;background_background&quot;:&quot;classic&quot;}\">\n\t\t\t<div class=\"elementor-widget-wrap elementor-element-populated\">\n\t\t\t\t\t\t\t<\/div>\n\t\t<\/div>\n\t\t\t\t\t<\/div>\n\t\t<\/section>\n\t\t\t\t<section class=\"elementor-section elementor-top-section elementor-element elementor-element-a1cdc65 elementor-section-boxed elementor-section-height-default elementor-section-height-default\" data-id=\"a1cdc65\" data-element_type=\"section\">\n\t\t\t\t\t\t<div class=\"elementor-container elementor-column-gap-default\">\n\t\t\t\t\t<div class=\"elementor-column elementor-col-100 elementor-top-column elementor-element elementor-element-533e87a\" data-id=\"533e87a\" data-element_type=\"column\">\n\t\t\t<div class=\"elementor-widget-wrap elementor-element-populated\">\n\t\t\t\t\t\t<div class=\"elementor-element elementor-element-241e25a elementor-widget elementor-widget-heading\" data-id=\"241e25a\" data-element_type=\"widget\" data-widget_type=\"heading.default\">\n\t\t\t\t<div class=\"elementor-widget-container\">\n\t\t\t<h2 class=\"elementor-heading-title elementor-size-default\">Fairs<\/h2>\t\t<\/div>\n\t\t\t\t<\/div>\n\t\t\t\t\t<\/div>\n\t\t<\/div>\n\t\t\t\t\t<\/div>\n\t\t<\/section>\n\t\t\t\t<section class=\"elementor-section elementor-top-section elementor-element elementor-element-c9cc52f elementor-section-boxed elementor-section-height-default elementor-section-height-default\" data-id=\"c9cc52f\" data-element_type=\"section\">\n\t\t\t\t\t\t<div class=\"elementor-container elementor-column-gap-default\">\n\t\t\t\t\t<div class=\"elementor-column elementor-col-100 elementor-top-column elementor-element elementor-element-7a2968c\" data-id=\"7a2968c\" data-element_type=\"column\">\n\t\t\t<div class=\"elementor-widget-wrap elementor-element-populated\">\n\t\t\t\t\t\t<div class=\"elementor-element elementor-element-09bfcda elementor-tabs-view-horizontal elementor-widget elementor-widget-tp-tabs-tours\" data-id=\"09bfcda\" data-element_type=\"widget\" data-widget_type=\"tp-tabs-tours.default\">\n\t\t\t\t<div class=\"elementor-widget-container\">\n\t\t\t<div class=\"theplus-tabs-wrapper  elementor-tabs   swiper-container swiper-free-mode   \" id=\"tabs69dbd04647b4a\" data-tabs-id=\"tabs69dbd04647b4a\"  data-connection=\"\"   data-tab-default=\"0\" data-tab-hover=\"no\"data-swiper-loop ='no'  role=\"tablist\"><div class=\"theplus-tabs-nav-wrapper elementor-tabs-wrapper text-left align-top swiper-wrapper  \"><ul class=\"plus-tabs-nav     swiper-slide swiper-slide-active \"><li class=\"\"><div id=\"elementor-tab-title-1021\" class=\"elementor-tab-title elementor-tab-desktop-title plus-tab-header \" data-tab=\"1\" tabindex=\"1021\" role=\"tab\" aria-controls=\"elementor-tab-content-1021\"><span class=\"tab-icon-wrap\" aria-hidden=\"true\"><i class=\"tab-icon fa fa-plus\"><\/i><\/span><span>DE<\/span><\/div><\/li><li class=\"\"><div id=\"elementor-tab-title-1022\" class=\"elementor-tab-title elementor-tab-desktop-title plus-tab-header \" data-tab=\"2\" tabindex=\"1022\" role=\"tab\" aria-controls=\"elementor-tab-content-1022\"><span class=\"tab-icon-wrap\" aria-hidden=\"true\"><i class=\"tab-icon fa fa-plus\"><\/i><\/span><span>AT<\/span><\/div><\/li><li class=\"\"><div id=\"elementor-tab-title-1023\" class=\"elementor-tab-title elementor-tab-desktop-title plus-tab-header \" data-tab=\"3\" tabindex=\"1023\" role=\"tab\" aria-controls=\"elementor-tab-content-1023\"><span class=\"tab-icon-wrap\" aria-hidden=\"true\"><i class=\"tab-icon fa fa-plus\"><\/i><\/span><span>CH<\/span><\/div><\/li><li class=\"\"><div id=\"elementor-tab-title-1024\" class=\"elementor-tab-title elementor-tab-desktop-title plus-tab-header \" data-tab=\"4\" tabindex=\"1024\" role=\"tab\" aria-controls=\"elementor-tab-content-1024\"><span class=\"tab-icon-wrap\" aria-hidden=\"true\"><i class=\"tab-icon fa fa-plus\"><\/i><\/span><span>FRA<\/span><\/div><\/li><li class=\"\"><div id=\"elementor-tab-title-1025\" class=\"elementor-tab-title elementor-tab-desktop-title plus-tab-header \" data-tab=\"5\" tabindex=\"1025\" role=\"tab\" aria-controls=\"elementor-tab-content-1025\"><span class=\"tab-icon-wrap\" aria-hidden=\"true\"><i class=\"tab-icon fa fa-plus\"><\/i><\/span><span>USA<\/span><\/div><\/li><li class=\"\"><div id=\"elementor-tab-title-1026\" class=\"elementor-tab-title elementor-tab-desktop-title plus-tab-header \" data-tab=\"6\" tabindex=\"1026\" role=\"tab\" aria-controls=\"elementor-tab-content-1026\"><span class=\"tab-icon-wrap\" aria-hidden=\"true\"><i class=\"tab-icon fa fa-plus\"><\/i><\/span><span>SPAIN<\/span><\/div><\/li><li class=\"\"><div id=\"elementor-tab-title-1027\" class=\"elementor-tab-title elementor-tab-desktop-title plus-tab-header \" data-tab=\"7\" tabindex=\"1027\" role=\"tab\" aria-controls=\"elementor-tab-content-1027\"><span class=\"tab-icon-wrap\" aria-hidden=\"true\"><i class=\"tab-icon fa fa-plus\"><\/i><\/span><span>UK<\/span><\/div><\/li><li class=\"\"><div id=\"elementor-tab-title-1028\" class=\"elementor-tab-title elementor-tab-desktop-title plus-tab-header \" data-tab=\"8\" tabindex=\"1028\" role=\"tab\" aria-controls=\"elementor-tab-content-1028\"><span class=\"tab-icon-wrap\" aria-hidden=\"true\"><i class=\"tab-icon fa fa-plus\"><\/i><\/span><span>NL<\/span><\/div><\/li><\/ul><\/div><div class=\"theplus-tabs-content-wrapper  elementor-tabs-content-wrapper\"><div class=\"elementor-tab-title elementor-tab-mobile-title text-left \" tabindex=\"1021\" data-tab=\"1\" role=\"tab\"><span class=\"tab-icon-wrap\" aria-hidden=\"true\"><i class=\"tab-icon fa fa-plus\"><\/i><\/span><span>DE<\/span><\/div><div class=\"elementor-tab-content elementor-clearfix plus-tab-content\" data-tab=\"1\" role=\"tabpanel\"><div class=\"plus-content-editor\">\t\t<div data-elementor-type=\"page\" data-elementor-id=\"1401\" class=\"elementor elementor-1401\" data-elementor-post-type=\"elementor_library\">\n\t\t\t\t\t\t<section class=\"elementor-section elementor-top-section elementor-element elementor-element-ed50d4e elementor-section-boxed elementor-section-height-default elementor-section-height-default\" data-id=\"ed50d4e\" data-element_type=\"section\">\n\t\t\t\t\t\t<div class=\"elementor-container elementor-column-gap-default\">\n\t\t\t\t\t<div class=\"elementor-column elementor-col-100 elementor-top-column elementor-element elementor-element-4248f18\" data-id=\"4248f18\" data-element_type=\"column\">\n\t\t\t<div class=\"elementor-widget-wrap elementor-element-populated\">\n\t\t\t\t\t\t<div class=\"dce-fix-background-loop elementor-element elementor-element-2b99e75 elementor-widget elementor-widget-dce-acf-repeater-v2\" data-id=\"2b99e75\" data-element_type=\"widget\" data-settings=\"{&quot;dce_acf_repeater_format&quot;:&quot;grid&quot;}\" data-widget_type=\"dce-acf-repeater-v2.default\">\n\t\t\t\t<div class=\"elementor-widget-container\">\n\t\t\t<div class=\"dce-acf-repeater\"><div class=\"dce-acf-repeater-grid\"><div class=\"dce-acf-repeater-item\"><h6 class=\"repeater-item elementor-repeater-item-672c8a1\">D\u00fcsseldorf<\/h6><p class=\"repeater-item elementor-repeater-item-5253deb\"><p>salonduesseldorf<\/p>\n<p>Malkasten<\/p>\n<p>Jacobistrasse 6a<\/p>\n<p>40211 D\u00fcsseldorf<\/p>\n<p>&nbsp;<\/p>\n<div id=\"gtx-trans\" style=\"position: absolute; left: 184px; top: 63px;\">\n<div class=\"gtx-trans-icon\"><\/div>\n<\/div>\n<\/p><span class=\"repeater-item elementor-repeater-item-a1f8f98\">22th - 26th January 2026<\/span><\/div><div class=\"dce-acf-repeater-item\"><h6 class=\"repeater-item elementor-repeater-item-672c8a1\">Wallau<\/h6><p class=\"repeater-item elementor-repeater-item-5253deb\"><p class=\"p1\">INNATEX<br \/>\nMessecenter Rhein-Main<br \/>\nAm Hohenstein 14<\/p>\n<p class=\"p1\">65719 Hofheim &#8211; Wallau<\/p>\n<\/p><span class=\"repeater-item elementor-repeater-item-a1f8f98\">17th - 19th January  2026<\/span><\/div><div class=\"dce-acf-repeater-item\"><h6 class=\"repeater-item elementor-repeater-item-672c8a1\">M\u00fcnchen<\/h6><p class=\"repeater-item elementor-repeater-item-5253deb\"><p>Supreme<br \/>\nMTC world of fashion M\u00fcnchen Haus 1<\/p>\n<div class=\"anschrift\">Ingolst\u00e4dter Str. 45-47 \/ Taunusstra\u00dfe 45<\/div>\n<div><\/div>\n<div class=\"anschrift\">80807\u00a0M\u00fcnchen<\/div>\n<\/p><span class=\"repeater-item elementor-repeater-item-a1f8f98\">7th -10th February 2026<\/span><\/div><div class=\"dce-acf-repeater-item\"><h6 class=\"repeater-item elementor-repeater-item-672c8a1\">Hamburg<\/h6><p class=\"repeater-item elementor-repeater-item-5253deb\"><p>Nordstil<\/p>\n<p>Messeplatz 1<\/p>\n<p>20357 Hamburg<\/p>\n<\/p><span class=\"repeater-item elementor-repeater-item-a1f8f98\">10th - 12th January 2026<\/span><\/div><\/div><\/div>\t\t<\/div>\n\t\t\t\t<\/div>\n\t\t\t\t\t<\/div>\n\t\t<\/div>\n\t\t\t\t\t<\/div>\n\t\t<\/section>\n\t\t\t\t<\/div>\n\t\t<\/div><\/div><div class=\"elementor-tab-title elementor-tab-mobile-title text-left \" tabindex=\"1022\" data-tab=\"2\" role=\"tab\"><span class=\"tab-icon-wrap\" aria-hidden=\"true\"><i class=\"tab-icon fa fa-plus\"><\/i><\/span><span>AT<\/span><\/div><div class=\"elementor-tab-content elementor-clearfix plus-tab-content\" data-tab=\"2\" role=\"tabpanel\"><div class=\"plus-content-editor\">\t\t<div data-elementor-type=\"page\" data-elementor-id=\"1434\" class=\"elementor elementor-1434\" data-elementor-post-type=\"elementor_library\">\n\t\t\t\t\t\t<section class=\"elementor-section elementor-top-section elementor-element elementor-element-d0a6a06 elementor-section-boxed elementor-section-height-default elementor-section-height-default\" data-id=\"d0a6a06\" data-element_type=\"section\">\n\t\t\t\t\t\t<div class=\"elementor-container elementor-column-gap-default\">\n\t\t\t\t\t<div class=\"elementor-column elementor-col-100 elementor-top-column elementor-element elementor-element-196f45e\" data-id=\"196f45e\" data-element_type=\"column\">\n\t\t\t<div class=\"elementor-widget-wrap elementor-element-populated\">\n\t\t\t\t\t\t<div class=\"dce-fix-background-loop elementor-element elementor-element-1e85162 elementor-widget elementor-widget-dce-acf-repeater-v2\" data-id=\"1e85162\" data-element_type=\"widget\" data-settings=\"{&quot;dce_acf_repeater_format&quot;:&quot;grid&quot;}\" data-widget_type=\"dce-acf-repeater-v2.default\">\n\t\t\t\t<div class=\"elementor-widget-container\">\n\t\t\t<div class=\"dce-acf-repeater\"><div class=\"dce-acf-repeater-grid\"><\/div><\/div>\t\t<\/div>\n\t\t\t\t<\/div>\n\t\t\t\t\t<\/div>\n\t\t<\/div>\n\t\t\t\t\t<\/div>\n\t\t<\/section>\n\t\t\t\t<\/div>\n\t\t<\/div><\/div><div class=\"elementor-tab-title elementor-tab-mobile-title text-left \" tabindex=\"1023\" data-tab=\"3\" role=\"tab\"><span class=\"tab-icon-wrap\" aria-hidden=\"true\"><i class=\"tab-icon fa fa-plus\"><\/i><\/span><span>CH<\/span><\/div><div class=\"elementor-tab-content elementor-clearfix plus-tab-content\" data-tab=\"3\" role=\"tabpanel\"><div class=\"plus-content-editor\">\t\t<div data-elementor-type=\"page\" data-elementor-id=\"1437\" class=\"elementor elementor-1437\" data-elementor-post-type=\"elementor_library\">\n\t\t\t\t\t\t<section class=\"elementor-section elementor-top-section elementor-element elementor-element-7fbf8f5 elementor-section-boxed elementor-section-height-default elementor-section-height-default\" data-id=\"7fbf8f5\" data-element_type=\"section\">\n\t\t\t\t\t\t<div class=\"elementor-container elementor-column-gap-default\">\n\t\t\t\t\t<div class=\"elementor-column elementor-col-100 elementor-top-column elementor-element elementor-element-ad393a3\" data-id=\"ad393a3\" data-element_type=\"column\">\n\t\t\t<div class=\"elementor-widget-wrap elementor-element-populated\">\n\t\t\t\t\t\t<div class=\"dce-fix-background-loop elementor-element elementor-element-748e094 elementor-widget elementor-widget-dce-acf-repeater-v2\" data-id=\"748e094\" data-element_type=\"widget\" data-settings=\"{&quot;dce_acf_repeater_format&quot;:&quot;grid&quot;}\" data-widget_type=\"dce-acf-repeater-v2.default\">\n\t\t\t\t<div class=\"elementor-widget-container\">\n\t\t\t<div class=\"dce-acf-repeater\"><div class=\"dce-acf-repeater-grid\"><div class=\"dce-acf-repeater-item\"><h6 class=\"repeater-item elementor-repeater-item-672c8a1\">BERN<\/h6><p class=\"repeater-item elementor-repeater-item-5253deb\"><p class=\"p1\">INNATEX\u00a0 Bern<br \/>\nBERNEXPO AG<\/p>\n<p class=\"p1\">Kongresscenter<\/p>\n<p class=\"p1\">Mingerstra\u00dfe<\/p>\n<p class=\"p1\">63000 Bern 22<\/p>\n<\/p><\/div><\/div><\/div>\t\t<\/div>\n\t\t\t\t<\/div>\n\t\t\t\t\t<\/div>\n\t\t<\/div>\n\t\t\t\t\t<\/div>\n\t\t<\/section>\n\t\t\t\t<\/div>\n\t\t<\/div><\/div><div class=\"elementor-tab-title elementor-tab-mobile-title text-left \" tabindex=\"1024\" data-tab=\"4\" role=\"tab\"><span class=\"tab-icon-wrap\" aria-hidden=\"true\"><i class=\"tab-icon fa fa-plus\"><\/i><\/span><span>FRA<\/span><\/div><div class=\"elementor-tab-content elementor-clearfix plus-tab-content\" data-tab=\"4\" role=\"tabpanel\"><div class=\"plus-content-editor\">\t\t<div data-elementor-type=\"page\" data-elementor-id=\"1440\" class=\"elementor elementor-1440\" data-elementor-post-type=\"elementor_library\">\n\t\t\t\t\t\t<section class=\"elementor-section elementor-top-section elementor-element elementor-element-4a133c3 elementor-section-boxed elementor-section-height-default elementor-section-height-default\" data-id=\"4a133c3\" data-element_type=\"section\">\n\t\t\t\t\t\t<div class=\"elementor-container elementor-column-gap-default\">\n\t\t\t\t\t<div class=\"elementor-column elementor-col-100 elementor-top-column elementor-element elementor-element-9589923\" data-id=\"9589923\" data-element_type=\"column\">\n\t\t\t<div class=\"elementor-widget-wrap elementor-element-populated\">\n\t\t\t\t\t\t<div class=\"dce-fix-background-loop elementor-element elementor-element-05061c1 elementor-widget elementor-widget-dce-acf-repeater-v2\" data-id=\"05061c1\" data-element_type=\"widget\" data-settings=\"{&quot;dce_acf_repeater_format&quot;:&quot;grid&quot;}\" data-widget_type=\"dce-acf-repeater-v2.default\">\n\t\t\t\t<div class=\"elementor-widget-container\">\n\t\t\t<div class=\"dce-acf-repeater\"><div class=\"dce-acf-repeater-grid\"><div class=\"dce-acf-repeater-item\"><h6 class=\"repeater-item elementor-repeater-item-672c8a1\">PARIS SHOWROOM <\/h6><p class=\"repeater-item elementor-repeater-item-5253deb\"><p>52 Rue d`Oradour-sur-Glane<\/p>\n<p>75015 Paris<\/p>\n<\/p><span class=\"repeater-item elementor-repeater-item-a1f8f98\">17th January - 19th January 2026<\/span><\/div><\/div><\/div>\t\t<\/div>\n\t\t\t\t<\/div>\n\t\t\t\t\t<\/div>\n\t\t<\/div>\n\t\t\t\t\t<\/div>\n\t\t<\/section>\n\t\t\t\t<\/div>\n\t\t<\/div><\/div><div class=\"elementor-tab-title elementor-tab-mobile-title text-left \" tabindex=\"1025\" data-tab=\"5\" role=\"tab\"><span class=\"tab-icon-wrap\" aria-hidden=\"true\"><i class=\"tab-icon fa fa-plus\"><\/i><\/span><span>USA<\/span><\/div><div class=\"elementor-tab-content elementor-clearfix plus-tab-content\" data-tab=\"5\" role=\"tabpanel\"><div class=\"plus-content-editor\">\t\t<div data-elementor-type=\"page\" data-elementor-id=\"1446\" class=\"elementor elementor-1446\" data-elementor-post-type=\"elementor_library\">\n\t\t\t\t\t\t<section class=\"elementor-section elementor-top-section elementor-element elementor-element-314317e elementor-section-boxed elementor-section-height-default elementor-section-height-default\" data-id=\"314317e\" data-element_type=\"section\">\n\t\t\t\t\t\t<div class=\"elementor-container elementor-column-gap-default\">\n\t\t\t\t\t<div class=\"elementor-column elementor-col-100 elementor-top-column elementor-element elementor-element-8bfd75a\" data-id=\"8bfd75a\" data-element_type=\"column\">\n\t\t\t<div class=\"elementor-widget-wrap elementor-element-populated\">\n\t\t\t\t\t\t<div class=\"dce-fix-background-loop elementor-element elementor-element-390bab1 elementor-widget elementor-widget-dce-acf-repeater-v2\" data-id=\"390bab1\" data-element_type=\"widget\" data-settings=\"{&quot;dce_acf_repeater_format&quot;:&quot;grid&quot;}\" data-widget_type=\"dce-acf-repeater-v2.default\">\n\t\t\t\t<div class=\"elementor-widget-container\">\n\t\t\t<div class=\"dce-acf-repeater\"><div class=\"dce-acf-repeater-grid\"><div class=\"dce-acf-repeater-item\"><h6 class=\"repeater-item elementor-repeater-item-672c8a1\">New York City<\/h6><p class=\"repeater-item elementor-repeater-item-5253deb\"><p>The SHWRM<br \/>\nHudson Mercantile<br \/>\n500 W 36st N.Y. 10018<\/p>\n<div id=\"gtx-trans\" style=\"position: absolute; left: 153px; top: 86px;\">\n<div class=\"gtx-trans-icon\"><\/div>\n<\/div>\n<\/p><\/div><\/div><\/div>\t\t<\/div>\n\t\t\t\t<\/div>\n\t\t\t\t\t<\/div>\n\t\t<\/div>\n\t\t\t\t\t<\/div>\n\t\t<\/section>\n\t\t\t\t<\/div>\n\t\t<\/div><\/div><div class=\"elementor-tab-title elementor-tab-mobile-title text-left \" tabindex=\"1026\" data-tab=\"6\" role=\"tab\"><span class=\"tab-icon-wrap\" aria-hidden=\"true\"><i class=\"tab-icon fa fa-plus\"><\/i><\/span><span>SPAIN<\/span><\/div><div class=\"elementor-tab-content elementor-clearfix plus-tab-content\" data-tab=\"6\" role=\"tabpanel\"><div class=\"plus-content-editor\">\t\t<div data-elementor-type=\"section\" data-elementor-id=\"22989\" class=\"elementor elementor-22989\" data-elementor-post-type=\"elementor_library\">\n\t\t\t\t\t<section class=\"elementor-section elementor-top-section elementor-element elementor-element-89048e5 elementor-section-boxed elementor-section-height-default elementor-section-height-default\" data-id=\"89048e5\" data-element_type=\"section\">\n\t\t\t\t\t\t<div class=\"elementor-container elementor-column-gap-default\">\n\t\t\t\t\t<div class=\"elementor-column elementor-col-100 elementor-top-column elementor-element elementor-element-8d9b460\" data-id=\"8d9b460\" data-element_type=\"column\">\n\t\t\t<div class=\"elementor-widget-wrap elementor-element-populated\">\n\t\t\t\t\t\t<div class=\"dce-fix-background-loop elementor-element elementor-element-ccaf4ef elementor-widget elementor-widget-dce-acf-repeater-v2\" data-id=\"ccaf4ef\" data-element_type=\"widget\" data-settings=\"{&quot;dce_acf_repeater_format&quot;:&quot;grid&quot;}\" data-widget_type=\"dce-acf-repeater-v2.default\">\n\t\t\t\t<div class=\"elementor-widget-container\">\n\t\t\t<div class=\"dce-acf-repeater\"><div class=\"dce-acf-repeater-grid\"><div class=\"dce-acf-repeater-item\"><h6 class=\"repeater-item elementor-repeater-item-672c8a1\">Madrid<\/h6><p class=\"repeater-item elementor-repeater-item-5253deb\"><p>MOMAD<\/p>\n<\/p><\/div><\/div><\/div>\t\t<\/div>\n\t\t\t\t<\/div>\n\t\t\t\t\t<\/div>\n\t\t<\/div>\n\t\t\t\t\t<\/div>\n\t\t<\/section>\n\t\t\t\t<\/div>\n\t\t<\/div><\/div><div class=\"elementor-tab-title elementor-tab-mobile-title text-left \" tabindex=\"1027\" data-tab=\"7\" role=\"tab\"><span class=\"tab-icon-wrap\" aria-hidden=\"true\"><i class=\"tab-icon fa fa-plus\"><\/i><\/span><span>UK<\/span><\/div><div class=\"elementor-tab-content elementor-clearfix plus-tab-content\" data-tab=\"7\" role=\"tabpanel\"><div class=\"plus-content-editor\">\t\t<div data-elementor-type=\"page\" data-elementor-id=\"1443\" class=\"elementor elementor-1443\" data-elementor-post-type=\"elementor_library\">\n\t\t\t\t\t\t<section class=\"elementor-section elementor-top-section elementor-element elementor-element-1f004fc elementor-section-boxed elementor-section-height-default elementor-section-height-default\" data-id=\"1f004fc\" data-element_type=\"section\">\n\t\t\t\t\t\t<div class=\"elementor-container elementor-column-gap-default\">\n\t\t\t\t\t<div class=\"elementor-column elementor-col-100 elementor-top-column elementor-element elementor-element-cd3a1e5\" data-id=\"cd3a1e5\" data-element_type=\"column\">\n\t\t\t<div class=\"elementor-widget-wrap elementor-element-populated\">\n\t\t\t\t\t\t<div class=\"dce-fix-background-loop elementor-element elementor-element-e3e446a elementor-widget elementor-widget-dce-acf-repeater-v2\" data-id=\"e3e446a\" data-element_type=\"widget\" data-settings=\"{&quot;dce_acf_repeater_format&quot;:&quot;grid&quot;}\" data-widget_type=\"dce-acf-repeater-v2.default\">\n\t\t\t\t<div class=\"elementor-widget-container\">\n\t\t\t<div class=\"dce-acf-repeater\"><div class=\"dce-acf-repeater-grid\"><div class=\"dce-acf-repeater-item\"><h6 class=\"repeater-item elementor-repeater-item-672c8a1\">LONDON<\/h6><p class=\"repeater-item elementor-repeater-item-5253deb\"><p>Showroom London Hammersmith<\/p>\n<p>26-28 Hamersmith Grove<\/p>\n<p>4th Floor<\/p>\n<p>London W6\u00a0 7HA<\/p>\n<p>phone: +49 1728197007<\/p>\n<p>e-mail: ariane-kaiser@outlook.com<\/p>\n<p>&nbsp;<\/p>\n<\/p><span class=\"repeater-item elementor-repeater-item-a1f8f98\">26th January - 13th February<\/span><\/div><\/div><\/div>\t\t<\/div>\n\t\t\t\t<\/div>\n\t\t\t\t\t<\/div>\n\t\t<\/div>\n\t\t\t\t\t<\/div>\n\t\t<\/section>\n\t\t\t\t<\/div>\n\t\t<\/div><\/div><div class=\"elementor-tab-title elementor-tab-mobile-title text-left \" tabindex=\"1028\" data-tab=\"8\" role=\"tab\"><span class=\"tab-icon-wrap\" aria-hidden=\"true\"><i class=\"tab-icon fa fa-plus\"><\/i><\/span><span>NL<\/span><\/div><div class=\"elementor-tab-content elementor-clearfix plus-tab-content\" data-tab=\"8\" role=\"tabpanel\"><div class=\"plus-content-editor\">\t\t<div data-elementor-type=\"single-page\" data-elementor-id=\"33280\" class=\"elementor elementor-33280\" data-elementor-post-type=\"elementor_library\">\n\t\t\t\t\t<section class=\"elementor-section elementor-top-section elementor-element elementor-element-2abf64b elementor-section-boxed elementor-section-height-default elementor-section-height-default\" data-id=\"2abf64b\" data-element_type=\"section\">\n\t\t\t\t\t\t<div class=\"elementor-container elementor-column-gap-default\">\n\t\t\t\t\t<div class=\"elementor-column elementor-col-100 elementor-top-column elementor-element elementor-element-76b8554\" data-id=\"76b8554\" data-element_type=\"column\">\n\t\t\t<div class=\"elementor-widget-wrap elementor-element-populated\">\n\t\t\t\t\t\t<div class=\"dce-fix-background-loop elementor-element elementor-element-50b95c1 elementor-widget elementor-widget-dce-acf-repeater-v2\" data-id=\"50b95c1\" data-element_type=\"widget\" data-settings=\"{&quot;dce_acf_repeater_format&quot;:&quot;grid&quot;}\" data-widget_type=\"dce-acf-repeater-v2.default\">\n\t\t\t\t<div class=\"elementor-widget-container\">\n\t\t\t<div class=\"dce-acf-repeater\"><div class=\"dce-acf-repeater-grid\"><\/div><\/div>\t\t<\/div>\n\t\t\t\t<\/div>\n\t\t\t\t\t<\/div>\n\t\t<\/div>\n\t\t\t\t\t<\/div>\n\t\t<\/section>\n\t\t\t\t<\/div>\n\t\t<\/div><\/div><\/div><\/div>\t\t<\/div>\n\t\t\t\t<\/div>\n\t\t\t\t\t<\/div>\n\t\t<\/div>\n\t\t\t\t\t<\/div>\n\t\t<\/section>\n\t\t\t\t<\/div>\n\t\t","protected":false},"excerpt":{"rendered":"<p>Fairs DE AT CH FRA USA SPAIN UK NL DE D\u00fcsseldorf Two Days &nbsp; 19th &#8211; 21st July 2025 Wallau INNATEX Messecenter Rhein-Main Robert-Bosch-Stra\u00dfe 5-7 65719 Hofheim am Taunus 19th &#8211; 21th July 2025 M\u00fcnchen Supreme MTC world of fashion M\u00fcnchen Ingolst\u00e4dter Str. 45+47 \/ Taunusstra\u00dfe 45 80807\u00a0M\u00fcnchen 2nd -5th August 2025 AT CH BERN [&hellip;]<\/p>\n","protected":false},"author":1,"featured_media":0,"parent":0,"menu_order":25,"comment_status":"closed","ping_status":"closed","template":"","meta":{"_acf_changed":false,"footnotes":""},"class_list":["post-77676","page","type-page","status-publish","hentry"],"acf":[],"_links":{"self":[{"href":"https:\/\/elemente-clemente.de\/en\/wp-json\/wp\/v2\/pages\/77676","targetHints":{"allow":["GET"]}}],"collection":[{"href":"https:\/\/elemente-clemente.de\/en\/wp-json\/wp\/v2\/pages"}],"about":[{"href":"https:\/\/elemente-clemente.de\/en\/wp-json\/wp\/v2\/types\/page"}],"author":[{"embeddable":true,"href":"https:\/\/elemente-clemente.de\/en\/wp-json\/wp\/v2\/users\/1"}],"replies":[{"embeddable":true,"href":"https:\/\/elemente-clemente.de\/en\/wp-json\/wp\/v2\/comments?post=77676"}],"version-history":[{"count":0,"href":"https:\/\/elemente-clemente.de\/en\/wp-json\/wp\/v2\/pages\/77676\/revisions"}],"wp:attachment":[{"href":"https:\/\/elemente-clemente.de\/en\/wp-json\/wp\/v2\/media?parent=77676"}],"curies":[{"name":"wp","href":"https:\/\/api.w.org\/{rel}","templated":true}]}}